{"id":4805,"date":"2011-05-07T19:21:52","date_gmt":"2011-05-07T17:21:52","guid":{"rendered":"http:\/\/www.bkwine.gobigtree.com\/?page_id=4805"},"modified":"2013-06-22T11:51:52","modified_gmt":"2013-06-22T09:51:52","slug":"jack-jakobsson","status":"publish","type":"page","link":"https:\/\/www.bkwine.com\/sv\/om\/bkwine-magazine\/skribenter\/jack-jakobsson\/","title":{"rendered":"Jack Jakobsson"},"content":{"rendered":"<figure id=\"attachment_4653\" aria-describedby=\"caption-attachment-4653\" style=\"width: 130px\" class=\"wp-caption alignright\"><img decoding=\"async\" class=\"size-full wp-image-4653\" title=\"Jack Jakobsson\" alt=\"Jack Jakobsson\" src=\"https:\/\/www.bkwine.com\/wp-content\/uploads\/2011\/05\/jack-jakobsson1.jpg\" width=\"130\" height=\"118\" \/><figcaption id=\"caption-attachment-4653\" class=\"wp-caption-text\">Jack Jakobsson, foto: Anders K\u00e4llberg<\/figcaption><\/figure>\n<p>Jack Jakobsson \u00e4r v\u00e5r uts\u00e4nde reporter i Stockholm. Han har det h\u00e5rda jobbet att prova alla de viner som Systembolaget sl\u00e4pper ut (n\u00e4stan) varje m\u00e5nad. Jack har varit inblandad i (och nu \u00e4r han ansvarig f\u00f6r) en av Sveriges mest hemlighetsfulla vinklubbar, kallad <a title=\"Vinklubben AuZone\" href=\"https:\/\/www.auzone.org\/\" target=\"_blank\">AuZone<\/a>, eller f\u00f6rkortat Zonen (om ni k\u00e4nner till Andrei Tarkovsky s\u00e5 f\u00f6rst\u00e5r ni). De har haft mer \u00e4n 1000 vinprovningar sedan den grundades tidigt 1980-tal.<\/p>\n<blockquote><p><strong>Britt &amp; Per om Jack: Det f\u00f6rv\u00e5nar oss att Jack inte har bett om hardship-till\u00e4gg eftersom han provar alla viner som lanseras p\u00e5 Systembolaget. Mer \u00e4n 50% av allt vin som s\u00e4ljs i Sverige \u00e4r ju BIB-vin. Jack provar de 100-200 viner som sl\u00e4pps varje m\u00e5nad. Vi vet inte riktigt om vi ska vara avundsjuka eller tycka synd om honom.<\/strong><\/p><\/blockquote>\n<p>H\u00e4r \u00e4r alla Jacks artiklar:<\/p>\n<ul>\n<li><a title=\"Jack Jakobssons artiklar pa svenska\" href=\"https:\/\/www.bkwine.com\/sv\/author\/jackjakobsson\/\">Alla Jack Jakobssons artiklar p\u00e5 svenska<\/a><\/li>\n<li><a title=\"Asa Johansson's articles\" href=\"https:\/\/www.bkwine.com\/author\/asajohansson\/\">Alla Jack Jakobssons artiklar p\u00e5 engelska<\/a><\/li>\n<\/ul>\n<p>(En del artiklar finns bara p\u00e5 ett av spr\u00e5ken s\u00e5 titta p\u00e5 b\u00e5da!)<\/p>\n","protected":false},"excerpt":{"rendered":"<p>Jack Jakobsson \u00e4r v\u00e5r uts\u00e4nde reporter i Stockholm. Han har det h\u00e5rda jobbet att prova alla de viner som Systembolaget sl\u00e4pper ut (n\u00e4stan) varje m\u00e5nad. Jack har varit inblandad i (och nu \u00e4r han ansvarig f\u00f6r) en av Sveriges mest hemlighetsfulla vinklubbar, kallad AuZone, eller f\u00f6rkortat Zonen (om ni k\u00e4nner till Andrei Tarkovsky s\u00e5 f\u00f6rst\u00e5r [&hellip;]<\/p>\n","protected":false},"author":3,"featured_media":0,"parent":4198,"menu_order":7,"comment_status":"open","ping_status":"open","template":"","meta":{"footnotes":""},"class_list":["post-4805","page","type-page","status-publish","hentry"],"_links":{"self":[{"href":"https:\/\/www.bkwine.com\/sv\/wp-json\/wp\/v2\/pages\/4805","targetHints":{"allow":["GET"]}}],"collection":[{"href":"https:\/\/www.bkwine.com\/sv\/wp-json\/wp\/v2\/pages"}],"about":[{"href":"https:\/\/www.bkwine.com\/sv\/wp-json\/wp\/v2\/types\/page"}],"author":[{"embeddable":true,"href":"https:\/\/www.bkwine.com\/sv\/wp-json\/wp\/v2\/users\/3"}],"replies":[{"embeddable":true,"href":"https:\/\/www.bkwine.com\/sv\/wp-json\/wp\/v2\/comments?post=4805"}],"version-history":[{"count":0,"href":"https:\/\/www.bkwine.com\/sv\/wp-json\/wp\/v2\/pages\/4805\/revisions"}],"up":[{"embeddable":true,"href":"https:\/\/www.bkwine.com\/sv\/wp-json\/wp\/v2\/pages\/4198"}],"wp:attachment":[{"href":"https:\/\/www.bkwine.com\/sv\/wp-json\/wp\/v2\/media?parent=4805"}],"curies":[{"name":"wp","href":"https:\/\/api.w.org\/{rel}","templated":true}]}}