{"id":4233,"date":"2011-05-02T17:55:08","date_gmt":"2011-05-02T15:55:08","guid":{"rendered":"http:\/\/www.bkwine.gobigtree.com\/?page_id=4233"},"modified":"2025-05-02T15:08:46","modified_gmt":"2025-05-02T13:08:46","slug":"kontakt","status":"publish","type":"page","link":"https:\/\/www.bkwine.com\/sv\/kontakt\/","title":{"rendered":"Kontakt"},"content":{"rendered":"\t\t<div data-elementor-type=\"wp-page\" data-elementor-id=\"4233\" class=\"elementor elementor-4233 elementor-7\" data-elementor-post-type=\"page\">\n\t\t\t\t\t\t<section class=\"elementor-section elementor-top-section elementor-element elementor-element-1c7e58d3 elementor-section-boxed elementor-section-height-default elementor-section-height-default\" data-id=\"1c7e58d3\" data-element_type=\"section\" data-e-type=\"section\">\n\t\t\t\t\t\t<div class=\"elementor-container elementor-column-gap-default\">\n\t\t\t\t\t<div class=\"elementor-column elementor-col-100 elementor-top-column elementor-element elementor-element-76fb7e7f\" data-id=\"76fb7e7f\" data-element_type=\"column\" data-e-type=\"column\">\n\t\t\t<div class=\"elementor-widget-wrap elementor-element-populated\">\n\t\t\t\t\t\t<div class=\"elementor-element elementor-element-2760e36d elementor-widget elementor-widget-text-editor\" data-id=\"2760e36d\" data-element_type=\"widget\" data-e-type=\"widget\" data-widget_type=\"text-editor.default\">\n\t\t\t\t<div class=\"elementor-widget-container\">\n\t\t\t\t\t\t\t\t\t<h1>Kontakta BKWine AB<\/h1><p>BKWine AB \u00e4r ett svenskt aktiebolag. S\u00e5 h\u00e4r kan du kontakta oss.<\/p><h2>Email<\/h2><p>info@bkwine.com<\/p><p>Eller anv\u00e4nd emailformul\u00e4ret nedan.<\/p><h2>Postadress<\/h2><p>BKWine AB<br \/>51 rue du Chevalier de la Barre<br \/>F-92130 Issy les Moulineaux<br \/>Frankrike<\/p><p><a title=\"Ang\u00e5ende varuprover\" href=\"https:\/\/www.bkwine.com\/sv\/om\/varuprover\/\">Ang\u00e5ende varuprover<\/a>.<\/p><h2>Internet<\/h2><ul><li>Vinresor p\u00e5 svenska: <a title=\"Vinresor med BKWine \u2013 v\u00e4rldens b\u00e4sta vinresor!\" href=\"..\/\" target=\"_blank\" rel=\"noopener\">https:\/\/www.bkwinevinresor.com<\/a><\/li><li>Vinresor p\u00e5 engelska: <a title=\"Wine Tours with BKWine\" href=\"https:\/\/www.bkwinetours.com\/about\/newsletter\/\">https:\/\/www.bkwinetours.com<\/a><\/li><li>BKWine Magazine, artiklar mm: <a title=\"BKWine writes on wine\" href=\"https:\/\/www.bkwine.com\" target=\"_blank\" rel=\"noopener\">https:\/\/www.bkwine.com<\/a><\/li><li>Fotografi: <a title=\"Wine, travel and food photography from BKWine\" href=\"https:\/\/www.bkwinephotography.com\" target=\"_blank\" rel=\"noopener\">https:\/\/www.bkwinephotography.com<\/a><\/li><\/ul><h2>Telefon<\/h2><ul><li>Britt Karlsson: 0033-6 80 45 35 70<\/li><li>Per Karlsson: 0033-6 83 51 12 53<\/li><\/ul>\t\t\t\t\t\t\t\t<\/div>\n\t\t\t\t<\/div>\n\t\t\t\t<div class=\"elementor-element elementor-element-4902669 elementor-widget elementor-widget-text-editor\" data-id=\"4902669\" data-element_type=\"widget\" data-e-type=\"widget\" data-widget_type=\"text-editor.default\">\n\t\t\t\t<div class=\"elementor-widget-container\">\n\t\t\t\t\t\t\t\t\t<h2>Kontaktformul\u00e4r<\/h2><p>Alla f\u00e4lt m\u00e5ste fyllas i.<\/p><p>Var noga med att kontrollera att du stavat r\u00e4tt till din emailadress.<\/p>\t\t\t\t\t\t\t\t<\/div>\n\t\t\t\t<\/div>\n\t\t\t\t<div class=\"elementor-element elementor-element-ce7b121 elementor-button-align-stretch elementor-widget elementor-widget-form\" data-id=\"ce7b121\" data-element_type=\"widget\" data-e-type=\"widget\" data-settings=\"{&quot;step_next_label&quot;:&quot;Next&quot;,&quot;step_previous_label&quot;:&quot;Previous&quot;,&quot;button_width&quot;:&quot;100&quot;,&quot;step_type&quot;:&quot;number_text&quot;,&quot;step_icon_shape&quot;:&quot;circle&quot;}\" data-widget_type=\"form.default\">\n\t\t\t\t<div class=\"elementor-widget-container\">\n\t\t\t\t\t\t\t<form class=\"elementor-form\" method=\"post\" name=\"Kontaktsidans fomular\" aria-label=\"Kontaktsidans fomular\">\n\t\t\t<input type=\"hidden\" name=\"post_id\" value=\"4233\"\/>\n\t\t\t<input type=\"hidden\" name=\"form_id\" value=\"ce7b121\"\/>\n\t\t\t<input type=\"hidden\" name=\"referer_title\" value=\"BKWine Magazine\" \/>\n\n\t\t\t\n\t\t\t<div class=\"elementor-form-fields-wrapper elementor-labels-above\">\n\t\t\t\t\t\t\t\t<div class=\"elementor-field-type-text elementor-field-group elementor-column elementor-field-group-namn elementor-col-100 elementor-field-required elementor-mark-required\">\n\t\t\t\t\t\t\t\t\t\t\t\t<label for=\"form-field-namn\" class=\"elementor-field-label\">\n\t\t\t\t\t\t\t\tNamn\t\t\t\t\t\t\t<\/label>\n\t\t\t\t\t\t\t\t\t\t\t\t\t\t<input size=\"1\" type=\"text\" name=\"form_fields[namn]\" id=\"form-field-namn\" class=\"elementor-field elementor-size-sm  elementor-field-textual\" placeholder=\"Namn\" required=\"required\">\n\t\t\t\t\t\t\t\t\t\t\t<\/div>\n\t\t\t\t\t\t\t\t<div class=\"elementor-field-type-email elementor-field-group elementor-column elementor-field-group-emailadress elementor-col-100 elementor-field-required elementor-mark-required\">\n\t\t\t\t\t\t\t\t\t\t\t\t<label for=\"form-field-emailadress\" class=\"elementor-field-label\">\n\t\t\t\t\t\t\t\tEmailadress\t\t\t\t\t\t\t<\/label>\n\t\t\t\t\t\t\t\t\t\t\t\t\t\t<input size=\"1\" type=\"email\" name=\"form_fields[emailadress]\" id=\"form-field-emailadress\" class=\"elementor-field elementor-size-sm  elementor-field-textual\" placeholder=\"Emailadress - kontrollera stavningen!\" required=\"required\">\n\t\t\t\t\t\t\t\t\t\t\t<\/div>\n\t\t\t\t\t\t\t\t<div class=\"elementor-field-type-text elementor-field-group elementor-column elementor-field-group-amne elementor-col-100 elementor-field-required elementor-mark-required\">\n\t\t\t\t\t\t\t\t\t\t\t\t<label for=\"form-field-amne\" class=\"elementor-field-label\">\n\t\t\t\t\t\t\t\t\u00c4mne\t\t\t\t\t\t\t<\/label>\n\t\t\t\t\t\t\t\t\t\t\t\t\t\t<input size=\"1\" type=\"text\" name=\"form_fields[amne]\" id=\"form-field-amne\" class=\"elementor-field elementor-size-sm  elementor-field-textual\" placeholder=\"\u00c4mne\" required=\"required\">\n\t\t\t\t\t\t\t\t\t\t\t<\/div>\n\t\t\t\t\t\t\t\t<div class=\"elementor-field-type-textarea elementor-field-group elementor-column elementor-field-group-meddelandetext elementor-col-100 elementor-field-required elementor-mark-required\">\n\t\t\t\t\t\t\t\t\t\t\t\t<label for=\"form-field-meddelandetext\" class=\"elementor-field-label\">\n\t\t\t\t\t\t\t\tMeddelandetext\t\t\t\t\t\t\t<\/label>\n\t\t\t\t\t\t<textarea class=\"elementor-field-textual elementor-field  elementor-size-sm\" name=\"form_fields[meddelandetext]\" id=\"form-field-meddelandetext\" rows=\"4\" placeholder=\"Meddelandetext\" required=\"required\"><\/textarea>\t\t\t\t<\/div>\n\t\t\t\t\t\t\t\t<div class=\"elementor-field-type-recaptcha_v3 elementor-field-group elementor-column elementor-field-group-field_209f5a6 elementor-col-100 recaptcha_v3-inline\">\n\t\t\t\t\t<div class=\"elementor-field\" id=\"form-field-field_209f5a6\"><div class=\"elementor-g-recaptcha\" data-sitekey=\"6LfRwLsZAAAAAJUVqyLsWsqKIz-tpaj-Wh3IKV02\" data-type=\"v3\" data-action=\"Form\" data-badge=\"inline\" data-size=\"invisible\"><\/div><\/div>\t\t\t\t<\/div>\n\t\t\t\t\t\t\t\t<div class=\"elementor-field-group elementor-column elementor-field-type-submit elementor-col-100 e-form__buttons\">\n\t\t\t\t\t<button class=\"elementor-button elementor-size-sm\" type=\"submit\">\n\t\t\t\t\t\t<span class=\"elementor-button-content-wrapper\">\n\t\t\t\t\t\t\t\t\t\t\t\t\t\t\t\t\t\t\t\t\t\t<span class=\"elementor-button-text\">Skicka meddelandet<\/span>\n\t\t\t\t\t\t\t\t\t\t\t\t\t<\/span>\n\t\t\t\t\t<\/button>\n\t\t\t\t<\/div>\n\t\t\t<\/div>\n\t\t<\/form>\n\t\t\t\t\t\t<\/div>\n\t\t\t\t<\/div>\n\t\t\t\t<div class=\"elementor-element elementor-element-2738d36 elementor-widget elementor-widget-text-editor\" data-id=\"2738d36\" data-element_type=\"widget\" data-e-type=\"widget\" data-widget_type=\"text-editor.default\">\n\t\t\t\t<div class=\"elementor-widget-container\">\n\t\t\t\t\t\t\t\t\t<p><strong>Viktigt:<\/strong> Vi skickar dig automatiskt en kopia p\u00e5 detta mail. <u>Om du inte har f\u00e5tt denna mailkopia<\/u> inom n\u00e5gra minuter s\u00e5 har nog n\u00e5got g\u00e5tt fel! 1) Kontrollera din spamfloder, 2) f\u00f6rs\u00f6k att skicka en g\u00e5ng till, du kanske stavade fel p\u00e5 din mailadress. Eller skicka oss ett vanligt mail till v\u00e5r mailadress som du hittar h\u00e4r ovan. I de flesta fall s\u00e5 svarar vi p\u00e5 ditt mail inom en dag.<\/p>\t\t\t\t\t\t\t\t<\/div>\n\t\t\t\t<\/div>\n\t\t\t\t\t<\/div>\n\t\t<\/div>\n\t\t\t\t\t<\/div>\n\t\t<\/section>\n\t\t\t\t<\/div>\n\t\t","protected":false},"excerpt":{"rendered":"<p>Kontakta BKWine AB BKWine AB \u00e4r ett svenskt aktiebolag. S\u00e5 h\u00e4r kan du kontakta oss. Email info@bkwine.com Eller anv\u00e4nd emailformul\u00e4ret nedan. Postadress BKWine AB51 rue du Chevalier de la BarreF-92130 Issy les MoulineauxFrankrike Ang\u00e5ende varuprover. Internet Vinresor p\u00e5 svenska: https:\/\/www.bkwinevinresor.com Vinresor p\u00e5 engelska: https:\/\/www.bkwinetours.com BKWine Magazine, artiklar mm: https:\/\/www.bkwine.com Fotografi: https:\/\/www.bkwinephotography.com Telefon Britt Karlsson: 0033-6 [&hellip;]<\/p>\n","protected":false},"author":3,"featured_media":0,"parent":0,"menu_order":10,"comment_status":"closed","ping_status":"closed","template":"","meta":{"footnotes":""},"class_list":["post-4233","page","type-page","status-publish","hentry"],"_links":{"self":[{"href":"https:\/\/www.bkwine.com\/sv\/wp-json\/wp\/v2\/pages\/4233","targetHints":{"allow":["GET"]}}],"collection":[{"href":"https:\/\/www.bkwine.com\/sv\/wp-json\/wp\/v2\/pages"}],"about":[{"href":"https:\/\/www.bkwine.com\/sv\/wp-json\/wp\/v2\/types\/page"}],"author":[{"embeddable":true,"href":"https:\/\/www.bkwine.com\/sv\/wp-json\/wp\/v2\/users\/3"}],"replies":[{"embeddable":true,"href":"https:\/\/www.bkwine.com\/sv\/wp-json\/wp\/v2\/comments?post=4233"}],"version-history":[{"count":0,"href":"https:\/\/www.bkwine.com\/sv\/wp-json\/wp\/v2\/pages\/4233\/revisions"}],"wp:attachment":[{"href":"https:\/\/www.bkwine.com\/sv\/wp-json\/wp\/v2\/media?parent=4233"}],"curies":[{"name":"wp","href":"https:\/\/api.w.org\/{rel}","templated":true}]}}