{"id":4221,"date":"2011-05-02T17:48:31","date_gmt":"2011-05-02T15:48:31","guid":{"rendered":"http:\/\/www.bkwine.gobigtree.com\/?page_id=4221"},"modified":"2011-05-07T18:10:03","modified_gmt":"2011-05-07T16:10:03","slug":"vinresor-matresor","status":"publish","type":"page","link":"https:\/\/www.bkwine.com\/sv\/vi-gor\/vinresor-matresor\/","title":{"rendered":"Vinresor, matresor"},"content":{"rendered":"<h2>Vinresor, matresor, gourmetresor &#8211; runt om i v\u00e4rlden<\/h2>\n<figure id=\"attachment_4428\" aria-describedby=\"caption-attachment-4428\" style=\"width: 300px\" class=\"wp-caption alignright\"><a href=\"https:\/\/www.bkwine.com\/wp-content\/uploads\/2011\/05\/bkwine-bf17-403-0379.jpg\"><img fetchpriority=\"high\" decoding=\"async\" class=\"size-medium wp-image-4428 \" title=\"Vineyard in the garrigues\" src=\"https:\/\/www.bkwine.com\/wp-content\/uploads\/2011\/05\/bkwine-bf17-403-0379-300x199.jpg\" alt=\"Vineyard in the garrigues\" width=\"300\" height=\"199\" srcset=\"https:\/\/www.bkwine.com\/wp-content\/uploads\/2011\/05\/bkwine-bf17-403-0379-300x199.jpg 300w, https:\/\/www.bkwine.com\/wp-content\/uploads\/2011\/05\/bkwine-bf17-403-0379-400x265.jpg 400w, https:\/\/www.bkwine.com\/wp-content\/uploads\/2011\/05\/bkwine-bf17-403-0379.jpg 600w\" sizes=\"(max-width: 300px) 100vw, 300px\" \/><\/a><figcaption id=\"caption-attachment-4428\" class=\"wp-caption-text\">Vineyard in the garrigues, copyright BKWine Photography<\/figcaption><\/figure>\n<p>BKWine \u00e4r en researrang\u00f6r specialiserad p\u00e5 vinresor, matresor och gastronomiresor. Detta \u00e4r v\u00e5r huvudverksamhet. Vi har sysslat med vinresor i runt tjugo \u00e5r och har rest runt med or\u00e4kneliga personer bland ving\u00e5rdar och vinanl\u00e4ggningar. Varje \u00e5r organiserar vi ungef\u00e4r 30 vinresor, matresor och liknande arrangemang. V\u00e5ra destinationer \u00e4r huvudsakligen Europas vindistrikt men vi bygger hela tiden p\u00e5 med nya, sp\u00e4nnande resedestinationer. Vi har arrangerat vinresor och gourmetresor till Frankrike, Italien, Portugal, Spanien, \u00d6sterrike, Sydafrika, Ungern och Tyskland &#8211; och n\u00e5gra l\u00e4nder till. Varje \u00e5r brukar det dyka upp n\u00e5gon ny destination.<\/p>\n<p>V\u00e5ra resen\u00e4rer \u00e4r b\u00e5de icke-professionella (\u201damat\u00f6rer\u201d i den franska betydelsen av ordet \u2013 n\u00e5gon som \u00e4lskar n\u00e5got, allts\u00e5 vin\u00e4lskare) och professionella i vinbranschen. Resedeltagarna kan vara allt fr\u00e5n den nyfikne vinnovisen som vill bes\u00f6ka en ving\u00e5rd f\u00f6r f\u00f6rsta g\u00e5ngen, till professionella i vinbranschen \u2013 utbildare, import\u00f6rer, sommelierer och andra, som vill komma bakom kulisserna i ving\u00e5rdarna.<br \/>\nVi kan nog utan att \u00f6verdriva s\u00e4ga att vi kan och vet mer om vin \u00e4n n\u00e5gon annan researrang\u00f6r.<\/p>\n<p>Detta \u00e4r inledningen p\u00e5 <a title=\"Vinresor och matresor med BKWine\" href=\"https:\/\/www.bkwinevinresor.com\" target=\"_blank\">BKWineVinresor.com<\/a>:<\/p>\n<blockquote>\n<h2><a title=\"Den perfekta vinresan \u2013 med BKWine\" href=\"https:\/\/www.bkwinevinresor.com\" target=\"_blank\">Den perfekta vinresan \u2013 med BKWine<\/a><\/h2>\n<p>BKWine \u00e4r specialisten p\u00e5 vinresor. Vi organiserar vinresor och matresor till v\u00e4rldens sp\u00e4nnande och vackra vindistrikt. Vi vill dela med oss till dig av v\u00e5r passion f\u00f6r vinupplevelser, enast\u00e5ende viner och underbara m\u00e5ltider. \u00c4r du en vinentusiast som s\u00f6ker en vinupplevelse och en vinresa ut\u00f6ver det vanliga? Ett minne f\u00f6r livet \u2013 eller i alla fall till n\u00e4sta g\u00e5ng? Jobbar du professionellt med vin och vill l\u00e4ra dig mer? Eller \u00e4r du en nykomling i vinets v\u00e4rld men nyfiken p\u00e5 vad som h\u00e4nder i ving\u00e5rden och i vink\u00e4llaren? D\u00e5 har du kommit r\u00e4tt! Till BKWine.<\/p>\n<p>Varje \u00e5r organiserar vi ett trettiotal vinresor och matresor till  v\u00e4rldens mest sp\u00e4nnande vindistrikt. BKWines vinresor har utsetts till  \u201dWorld\u2019s Best Wine Tours\u201d av Travel &amp; Leisure Magazine, v\u00e4rldens  st\u00f6rsta resetidning. V\u00e5ra resor \u00e4r ocks\u00e5 \u201dav Munsk\u00e4nkarna rekommenderade  vinresor\u201d.<\/p>\n<p>L\u00e4s mer <a title=\"Om v\u00e5ra vinresor\" href=\"https:\/\/www.bkwinevinresor.com\/vin-o-matresor\/om-vara-resor\/\">om v\u00e5ra vinresor och v\u00e5r resefilosofi<\/a>, eller ta en titt p\u00e5 <a title=\"v\u00e5rt aktuella vinreseprogram\" href=\"https:\/\/www.bkwinevinresor.com\/category\/aktuella-resor\/\">v\u00e5rt aktuella reseprogram<\/a> f\u00f6r att hitta resan som passar dig. Eller kontakta oss f\u00f6r att diskutera <a title=\"Skr\u00e4ddarsydda vinresor\" href=\"https:\/\/www.bkwinevinresor.com\/vin-o-matresor\/skraddarsydda\/presentation\/\">en skr\u00e4ddarsydd resa<\/a> exakt enligt dina \u00f6nskem\u00e5l.<\/p><\/blockquote>\n","protected":false},"excerpt":{"rendered":"<p>Vinresor, matresor, gourmetresor &#8211; runt om i v\u00e4rlden BKWine \u00e4r en researrang\u00f6r specialiserad p\u00e5 vinresor, matresor och gastronomiresor. Detta \u00e4r v\u00e5r huvudverksamhet. Vi har sysslat med vinresor i runt tjugo \u00e5r och har rest runt med or\u00e4kneliga personer bland ving\u00e5rdar och vinanl\u00e4ggningar. Varje \u00e5r organiserar vi ungef\u00e4r 30 vinresor, matresor och liknande arrangemang. V\u00e5ra destinationer [&hellip;]<\/p>\n","protected":false},"author":3,"featured_media":0,"parent":4219,"menu_order":2,"comment_status":"open","ping_status":"open","template":"","meta":{"footnotes":""},"class_list":["post-4221","page","type-page","status-publish","hentry"],"_links":{"self":[{"href":"https:\/\/www.bkwine.com\/sv\/wp-json\/wp\/v2\/pages\/4221","targetHints":{"allow":["GET"]}}],"collection":[{"href":"https:\/\/www.bkwine.com\/sv\/wp-json\/wp\/v2\/pages"}],"about":[{"href":"https:\/\/www.bkwine.com\/sv\/wp-json\/wp\/v2\/types\/page"}],"author":[{"embeddable":true,"href":"https:\/\/www.bkwine.com\/sv\/wp-json\/wp\/v2\/users\/3"}],"replies":[{"embeddable":true,"href":"https:\/\/www.bkwine.com\/sv\/wp-json\/wp\/v2\/comments?post=4221"}],"version-history":[{"count":0,"href":"https:\/\/www.bkwine.com\/sv\/wp-json\/wp\/v2\/pages\/4221\/revisions"}],"up":[{"embeddable":true,"href":"https:\/\/www.bkwine.com\/sv\/wp-json\/wp\/v2\/pages\/4219"}],"wp:attachment":[{"href":"https:\/\/www.bkwine.com\/sv\/wp-json\/wp\/v2\/media?parent=4221"}],"curies":[{"name":"wp","href":"https:\/\/api.w.org\/{rel}","templated":true}]}}