{"id":4205,"date":"2011-05-02T17:41:58","date_gmt":"2011-05-02T15:41:58","guid":{"rendered":"http:\/\/www.bkwine.gobigtree.com\/?page_id=4205"},"modified":"2021-08-04T18:16:22","modified_gmt":"2021-08-04T16:16:22","slug":"pressrum","status":"publish","type":"page","link":"https:\/\/www.bkwine.com\/sv\/pressrum\/","title":{"rendered":"Pressrum"},"content":{"rendered":"<h2>F\u00f6r press och media<\/h2>\n<p>H\u00e4r hittar du:<\/p>\n<ul>\n<li><a href=\"#mediainformation\">Registrering p\u00e5 s\u00e4ndlistor f\u00f6r mediainformation<\/a><\/li>\n<li><a href=\"#pressmeddelanden\">Pressmeddelanden<\/a><\/li>\n<li><a href=\"#pressbilder\">Pressbilder<\/a><\/li>\n<li><a href=\"#logos\">Logotyper<\/a><\/li>\n<\/ul>\n<p>(Om du letar efter vad pressen s\u00e4ger om BKWine och BKWines vinresor s\u00e5 finns det h\u00e4r: <a title=\"Skrivet i press och media om BKWines vinresor och matresor\" href=\"https:\/\/www.bkwinevinresor.com\/sagt-om-bkwine\/vad-pressen-sager\/\" target=\"_blank\" rel=\"noopener noreferrer\">Skrivet i press och media om BKWines vinresor och matresor<\/a>.)<\/p>\n<h3>Prenumerera p\u00e5 pressinformation fr\u00e5n BKWine<\/h3>\n<p>Vi har tre olika medialistor:<\/p>\n<ol>\n<li>Press- och mediainfo, pressmeddelanden, p\u00e5 svenska<\/li>\n<li>Press- och mediainfo, pressmeddelanden, p\u00e5 engelska<\/li>\n<li>Fotoinformation (nyheter och pressmeddelanden)<\/li>\n<\/ol>\n<p>[divider_flat]<\/p>\n<form action=\"https:\/\/ymlp.com\/subscribe.php?id=gusbsjhgmgue\" method=\"post\" target=\"_blank\">\n<table border=\"0\" cellspacing=\"0\" cellpadding=\"5\" align=\"center\">\n<tbody>\n<tr>\n<td colspan=\"2\"><b>Fyll i din emailadress och v\u00e4lj den mediainformation som du \u00f6nskar!<\/b><\/td>\n<\/tr>\n<tr>\n<td valign=\"top\"><b>Emailadress: <\/b><\/td>\n<td valign=\"top\"><input name=\"YMP0\" size=\"20\" type=\"text\" \/>\u00a0 <b>(* obligatoriskt)<\/b><\/td>\n<\/tr>\n<tr>\n<td valign=\"top\">F\u00f6rnamn:<\/td>\n<td valign=\"top\"><input name=\"YMP3\" size=\"20\" type=\"text\" \/>\u00a0 (frivilligt)<\/td>\n<\/tr>\n<tr>\n<td valign=\"top\">Efternamn:<\/td>\n<td valign=\"top\"><input name=\"YMP4\" size=\"20\" type=\"text\" \/>\u00a0 (frivilligt)<\/td>\n<\/tr>\n<tr>\n<td valign=\"top\">Media:<\/td>\n<td valign=\"top\"><input name=\"YMP2\" size=\"20\" type=\"text\" \/>\u00a0 (frivilligt)<\/td>\n<\/tr>\n<tr>\n<td valign=\"top\">Land:<\/td>\n<td valign=\"top\"><input name=\"YMP5\" size=\"20\" type=\"text\" \/>\u00a0 (frivilligt)<\/td>\n<\/tr>\n<tr>\n<td colspan=\"2\"><b>V\u00e4lj den info du \u00f6nskar (* obligatoriskt):<\/b><\/td>\n<\/tr>\n<tr>\n<td>Press- &amp; mediainfo p\u00e5 svenska:<\/td>\n<td><input name=\"CAT7\" type=\"checkbox\" value=\"1\" \/><\/td>\n<\/tr>\n<tr>\n<td>Press- &amp; mediainfo p\u00e5 engelska:<\/td>\n<td><input name=\"CAT1\" type=\"checkbox\" value=\"1\" \/><\/td>\n<\/tr>\n<tr>\n<td>Photo &#8211; Wine, Travel &amp; Food Picture Library Update:<\/td>\n<td><input name=\"CAT3\" type=\"checkbox\" value=\"1\" \/><\/td>\n<\/tr>\n<tr>\n<td colspan=\"2\"><input checked=\"checked\" name=\"action\" type=\"radio\" value=\"subscribe\" \/> Prenumerera<input name=\"action\" type=\"radio\" value=\"unsubscribe\" \/> Avregistrera<\/td>\n<\/tr>\n<tr>\n<td colspan=\"2\"><input type=\"submit\" value=\"Skicka\" \/><\/td>\n<\/tr>\n<\/tbody>\n<\/table>\n<\/form>\n<p>[hr]<\/p>\n<p>Viktigt: Du kan ocks\u00e5 prenumerera p\u00e5 v\u00e5rt <a title=\"redaktionella nyhetsbrev om vin, mat och resor: BKWine Brief\" href=\"https:\/\/www.bkwine.com\/sv\/nyhetsbrev-om-vin\/prenumerera-gratis\/\">redaktionella nyhetsbrev om vin, mat och resor: BKWine Brief<\/a>.<\/p>\n<h2 id=\"pressmeddelanden\">Pressmeddelanden<\/h2>\n<p>Pressmeddelanden om <a title=\"pressmeddelanden om BKWines verksamhet med vinresor hittar du h\u00e4r\" href=\"https:\/\/www.bkwinevinresor.com\/om-bkwine\/pressrum\/\" target=\"_blank\" rel=\"noopener noreferrer\">BKWines verksamhet med <strong>vinresor och vinturism<\/strong> hittar du h\u00e4r<\/a>!<\/p>\n<ul>\n<li>2017-12-19: <a href=\"https:\/\/www.bkwine.com\/wp-content\/uploads\/2017\/12\/pressmedd-2017-12-19-champagne-vinet-odlarna-sveriges-basta-vinbok-cleaned.pdf\" target=\"_blank\" rel=\"noopener noreferrer\">Boken \u201cChampagne, vinet och odlarna\u201d vinner f\u00f6rsta pris som b\u00e4sta vinbok i Gourmand Awards<\/a><\/li>\n<li>2017-04-07: <a href=\"https:\/\/www.bkwine.com\/wp-content\/uploads\/2017\/04\/pressmedd-2017-04-07-ny-bok-om-champagne-cleaned.pdf\" target=\"_blank\" rel=\"noopener noreferrer\">En ny, annorlunda, unik bok om Champagne lanserad<\/a><\/li>\n<li>2016-12-05: <a href=\"https:\/\/www.bkwine.com\/wp-content\/uploads\/2016\/12\/pressmedd-2016-12-05-tva-nya-vinbocker-piemonte-bourgogne-vinner-pris-cleaned.pdf\" target=\"_blank\" rel=\"noopener noreferrer\">Piemonte och Bourgogne, tv\u00e5 nya vinb\u00f6cker \u2014 bokserien \u201dGuide till vinets v\u00e4rld\u201d vinner pris<\/a><\/li>\n<li>2016-03-18: <a title=\"En ny serie vinb\u00f6cker, med Bordeaux och Toscana, lanseras av BKWine och Tukan f\u00f6rlag\" href=\"https:\/\/www.bkwine.com\/wp-content\/uploads\/2016\/03\/pressmedd-2016-03-18-ny-serie-vinbocker-bordeaux-toscana.pdf\" target=\"_blank\" rel=\"noopener noreferrer\">En ny serie vinb\u00f6cker, med Bordeaux och Toscana, lanseras av BKWine och Tukan f\u00f6rlag<\/a><\/li>\n<li>2014-08-20: <a title=\"Ny bok: \u201dVinlandet Frankrike\u201d, en komplett guide till franska viner och vindistrikt fr\u00e5n BKWine\" href=\"https:\/\/www.bkwine.com\/wp-content\/uploads\/2014\/08\/pressmedd-2014-08-20-ny-bok-om-franska-viner-fran-bkwine.pdf\" target=\"_blank\" rel=\"noopener noreferrer\">Ny bok: \u201dVinlandet Frankrike\u201d, en komplett guide till franska viner och vindistrikt fr\u00e5n BKWine<\/a><\/li>\n<li>2013-03-13: <a title=\"Boken om ekologiska viner av Britt &amp; Per Karlsson vinner pris i Sverige och i Paris\" href=\"https:\/\/www.bkwine.com\/wp-content\/uploads\/2013\/03\/pressmedd-2013-03-13-boken-om-ekologiska-viner-vinner-pris.pdf\" target=\"_blank\" rel=\"noopener noreferrer\">Boken om ekologiska viner av Britt &amp; Per Karlsson vinner pris i Sverige och i Paris<\/a><\/li>\n<li>2013-03-04: <a title=\"Vinresor och matresor till h\u00f6sten: BKWine lanserar 10 resor, bl.a. en ny destination i Italien\" href=\"https:\/\/www.bkwinevinresor.com\/wp-content\/uploads\/2013\/03\/2013-03-04-pressmedd-vinresor-matresor-hosten-bkwine.pdf\" target=\"_blank\" rel=\"noopener noreferrer\">Vinresor och matresor till h\u00f6sten: BKWine lanserar 10 resor, bl.a. en ny destination i Italien<\/a><\/li>\n<li>2012-10-09: <a title=\"Sancerre g\u00f6r premi\u00e4r och Bourgogne \u00e4r tillbaka, BKWine presenterar v\u00e5rens vinreseprogram 2013\" href=\"https:\/\/www.bkwinevinresor.com\/wp-content\/uploads\/2012\/10\/pressmedd-2012-10-09-varens-vinresor-matresor-bkwine.pdf\" target=\"_blank\" rel=\"noopener noreferrer\">Sancerre g\u00f6r premi\u00e4r och Bourgogne \u00e4r tillbaka, BKWine presenterar v\u00e5rens vinreseprogram 2013<\/a><\/li>\n<li>2012-05-29: <a title=\"Ny destination f\u00f6r vin- och matresa: Chile och Argentina, lanseras av BKWine, och \u00e4ven Sydafrika\" href=\"https:\/\/www.bkwinevinresor.com\/wp-content\/uploads\/2012\/05\/pressmedd-12-05-29-bkwine-lanserar-chile-argentina-sydamerika-vinresor.pdf\" target=\"_blank\" rel=\"noopener noreferrer\">Ny destination f\u00f6r vin- och matresa: Chile och Argentina, lanseras av BKWine, och \u00e4ven Sydafrika<\/a><\/li>\n<li>2012-04-17:\u00a0<a title=\" Vinsk\u00f6rd i Bordeaux, ekologiska viner i s\u00f6dra Frankrike och Sicilien, nya vinresor \u2013 BKWines h\u00f6stprogram har presenterats \" href=\"https:\/\/www.bkwinevinresor.com\/wp-content\/uploads\/2012\/04\/pressmedd-12-04-17-bkwine-lanserar-hostens-vinresor.pdf\" target=\"_blank\" rel=\"noopener noreferrer\">Vinsk\u00f6rd i Bordeaux, ekologiska viner i s\u00f6dra Frankrike och Sicilien, nya vinresor \u2013 BKWines h\u00f6stprogram har presenterats <\/a><\/li>\n<li>2012-01-10: <a title=\"2012-01-10: BKWine lanserar v\u00e5rens vinresor \u2013 \u00c5rets vinort 2012 ett av resm\u00e5len\" href=\"https:\/\/www.bkwinevinresor.com\/wp-content\/uploads\/2012\/01\/pressmedd-12-01-10-bkwine-lanserar-varens-vinresor-med-arets-vinort.pdf\" target=\"_blank\" rel=\"noopener noreferrer\">BKWine lanserar v\u00e5rens vinresor \u2013 \u00c5rets vinort 2012 ett av resm\u00e5len<\/a><\/li>\n<li>2011-12-19: <a title=\"2011-12-19: Britt Karlsson, BKWine, utn\u00e4mnd till \u00c5rets Vinprofil 2011 av Munsk\u00e4nkarna\" href=\"https:\/\/www.bkwine.com\/wp-content\/uploads\/2011\/12\/pressmedd-111219-arets-vinprofil-2011.pdf\" target=\"_blank\" rel=\"noopener noreferrer\">Britt Karlsson, BKWine, utn\u00e4mnd till \u00c5rets Vinprofil 2011 av Munsk\u00e4nkarna<\/a><\/li>\n<li>2011-03-15: <a href=\"https:\/\/www.bkwine.com\/wp-content\/uploads\/2011\/05\/press-release-2011-03-15-swedish-book-wins-worlds-best-wine-book-award.pdf\" target=\"_blank\" rel=\"noopener noreferrer\">Swedish book wins \u201cWorld\u2019s Best Wine Book for Professionals\u201d: The Creation of a Wine by BKWine<\/a><\/li>\n<li>2010-08-23: <a href=\"https:\/\/www.bkwine.com\/wp-content\/uploads\/2011\/05\/press-release-2010-08-23-bkwine-does-worlds-top-wine-tours.pdf\" target=\"_blank\" rel=\"noopener noreferrer\">BKWine makes \u201dWorld\u2019s Top Wine Tours\u201d according to Travel and Leisure Magazine<\/a><\/li>\n<li>2010-04-06: <a href=\"https:\/\/www.bkwine.com\/wp-content\/uploads\/2011\/05\/press-release-2010-04-06-one-hundred-videos-on-bkwine-tv.pdf\" target=\"_blank\" rel=\"noopener noreferrer\">One hundred wine videos now available on BKWine TV<\/a><\/li>\n<li>2009-02-05: <a href=\"https:\/\/www.bkwine.com\/wp-content\/uploads\/2011\/05\/press-release-2009-02-05-autumn-wine-tours-bkwine.pdf\" target=\"_blank\" rel=\"noopener noreferrer\">Two new wine tours from BKWine: Bordeaux Confidential Chateau Tour &#8211; launch of autumn travel program 2009<\/a><\/li>\n<li>2008-09-09: <a href=\"https:\/\/www.bkwine.com\/wp-content\/uploads\/2011\/05\/press-release-2008-09-09-spring-wine-tours-bkwine.pdf\" target=\"_blank\" rel=\"noopener noreferrer\">Two new wine tours from BKWine &#8211; launch of spring travel program 2009<\/a><\/li>\n<li>2008-03-13: <a href=\"https:\/\/www.bkwine.com\/wp-content\/uploads\/2011\/05\/press-release-2008-03-13-new-wine-tours-from-bkwine.pdf\" target=\"_blank\" rel=\"noopener noreferrer\">Three new wine tours from BKWine \u2013 launch of autumn travel program 2008<\/a><\/li>\n<li>2007-07-23: <a href=\"https:\/\/www.bkwine.com\/wp-content\/uploads\/2011\/05\/press-release-2007-07-23-truffle-wine-foie-gras-tour-from-bkwine.pdf\" target=\"_blank\" rel=\"noopener noreferrer\">New tour from BKWine: Truffles, Wine, Foie Gras and Duck, February 13-17, 2008<\/a><\/li>\n<li>2007-03-19: <a href=\"https:\/\/www.bkwine.com\/wp-content\/uploads\/2011\/05\/press-release-2007-03-19-new-wine-tours-from-bkwine.pdf\" target=\"_blank\" rel=\"noopener noreferrer\">New wine tours from BKWine \u2013 launch of autumn program 2007<\/a><\/li>\n<li>2006-11-17: <a href=\"https:\/\/www.bkwine.com\/wp-content\/uploads\/2011\/05\/press-release-2006-11-17-new-source-for-wine-food-travel-photography.pdf\" target=\"_blank\" rel=\"noopener noreferrer\">New source for wine, food and travel photography: BKWine launches collaboration with Alamy<\/a><\/li>\n<li>2006-06-13: <a href=\"https:\/\/www.bkwine.com\/wp-content\/uploads\/2011\/05\/press-release-2006-06-13-autumn-wine-tours-by-bkwine.pdf\" target=\"_blank\" rel=\"noopener noreferrer\">Autumn wine tour program with BKWine: Bordeaux, Rh\u00f4ne, and Portugal<\/a><\/li>\n<li>[FINNISH] 2006-02-17: <a href=\"https:\/\/www.bkwine.com\/wp-content\/uploads\/2011\/05\/lehdistotiedote-2006-02-17-suomelle-kaksi-mitalia-kategoriassa-great-gold-medal.pdf\" target=\"_blank\" rel=\"noopener noreferrer\">Suomelle kaksi mitalia kategoriassa \u201dGreat Gold Medal \u201d skandinaavisessa viinikilpailussa<\/a><\/li>\n<li>2006-02-15: <a href=\"https:\/\/www.bkwine.com\/wp-content\/uploads\/2011\/05\/press-release-2006-02-15-scandinavina-wine-spirit-fair-and-competition.pdf\" target=\"_blank\" rel=\"noopener noreferrer\">5 Great Gold Medals at the 1st BKWine Scandinavian Wine &amp; Spirit Competition and record number of wine fair visitors<\/a><\/li>\n<li>[FINNISH] 2006-01-24: <a href=\"https:\/\/www.bkwine.com\/wp-content\/uploads\/2011\/05\/lehdistotiedote-2006-01-24-scandinavian-wine-fair.pdf\" target=\"_blank\" rel=\"noopener noreferrer\">Enn\u00e4tysm\u00e4\u00e4r\u00e4 osallistujia Skandinaavisille viinimessuille sek\u00e4 viinikilpailuun; mukana kolme suomalaista viinintuottajaa<\/a><\/li>\n<li>2006-01-23: <a href=\"https:\/\/www.bkwine.com\/wp-content\/uploads\/2011\/05\/press-release-2006-01-23-scandinavian-wine-fair.pdf\" target=\"_blank\" rel=\"noopener noreferrer\">Record 30 participants at the Scandinavian Wine Fair and Wine &amp; Spirit Competition on February 11<\/a><\/li>\n<li>2005-12-15: <a href=\"https:\/\/www.bkwine.com\/wp-content\/uploads\/2011\/05\/press-release-2005-12-15-scandinavian-wine-fair.pdf\" target=\"_blank\" rel=\"noopener noreferrer\">24 wine and spirit producers already registered for the Scandinavian Wine FaIr on February 11, 2006<\/a><\/li>\n<li>2005-11-14 <a href=\"https:\/\/www.bkwine.com\/wp-content\/uploads\/2011\/05\/press-release-2005-11-14-New-Wine-Tours-to-France-by-BKWine.pdf\" target=\"_blank\" rel=\"noopener noreferrer\">New Wine Tours to France by BKWine<\/a><\/li>\n<li>[FINNISH] 2005-11-07 <a href=\"https:\/\/www.bkwine.com\/wp-content\/uploads\/2011\/05\/lehdistotiedote-2005-11-07-VIINIMATKAT-BKWine-lanseeraa-viinimatkaa-suomeksi.pdf\" target=\"_blank\" rel=\"noopener noreferrer\">BKWine lanseeraa viinimatkaa suomeksi<\/a><\/li>\n<li>[FRAN\u00c7AIS] 2005-10-31: <a href=\"https:\/\/www.bkwine.com\/wp-content\/uploads\/2011\/05\/communique-presse-2005-10-31-le-salon-des-vins-scandinaves-par-bkwine.pdf\" target=\"_blank\" rel=\"noopener noreferrer\">Le Salon des Vins Scandinaves, 11 F\u00e9vrier 2006, 3\u00e8me \u00e9dition, Paris, Cercle Su\u00e9dois<\/a><\/li>\n<li>2005-10-17: <a href=\"https:\/\/www.bkwine.com\/wp-content\/uploads\/2011\/05\/press-release-2005-10-17-scandinavian-wine-fair.pdf\" target=\"_blank\" rel=\"noopener noreferrer\">BKWine organises a unique Scandinavian Wine Fair and Scandinavian Wine Competition in Paris on Saturday 11 February 2006<\/a><\/li>\n<li>2004-04-02: BKWine exhibits photographs from Domaine Henri Milan at the one-star restaurant Le Chiquito in Paris<\/li>\n<li>2004-02-09: <a href=\"https:\/\/www.bkwine.com\/wp-content\/uploads\/2011\/05\/press-release-2004-02-09-scandinavian-Wine-Fair-in-Paris-is-a-Great-Success.pdf\" target=\"_blank\" rel=\"noopener noreferrer\">Scandinavian Wine Fair in Paris is a Great Success<\/a><\/li>\n<li>[FRAN\u00c7AIS] 2004-01-14: <a href=\"https:\/\/www.bkwine.com\/wp-content\/uploads\/2011\/05\/communique-presse-2004-02-07-scandinavian_wine_fair.pdf\" target=\"_blank\" rel=\"noopener noreferrer\">Le Scandinavian Wine Fair &#8211; Une premi\u00e8re dans le monde du vin &#8211; Une premi\u00e8re pour le vin du monde<\/a><\/li>\n<li>2004-01-14: <a href=\"https:\/\/www.bkwine.com\/wp-content\/uploads\/2011\/05\/press-release-2004-01-14-Scandinavian-Wine-Fair-in-Paris.pdf\" target=\"_blank\" rel=\"noopener noreferrer\">Scandinavian Wine Fair in Paris &#8211; Unique Wine Fair with 22 Scandinavian producers and more than 100 wines to taste<\/a><\/li>\n<li>2003-12-01 <a href=\"https:\/\/www.bkwine.com\/wp-content\/uploads\/2011\/05\/press-release-2003-12-01-scandinavian_wine_fair_in_paris.pdf\" target=\"_blank\" rel=\"noopener noreferrer\">Scandinavian Wine Fair in Paris<\/a><\/li>\n<\/ul>\n<h2 id=\"pressbilder\">Pressbilder<\/h2>\n<p>V\u00e5ra pressbilder kan anv\u00e4ndas i media f\u00f6r att illustrera text om BKWine. Vill du anv\u00e4nda v\u00e5ra bilder f\u00f6r andra \u00e4ndam\u00e5l s\u00e5 kan du licensiera dem redaktionellt.<\/p>\n<p>Pressbilder:<\/p>\n<ul>\n<li><a title=\"Britt and Per Karlsson, BKWine\" href=\"https:\/\/archive.bkwinephotography.com\/gallery\/Britt-Per\/G0000d..6KUx0PJQ\/C00007OuuTBeyw4k\" target=\"_blank\" rel=\"noopener noreferrer\">Britt och Per Karlsson, grundare av BKWine<\/a><\/li>\n<li><a title=\"Wine Tour photos\" href=\"https:\/\/www.bkwinephotography.com\/gallery\/Wine-vineyards-gastronomy-and-more\/G0000zLHrARVZyiw\" target=\"_blank\" rel=\"noopener noreferrer\">Allm\u00e4nna vinresebilder<\/a><\/li>\n<\/ul>\n<p>H\u00f6guppl\u00f6sta bilder: Kontakta oss (se kontaktsidan) f\u00f6r att beg\u00e4ra ett l\u00f6senord f\u00f6r att f\u00e5 tillg\u00e5ng till att ladda ner bilderna i h\u00f6guppl\u00f6st format.<\/p>\n<p>Kontakta oss om du beh\u00f6ver n\u00e5got annorlunda. Vi har m\u00e5nga bilder. Vi \u00e4r ju faktiskt ocks\u00e5 en bildbyr\u00e5 specialiserad p\u00e5 vin-, mat- och resebilder.<\/p>\n<p>Du kan ocks\u00e5 <a title=\"licensiera v\u00e5ra bilder f\u00f6r annan redaktionell anv\u00e4ndning\" href=\"https:\/\/www.bkwinephotography.com\/\" target=\"_blank\" rel=\"noopener noreferrer\">licensiera v\u00e5ra bilder f\u00f6r annan redaktionell anv\u00e4ndning<\/a>.<\/p>\n<h2 id=\"logos\">Logotyper<\/h2>\n<p>Kontakta oss om du vill ha en logo.<\/p>\n<figure id=\"attachment_345588\" aria-describedby=\"caption-attachment-345588\" style=\"width: 1080px\" class=\"wp-caption aligncenter\"><img fetchpriority=\"high\" decoding=\"async\" class=\"size-full wp-image-345588\" src=\"https:\/\/www.bkwine.com\/wp-content\/uploads\/2019\/06\/20190426_101023.jpg\" alt=\"The traditional vertical press at Champagne J Lassalle\" width=\"1080\" height=\"608\" srcset=\"https:\/\/www.bkwine.com\/wp-content\/uploads\/2019\/06\/20190426_101023.jpg 1080w, https:\/\/www.bkwine.com\/wp-content\/uploads\/2019\/06\/20190426_101023-300x169.jpg 300w, https:\/\/www.bkwine.com\/wp-content\/uploads\/2019\/06\/20190426_101023-400x225.jpg 400w, https:\/\/www.bkwine.com\/wp-content\/uploads\/2019\/06\/20190426_101023-768x432.jpg 768w, https:\/\/www.bkwine.com\/wp-content\/uploads\/2019\/06\/20190426_101023-600x338.jpg 600w\" sizes=\"(max-width: 1080px) 100vw, 1080px\" \/><figcaption id=\"caption-attachment-345588\" class=\"wp-caption-text\">The traditional vertical press at Champagne J Lassalle, copyright BKWine Photography<\/figcaption><\/figure>\n","protected":false},"excerpt":{"rendered":"<p>F\u00f6r press och media H\u00e4r hittar du: Registrering p\u00e5 s\u00e4ndlistor f\u00f6r mediainformation Pressmeddelanden Pressbilder Logotyper (Om du letar efter vad pressen s\u00e4ger om BKWine och BKWines vinresor s\u00e5 finns det h\u00e4r: Skrivet i press och media om BKWines vinresor och matresor.) Prenumerera p\u00e5 pressinformation fr\u00e5n BKWine Vi har tre olika medialistor: Press- och mediainfo, pressmeddelanden, [&hellip;]<\/p>\n","protected":false},"author":3,"featured_media":345588,"parent":0,"menu_order":6,"comment_status":"closed","ping_status":"closed","template":"","meta":{"footnotes":""},"class_list":["post-4205","page","type-page","status-publish","has-post-thumbnail","hentry"],"_links":{"self":[{"href":"https:\/\/www.bkwine.com\/sv\/wp-json\/wp\/v2\/pages\/4205","targetHints":{"allow":["GET"]}}],"collection":[{"href":"https:\/\/www.bkwine.com\/sv\/wp-json\/wp\/v2\/pages"}],"about":[{"href":"https:\/\/www.bkwine.com\/sv\/wp-json\/wp\/v2\/types\/page"}],"author":[{"embeddable":true,"href":"https:\/\/www.bkwine.com\/sv\/wp-json\/wp\/v2\/users\/3"}],"replies":[{"embeddable":true,"href":"https:\/\/www.bkwine.com\/sv\/wp-json\/wp\/v2\/comments?post=4205"}],"version-history":[{"count":0,"href":"https:\/\/www.bkwine.com\/sv\/wp-json\/wp\/v2\/pages\/4205\/revisions"}],"wp:featuredmedia":[{"embeddable":true,"href":"https:\/\/www.bkwine.com\/sv\/wp-json\/wp\/v2\/media\/345588"}],"wp:attachment":[{"href":"https:\/\/www.bkwine.com\/sv\/wp-json\/wp\/v2\/media?parent=4205"}],"curies":[{"name":"wp","href":"https:\/\/api.w.org\/{rel}","templated":true}]}}