{"id":4193,"date":"2011-05-02T17:23:50","date_gmt":"2011-05-02T15:23:50","guid":{"rendered":"http:\/\/www.bkwine.gobigtree.com\/?page_id=4193"},"modified":"2016-03-16T09:54:37","modified_gmt":"2016-03-16T08:54:37","slug":"ett-vin-blir-till","status":"publish","type":"page","link":"https:\/\/www.bkwine.com\/sv\/vara-bocker\/ett-vin-blir-till\/","title":{"rendered":"Ett vin blir till"},"content":{"rendered":"<h2>Ett vin blir till, arbetet i ving\u00e5rden och i vink\u00e4llaren \u2013 En bok f\u00f6r nyfikna men \u00e4ven en kursbok<\/h2>\n<h4><strong>Utsedd till<\/strong><\/h4>\n<ul>\n<li>\n<h4><strong>&#8221;v\u00e4rldens b\u00e4sta vinbok f\u00f6r professionella&#8221;<\/strong><\/h4>\n<\/li>\n<li>\n<h4><strong>&#8221;\u00e5rets b\u00e4sta vinbok i Sverige&#8221;<\/strong><\/h4>\n<\/li>\n<\/ul>\n<figure id=\"attachment_2032\" aria-describedby=\"caption-attachment-2032\" style=\"width: 212px\" class=\"wp-caption alignright\"><img fetchpriority=\"high\" decoding=\"async\" class=\"size-full wp-image-2032\" title=\"Ett vin blir till 212x300\" src=\"https:\/\/www.bkwine.com\/wp-content\/uploads\/2011\/04\/bkwine-ett-vin-blir-till11.jpg\" alt=\"Ett vin blir till 212x300\" width=\"212\" height=\"300\" \/><figcaption id=\"caption-attachment-2032\" class=\"wp-caption-text\">Ett vin blir till<\/figcaption><\/figure>\n<p>\u201cEtt vin blir till\u201d handlar om, jo, hur ett vin blir till: vad vinodlaren g\u00f6r i ving\u00e5rden, och vad vinmakaren pysslar med i vink\u00e4llaren.<\/p>\n<p>Boken \u00e4r i f\u00f6rsta hand skriven f\u00f6r vinentusiasten, eller f\u00f6r den som arbetar med vin i Sverige, som vill l\u00e4ra sig mer om hur det g\u00e5r till n\u00e4r man odlar och g\u00f6r vin. Boken kan \u00e4ven anv\u00e4ndas som kursbok p\u00e5 vinkurser b\u00e5de f\u00f6r lekm\u00e4n och p\u00e5 professionella vinutbildningar.<\/p>\n<p><strong>Fakta:<\/strong><\/p>\n<p>Titel: Ett vin blir till \u2013 arbetet I ving\u00e5rden och I vink\u00e4llaren<br \/>\nText: Britt Karlsson, med bidrag av Per Karlsson<br \/>\nBild: Per Karlsson<br \/>\nGrafisk form: Petter Antonisen &amp; Arne Engren<br \/>\nF\u00f6rlag: Carlsson Bokf\u00f6rlag<br \/>\nISBN: 978-91-7331-270-7<br \/>\nInbunden, rikt illustrerad i fyrf\u00e4rg, 300 s, 175mm*245mm<\/p>\n<p><strong>L\u00e4s mer om boken: bl\u00e4ddra i menyn \u201cv\u00e5ra b\u00f6cker\u201d.<\/strong><\/p>\n","protected":false},"excerpt":{"rendered":"<p>Ett vin blir till, arbetet i ving\u00e5rden och i vink\u00e4llaren \u2013 En bok f\u00f6r nyfikna men \u00e4ven en kursbok Utsedd till &#8221;v\u00e4rldens b\u00e4sta vinbok f\u00f6r professionella&#8221; &#8221;\u00e5rets b\u00e4sta vinbok i Sverige&#8221; \u201cEtt vin blir till\u201d handlar om, jo, hur ett vin blir till: vad vinodlaren g\u00f6r i ving\u00e5rden, och vad vinmakaren pysslar med i vink\u00e4llaren. [&hellip;]<\/p>\n","protected":false},"author":3,"featured_media":0,"parent":4191,"menu_order":2,"comment_status":"open","ping_status":"closed","template":"","meta":{"footnotes":""},"class_list":["post-4193","page","type-page","status-publish","hentry"],"_links":{"self":[{"href":"https:\/\/www.bkwine.com\/sv\/wp-json\/wp\/v2\/pages\/4193","targetHints":{"allow":["GET"]}}],"collection":[{"href":"https:\/\/www.bkwine.com\/sv\/wp-json\/wp\/v2\/pages"}],"about":[{"href":"https:\/\/www.bkwine.com\/sv\/wp-json\/wp\/v2\/types\/page"}],"author":[{"embeddable":true,"href":"https:\/\/www.bkwine.com\/sv\/wp-json\/wp\/v2\/users\/3"}],"replies":[{"embeddable":true,"href":"https:\/\/www.bkwine.com\/sv\/wp-json\/wp\/v2\/comments?post=4193"}],"version-history":[{"count":0,"href":"https:\/\/www.bkwine.com\/sv\/wp-json\/wp\/v2\/pages\/4193\/revisions"}],"up":[{"embeddable":true,"href":"https:\/\/www.bkwine.com\/sv\/wp-json\/wp\/v2\/pages\/4191"}],"wp:attachment":[{"href":"https:\/\/www.bkwine.com\/sv\/wp-json\/wp\/v2\/media?parent=4193"}],"curies":[{"name":"wp","href":"https:\/\/api.w.org\/{rel}","templated":true}]}}