{"id":4179,"date":"2011-05-02T12:44:16","date_gmt":"2011-05-02T10:44:16","guid":{"rendered":"http:\/\/www.bkwine.gobigtree.com\/?page_id=4179"},"modified":"2011-06-03T13:22:48","modified_gmt":"2011-06-03T11:22:48","slug":"om-bkwine-tv-vinvideos","status":"publish","type":"page","link":"https:\/\/www.bkwine.com\/sv\/video\/om-bkwine-tv-vinvideos\/","title":{"rendered":"Om BKWine TV \u2013 v\u00e5ra vinvideos"},"content":{"rendered":"<h2>BKWine TV \u2013 intervjuer med vinproducenter, reportage fr\u00e5n ving\u00e5rdar p\u00e5 video<\/h2>\n<p>BKWine TV \u00e4r v\u00e5r \u2019kanal\u2019 med videoklipp fr\u00e5n vindistrikt. Under v\u00e5ra resor till olika vinregioner runt om i v\u00e4rlden tr\u00e4ffar vi m\u00e5nga vinproducenter. Ibland har vi tillf\u00e4lle att g\u00f6ra intervjuer med dem och de hittar du h\u00e4r. Eller s\u00e5 g\u00f6r vi ett litet reportage om resor, om ving\u00e5rdar eller om vindistrikt.<\/p>\n<p>Klippen \u00e4r p\u00e5 svenska eller p\u00e5 engelska eller p\u00e5 franska, beroende p\u00e5 vem vi partar med.<\/p>\n<p>Det h\u00e4nder ocks\u00e5 att vi g\u00f6r videoproduktioner f\u00f6r vinmakare och andra som t.ex. vill ha video f\u00f6r att ber\u00e4tta om vad de g\u00f6r p\u00e5 deras site. L\u00e4s mer om det i sektionen om vad vi g\u00f6r.<\/p>\n","protected":false},"excerpt":{"rendered":"<p>BKWine TV \u2013 intervjuer med vinproducenter, reportage fr\u00e5n ving\u00e5rdar p\u00e5 video BKWine TV \u00e4r v\u00e5r \u2019kanal\u2019 med videoklipp fr\u00e5n vindistrikt. Under v\u00e5ra resor till olika vinregioner runt om i v\u00e4rlden tr\u00e4ffar vi m\u00e5nga vinproducenter. Ibland har vi tillf\u00e4lle att g\u00f6ra intervjuer med dem och de hittar du h\u00e4r. Eller s\u00e5 g\u00f6r vi ett litet reportage [&hellip;]<\/p>\n","protected":false},"author":3,"featured_media":0,"parent":4180,"menu_order":0,"comment_status":"open","ping_status":"open","template":"","meta":{"footnotes":""},"class_list":["post-4179","page","type-page","status-publish","hentry"],"_links":{"self":[{"href":"https:\/\/www.bkwine.com\/sv\/wp-json\/wp\/v2\/pages\/4179","targetHints":{"allow":["GET"]}}],"collection":[{"href":"https:\/\/www.bkwine.com\/sv\/wp-json\/wp\/v2\/pages"}],"about":[{"href":"https:\/\/www.bkwine.com\/sv\/wp-json\/wp\/v2\/types\/page"}],"author":[{"embeddable":true,"href":"https:\/\/www.bkwine.com\/sv\/wp-json\/wp\/v2\/users\/3"}],"replies":[{"embeddable":true,"href":"https:\/\/www.bkwine.com\/sv\/wp-json\/wp\/v2\/comments?post=4179"}],"version-history":[{"count":0,"href":"https:\/\/www.bkwine.com\/sv\/wp-json\/wp\/v2\/pages\/4179\/revisions"}],"up":[{"embeddable":true,"href":"https:\/\/www.bkwine.com\/sv\/wp-json\/wp\/v2\/pages\/4180"}],"wp:attachment":[{"href":"https:\/\/www.bkwine.com\/sv\/wp-json\/wp\/v2\/media?parent=4179"}],"curies":[{"name":"wp","href":"https:\/\/api.w.org\/{rel}","templated":true}]}}