{"id":401717,"date":"2021-08-04T17:25:23","date_gmt":"2021-08-04T15:25:23","guid":{"rendered":"https:\/\/www.bkwine.com\/?page_id=401717"},"modified":"2024-08-27T14:18:53","modified_gmt":"2024-08-27T12:18:53","slug":"prenumerera-gratis","status":"publish","type":"page","link":"https:\/\/www.bkwine.com\/sv\/nyhetsbrev-om-vin\/prenumerera-gratis\/","title":{"rendered":"Prenumerera gratis"},"content":{"rendered":"\t\t<div data-elementor-type=\"wp-page\" data-elementor-id=\"401717\" class=\"elementor elementor-401717\" data-elementor-post-type=\"page\">\n\t\t\t\t\t\t<section class=\"elementor-section elementor-top-section elementor-element elementor-element-e63d7de elementor-section-boxed elementor-section-height-default elementor-section-height-default\" data-id=\"e63d7de\" data-element_type=\"section\" data-e-type=\"section\">\n\t\t\t\t\t\t<div class=\"elementor-container elementor-column-gap-default\">\n\t\t\t\t\t<div class=\"elementor-column elementor-col-100 elementor-top-column elementor-element elementor-element-cb930ba\" data-id=\"cb930ba\" data-element_type=\"column\" data-e-type=\"column\">\n\t\t\t<div class=\"elementor-widget-wrap elementor-element-populated\">\n\t\t\t\t\t\t<div class=\"elementor-element elementor-element-2c53630 elementor-widget elementor-widget-heading\" data-id=\"2c53630\" data-element_type=\"widget\" data-e-type=\"widget\" data-widget_type=\"heading.default\">\n\t\t\t\t<div class=\"elementor-widget-container\">\n\t\t\t\t\t<h2 class=\"elementor-heading-title elementor-size-default\">BKWine Brief \u2013 nyhetsbrevet om vin p\u00e5 internet<\/h2>\t\t\t\t<\/div>\n\t\t\t\t<\/div>\n\t\t\t\t<div class=\"elementor-element elementor-element-70f8eb0 elementor-button-align-stretch elementor-widget elementor-widget-global elementor-global-401736 elementor-widget-form\" data-id=\"70f8eb0\" data-element_type=\"widget\" data-e-type=\"widget\" data-settings=\"{&quot;step_next_label&quot;:&quot;Next&quot;,&quot;step_previous_label&quot;:&quot;Previous&quot;,&quot;button_width&quot;:&quot;100&quot;,&quot;step_type&quot;:&quot;number_text&quot;,&quot;step_icon_shape&quot;:&quot;circle&quot;}\" data-widget_type=\"form.default\">\n\t\t\t\t<div class=\"elementor-widget-container\">\n\t\t\t\t\t\t\t<form class=\"elementor-form\" method=\"post\" name=\"MailerLite nyhetssidan popup\" aria-label=\"MailerLite nyhetssidan popup\">\n\t\t\t<input type=\"hidden\" name=\"post_id\" value=\"401717\"\/>\n\t\t\t<input type=\"hidden\" name=\"form_id\" value=\"70f8eb0\"\/>\n\t\t\t<input type=\"hidden\" name=\"referer_title\" value=\"BKWine Magazine\" \/>\n\n\t\t\t\n\t\t\t<div class=\"elementor-form-fields-wrapper elementor-labels-\">\n\t\t\t\t\t\t\t\t<div class=\"elementor-field-type-email elementor-field-group elementor-column elementor-field-group-email elementor-col-100 elementor-field-required\">\n\t\t\t\t\t\t\t\t\t\t\t\t<label for=\"form-field-email\" class=\"elementor-field-label elementor-screen-only\">\n\t\t\t\t\t\t\t\tEmail\t\t\t\t\t\t\t<\/label>\n\t\t\t\t\t\t\t\t\t\t\t\t\t\t<input size=\"1\" type=\"email\" name=\"form_fields[email]\" id=\"form-field-email\" class=\"elementor-field elementor-size-sm  elementor-field-textual\" placeholder=\"Email\" required=\"required\">\n\t\t\t\t\t\t\t\t\t\t\t<\/div>\n\t\t\t\t\t\t\t\t<div class=\"elementor-field-group elementor-column elementor-field-type-submit elementor-col-100 e-form__buttons\">\n\t\t\t\t\t<button class=\"elementor-button elementor-size-sm\" type=\"submit\">\n\t\t\t\t\t\t<span class=\"elementor-button-content-wrapper\">\n\t\t\t\t\t\t\t\t\t\t\t\t\t\t\t\t\t\t\t\t\t\t<span class=\"elementor-button-text\">Nyhetsbrev, ja tack!<\/span>\n\t\t\t\t\t\t\t\t\t\t\t\t\t<\/span>\n\t\t\t\t\t<\/button>\n\t\t\t\t<\/div>\n\t\t\t<\/div>\n\t\t<\/form>\n\t\t\t\t\t\t<\/div>\n\t\t\t\t<\/div>\n\t\t\t\t<div class=\"elementor-element elementor-element-5177d72 elementor-widget elementor-widget-text-editor\" data-id=\"5177d72\" data-element_type=\"widget\" data-e-type=\"widget\" data-widget_type=\"text-editor.default\">\n\t\t\t\t<div class=\"elementor-widget-container\">\n\t\t\t\t\t\t\t\t\t<h3>L\u00e4s BKWine Brief! Det gratis nyhetsbrevet om vin.<\/h3><ul><li>Rekommendationer p\u00e5 de b\u00e4sta vinerna varje m\u00e5nad<\/li><li>Tips p\u00e5 bra vinproducenter.<\/li><li>Aktuellt fr\u00e5n vinv\u00e4rlden<\/li><li>Restaurangrecensioner<\/li><li>Vinkr\u00f6nika<\/li><li>Debattartiklar<\/li><li>Senaste nytt om vinresor och matresor<\/li><li>Och mycket mer om vin!<\/li><\/ul><p>BKWine Brief \u00e4r ett nyhetsbrev om vin med 25 000 l\u00e4sare. Det kommer ut en g\u00e5ng per m\u00e5nad och levereras gratis till din inbox. Varje m\u00e5nad f\u00e5r du ocks\u00e5 v\u00e5ra kommentarer p\u00e5 alla nya viner som lanseras p\u00e5 Systembolaget.<\/p><p>Det \u00e4r l\u00e4tt att avsluta prenumerationen. I varje nyhetsbrev finns en &#8221;unsubscribe&#8221;-l\u00e4nk l\u00e4ngst ner i mailet.<\/p><p><strong>N\u00e4r du prenumererar f\u00e5r du<\/strong>:<\/p><ul><li><strong>BKWine Brief<\/strong>, med nyheter och artiklar, och reseinfo, en g\u00e5ng i m\u00e5naden<\/li><li><strong>BKWine Brief Special<\/strong>, antagligen Sveriges mest fullst\u00e4ndiga rapportering om nya viner p\u00e5 Systembolaget, en g\u00e5ng i m\u00e5naden<\/li><li><strong>BKWine Brief Resor<\/strong>, d\u00e4r vi ber\u00e4ttar om en av v\u00e5ra resor, n\u00e5gon g\u00e5ng emellan\u00e5t<\/li><\/ul><p><strong>Det finns \u00e4ven en version p\u00e5 engelska av BKWine Brief (men som ibland \u00e4r lite kortare, utan rapporteringen om Systembolagets nyheter). V\u00e4xla till engelska med spr\u00e5kv\u00e4ljaren om du vill ha den engelska versionen.<br \/><\/strong><\/p><h2>RSS-fl\u00f6de fr\u00e5n sajten<\/h2><p>Du kan prenumerera p\u00e5 nya inl\u00e4gg p\u00e5 sajten via sajtens RSS-fl\u00f6de. Det finns h\u00e4r:<\/p><p><a href=\"https:\/\/feeds.feedburner.com\/bkwinemagazinesvenska\">https:\/\/feeds.feedburner.com\/bkwinemagazinesvenska<\/a><\/p>\t\t\t\t\t\t\t\t<\/div>\n\t\t\t\t<\/div>\n\t\t\t\t\t<\/div>\n\t\t<\/div>\n\t\t\t\t\t<\/div>\n\t\t<\/section>\n\t\t\t\t<section class=\"elementor-section elementor-top-section elementor-element elementor-element-46445b3d elementor-section-stretched elementor-section-full_width elementor-section-height-default elementor-section-height-default\" data-id=\"46445b3d\" data-element_type=\"section\" data-e-type=\"section\" data-settings=\"{&quot;stretch_section&quot;:&quot;section-stretched&quot;}\">\n\t\t\t\t\t\t<div class=\"elementor-container elementor-column-gap-default\">\n\t\t\t\t\t<div class=\"elementor-column elementor-col-100 elementor-top-column elementor-element elementor-element-78f0a8d1\" data-id=\"78f0a8d1\" data-element_type=\"column\" data-e-type=\"column\">\n\t\t\t<div class=\"elementor-widget-wrap elementor-element-populated\">\n\t\t\t\t\t\t<div class=\"elementor-element elementor-element-49c3038d elementor-widget elementor-widget-image\" data-id=\"49c3038d\" data-element_type=\"widget\" data-e-type=\"widget\" data-widget_type=\"image.default\">\n\t\t\t\t<div class=\"elementor-widget-container\">\n\t\t\t\t\t\t\t\t\t\t\t\t<figure class=\"wp-caption\">\n\t\t\t\t\t\t\t\t\t\t\t<a href=\"https:\/\/www.bkwine.com\/wp-content\/uploads\/2021\/08\/bh10-452-5247.jpg\" data-elementor-open-lightbox=\"yes\" data-elementor-lightbox-title=\"Posting a letter in a letter-box, Pippi Langstrump, Pippi Longstocking\" data-e-action-hash=\"#elementor-action%3Aaction%3Dlightbox%26settings%3DeyJpZCI6NDAxNzIzLCJ1cmwiOiJodHRwczpcL1wvd3d3LmJrd2luZS5jb21cL3dwLWNvbnRlbnRcL3VwbG9hZHNcLzIwMjFcLzA4XC9iaDEwLTQ1Mi01MjQ3LmpwZyJ9\">\n\t\t\t\t\t\t\t<img fetchpriority=\"high\" decoding=\"async\" width=\"1080\" height=\"608\" src=\"https:\/\/www.bkwine.com\/wp-content\/uploads\/2021\/08\/bh10-452-5247.jpg\" class=\"attachment-full size-full wp-image-401723\" alt=\"Posting a letter in a letter-box, Pippi Langstrump, Pippi Longstocking\" srcset=\"https:\/\/www.bkwine.com\/wp-content\/uploads\/2021\/08\/bh10-452-5247.jpg 1080w, https:\/\/www.bkwine.com\/wp-content\/uploads\/2021\/08\/bh10-452-5247-300x169.jpg 300w, https:\/\/www.bkwine.com\/wp-content\/uploads\/2021\/08\/bh10-452-5247-768x432.jpg 768w\" sizes=\"(max-width: 1080px) 100vw, 1080px\" \/>\t\t\t\t\t\t\t\t<\/a>\n\t\t\t\t\t\t\t\t\t\t\t<figcaption class=\"widget-image-caption wp-caption-text\">Posting a letter in a letter-box, Pippi Langstrump, Pippi Longstocking, copyright BKWine Photography<\/figcaption>\n\t\t\t\t\t\t\t\t\t\t<\/figure>\n\t\t\t\t\t\t\t\t\t<\/div>\n\t\t\t\t<\/div>\n\t\t\t\t\t<\/div>\n\t\t<\/div>\n\t\t\t\t\t<\/div>\n\t\t<\/section>\n\t\t\t\t<\/div>\n\t\t","protected":false},"excerpt":{"rendered":"<p>BKWine Brief \u2013 nyhetsbrevet om vin p\u00e5 internet L\u00e4s BKWine Brief! Det gratis nyhetsbrevet om vin. Rekommendationer p\u00e5 de b\u00e4sta vinerna varje m\u00e5nad Tips p\u00e5 bra vinproducenter. Aktuellt fr\u00e5n vinv\u00e4rlden Restaurangrecensioner Vinkr\u00f6nika Debattartiklar Senaste nytt om vinresor och matresor Och mycket mer om vin! BKWine Brief \u00e4r ett nyhetsbrev om vin med 25 000 l\u00e4sare. [&hellip;]<\/p>\n","protected":false},"author":3,"featured_media":401723,"parent":4185,"menu_order":1,"comment_status":"closed","ping_status":"closed","template":"","meta":{"footnotes":""},"class_list":["post-401717","page","type-page","status-publish","has-post-thumbnail","hentry"],"_links":{"self":[{"href":"https:\/\/www.bkwine.com\/sv\/wp-json\/wp\/v2\/pages\/401717","targetHints":{"allow":["GET"]}}],"collection":[{"href":"https:\/\/www.bkwine.com\/sv\/wp-json\/wp\/v2\/pages"}],"about":[{"href":"https:\/\/www.bkwine.com\/sv\/wp-json\/wp\/v2\/types\/page"}],"author":[{"embeddable":true,"href":"https:\/\/www.bkwine.com\/sv\/wp-json\/wp\/v2\/users\/3"}],"replies":[{"embeddable":true,"href":"https:\/\/www.bkwine.com\/sv\/wp-json\/wp\/v2\/comments?post=401717"}],"version-history":[{"count":0,"href":"https:\/\/www.bkwine.com\/sv\/wp-json\/wp\/v2\/pages\/401717\/revisions"}],"up":[{"embeddable":true,"href":"https:\/\/www.bkwine.com\/sv\/wp-json\/wp\/v2\/pages\/4185"}],"wp:featuredmedia":[{"embeddable":true,"href":"https:\/\/www.bkwine.com\/sv\/wp-json\/wp\/v2\/media\/401723"}],"wp:attachment":[{"href":"https:\/\/www.bkwine.com\/sv\/wp-json\/wp\/v2\/media?parent=401717"}],"curies":[{"name":"wp","href":"https:\/\/api.w.org\/{rel}","templated":true}]}}