{"id":400847,"date":"2021-07-29T20:00:09","date_gmt":"2021-07-29T18:00:09","guid":{"rendered":"https:\/\/www.bkwine.com\/?page_id=400847"},"modified":"2021-08-30T11:17:50","modified_gmt":"2021-08-30T09:17:50","slug":"ur-inledningen","status":"publish","type":"page","link":"https:\/\/www.bkwine.com\/sv\/vara-bocker\/vinets-underbara-varld-fran-druva-till-bordet\/ur-inledningen\/","title":{"rendered":"Ur inledningen till boken &#8221;Vinets underbara v\u00e4rld&#8221;"},"content":{"rendered":"\t\t<div data-elementor-type=\"wp-page\" data-elementor-id=\"400847\" class=\"elementor elementor-400847\" data-elementor-post-type=\"page\">\n\t\t\t\t\t\t<section class=\"elementor-section elementor-top-section elementor-element elementor-element-3564f76 elementor-section-boxed elementor-section-height-default elementor-section-height-default\" data-id=\"3564f76\" data-element_type=\"section\" data-e-type=\"section\">\n\t\t\t\t\t\t<div class=\"elementor-container elementor-column-gap-default\">\n\t\t\t\t\t<div class=\"elementor-column elementor-col-100 elementor-top-column elementor-element elementor-element-a4854c6\" data-id=\"a4854c6\" data-element_type=\"column\" data-e-type=\"column\">\n\t\t\t<div class=\"elementor-widget-wrap elementor-element-populated\">\n\t\t\t\t\t\t<div class=\"elementor-element elementor-element-b72dc7a elementor-widget elementor-widget-text-editor\" data-id=\"b72dc7a\" data-element_type=\"widget\" data-e-type=\"widget\" data-widget_type=\"text-editor.default\">\n\t\t\t\t<div class=\"elementor-widget-container\">\n\t\t\t\t\t\t\t\t\t<p>H\u00e4r f\u00e5r du ett utdrag ur <strong>f\u00f6rordet <\/strong>till boken <strong>Vinets underbara v\u00e4rld<\/strong>, som ett litet smakprov:<\/p><h2>Vinets underbara v\u00e4rld<\/h2><p>Vinets v\u00e4rld \u00e4r underbar. Den \u00e4r fylld av druvor som v\u00e4xer i de mest fantastiska landskap och som f\u00f6rvandlas till n\u00e5got som \u00e4r den allra b\u00e4sta drycken till en god middag. Tycker man att mat och vin h\u00f6r till livets h\u00f6jdpunkter \u00e4r det l\u00e4tt att bli lyrisk n\u00e4r man t\u00e4nker p\u00e5 goda viner. Vinet \u00e4r dessutom n\u00e4ra sammankopplat med kultur, historia, geografi och m\u00e4nniskor. Vinet lockar oss att uppleva nytt, uppt\u00e4cka andra kulturer, att resa.<\/p><p>Att samla hela vinets underbara v\u00e4rld i en enda bok har varit en utmaning.<\/p><p>Vi vill ge dig en glimt av allt. F\u00f6rst och fr\u00e4mst, en beskrivning av v\u00e4rldens alla vinl\u00e4nder och vindistrikt. Sedan en f\u00f6rklaring till hur man g\u00f6r vin: druvodling, druvsorter, hur klimat och jordm\u00e5n p\u00e5verkar vinet, vinifikationen i vink\u00e4llaren, ekologiskt och biodynamiskt och s\u00e5 vidare.<\/p><p>Vi vill ocks\u00e5 ge dig en v\u00e4gledning till det praktiska runt att njuta av vinet: hur man provar vin och l\u00e4r sig att k\u00e4nna igen viner och druvor, hur man serverar vin och hur man kombinerar mat och vin, och mycket mer.<\/p><p>Allt om vinets underbara v\u00e4rld i ett kompakt och l\u00e4ttl\u00e4st paket.<\/p><p>Vi ber\u00e4ttar om 41 vinl\u00e4nder i boken och vi har sj\u00e4lva varit i 29 av dem. Vi har tr\u00e4ffat m\u00e5nga h\u00e4ngivna, of\u00f6rgl\u00f6mliga vinmakare och bes\u00f6kt tusentals ving\u00e5rdar. Alla \u00e4r speciella p\u00e5 sitt s\u00e4tt. Vi vill g\u00e4rna bes\u00f6ka fler.<\/p><p>Att resa och tr\u00e4ffa vinmakarna \u00e4r en del av v\u00e5rt jobb som vinresearrang\u00f6rer. Under v\u00e5ra resor vill vi dela med oss till resedeltagarna av v\u00e5r passion f\u00f6r vin, gastronomi och kultur. P\u00e5 samma s\u00e4tt \u00e4r denna bok ett f\u00f6rs\u00f6k att i bokform ge dig lite av den entusiasm vi har f\u00f6r vinet och allting runtomkring.<\/p><p>Att v\u00e5ra vinresor g\u00e5r \u00f6ver hela v\u00e4rlden g\u00f6r att vi ser skillnaderna och likheterna mellan olika l\u00e4nder och regioner, mellan Nya och Gamla V\u00e4rlden. Vi ser att det finns m\u00e5nga olika s\u00e4tt, olika tekniker att g\u00f6ra ett gott vin. Det finns aldrig bara en metod. Det finns s\u00e4llan n\u00e5gra sj\u00e4lvklara r\u00e4tt eller fel. Alla de vinmakare som vi tr\u00e4ffar p\u00e5 v\u00e5ra resor vittnar ocks\u00e5 om den lust att experimentera som finns idag \u00f6ver hela v\u00e4rlden. Det \u00e4r en av de bidragande faktorerna till att vi idag har o\u00e4ndligt mycket mer sp\u00e4nnande viner att botanisera bland \u00e4n tidigare generationers vindrickare hade. Och att vinerna idag \u00f6verlag \u00e4r av mycket b\u00e4ttre kvalitet \u00e4n f\u00f6rr.<\/p><p>Vinet \u00e4r en produkt skapad av m\u00e4nniskan. Utan m\u00e4nniskan inget vin. Vilken smak vinet f\u00e5r i slut\u00e4nden \u00e4r resultatet av alla de beslut och val vinmakaren har gjort i ving\u00e5rden och vink\u00e4llaren. Vinet \u00e4r ett uttryck f\u00f6r vad alla de m\u00e4nniskor som ligger bakom det vill f\u00e5 oss att uppleva. Det handlar lika mycket om m\u00e4nniskorna bakom vinet, som om sj\u00e4lva drycken.<\/p><p>Har man bredden kan man inte g\u00e5 in p\u00e5 djupet. Boken har bara ett visst antal sidor. Men vi g\u00e5r p\u00e5 djupet tillr\u00e4ckligt f\u00f6r att du ska f\u00e5 insikt och sammanhang. Vi har tidigare skrivit b\u00f6cker som har g\u00e5tt riktigt p\u00e5 djupet, b\u00e5de om hur man g\u00f6r vin och om olika vindistrikt (se litteraturlistan i slutet p\u00e5 boken). Med denna bok vill vi ge dig mycket information, men komprimerat i en enda bok. Den kan anv\u00e4ndas som kurslitteratur f\u00f6r den som g\u00e5r en utbildning. Inneh\u00e5llet \u00e4r aktuellt och uppdaterat. Vi har med den senaste statistiken, de senaste lag\u00e4ndringarna, de nya eller f\u00f6r\u00e4ndrade vinregionerna och den senaste tekniken. Vinv\u00e4rlden \u00e4r mycket annorlunda idag \u00e4n f\u00f6r tjugo \u00e5r sedan.<\/p><p>Men boken passar lika bra f\u00f6r vinentusiasten som \u00e4r nyfiken och vill l\u00e4ra sig lite av varje om vin.<\/p><p>Vinv\u00e4rlden har v\u00e4xt. Fler l\u00e4nder \u00e4n n\u00e5gonsin producerar vin. Tack vara ny kunskap om vinets kemi och v\u00e4lutbildade vinproducenter f\u00e5r vi idag viner som \u00e4r b\u00e4ttre \u00e4n n\u00e5gonsin. Inte minst, vi f\u00e5r bra viner till rimliga priser.<\/p><p>M\u00e5nga fler m\u00e4nniskor dricker vin idag \u00e4n f\u00f6r 50 \u00e5r sedan. Att dricka vin h\u00f6r inte bara till de festliga tillf\u00e4llena l\u00e4ngre, utan ocks\u00e5 ibland till vardagen. Mycket runt vinet har avdramatiserats. Men kanske inte tillr\u00e4ckligt. Det finns fortfarande alldeles f\u00f6r m\u00e5nga myter om vin. Det finns fortfarande bland m\u00e5nga konsumenter en r\u00e4dsla att g\u00f6ra \u201dfel\u201d. Fel glas till vinet. Fel \u00e5rg\u00e5ng. Fel sida av floden. Fel vin till maten\u2026 Helt i on\u00f6dan, vilket vi hoppas v\u00e5r bok f\u00f6rmedlar.<\/p><p>Visst ska man fr\u00e5ga om r\u00e5d om man \u00e4r os\u00e4ker. Men man ska ta l\u00e4tt p\u00e5 alla \u201dm\u00e5sten\u201d. Man b\u00f6r vara skeptisk till den som \u00e4r allt f\u00f6r kategorisk eller som vill s\u00e4tta vissa saker (eller viner) p\u00e5 en piedestal. Det finns inga regler kring vinet som man slaviskt m\u00e5ste f\u00f6lja.<\/p><p>En sak som vi har l\u00e4rt oss under alla de \u00e5r som vi har njutit av vin \u00e4r att man aldrig ska k\u00e4nna att det finns viner som man \u201dm\u00e5ste\u201d dricka. Det viktiga \u00e4r tillf\u00e4llet, uppt\u00e4ckten, den nya erfarenheten. F\u00e5r man inte tag p\u00e5 ett visst vin s\u00e5 finns det alltid ett annat, lika bra, lika intressant. Och kanske mer ok\u00e4nt, vilket g\u00f6r det \u00e4nnu roligare.<\/p><p>Vinets v\u00e4rld \u00e4r fantastiskt varierad. H\u00e4r finns en m\u00e5ngfald som i f\u00e5 andra branscher: en otrolig m\u00e4ngd druvor, producenter, regioner och stilar. Kanske kan det ibland k\u00e4nnas som om ger alltf\u00f6r m\u00e5nga valm\u00f6jligheter. Men se det som en tillg\u00e5ng ist\u00e4llet. Man ska inte vara r\u00e4dd f\u00f6r att prova viner fr\u00e5n mindre k\u00e4nda eller t.o.m. helt ok\u00e4nda producenter eller regioner. Kanske uppt\u00e4cker man odlare som om n\u00e5gra \u00e5r \u00e4r de nya stj\u00e4rnorna.<\/p><p>Boken som du h\u00e5ller i handen hoppas vi kan vara din ledsagare och ditt reses\u00e4llskap f\u00f6r mer kunskap om och fler sp\u00e4nnande uppt\u00e4cker i vinets underbara v\u00e4rld.<\/p><p><strong><em>Paris i mars 2021<\/em><\/strong><\/p><p><strong><em>Britt Karlsson<\/em><\/strong><\/p><p><strong><em>Per Karlsson<\/em><\/strong><\/p>\t\t\t\t\t\t\t\t<\/div>\n\t\t\t\t<\/div>\n\t\t\t\t\t<\/div>\n\t\t<\/div>\n\t\t\t\t\t<\/div>\n\t\t<\/section>\n\t\t\t\t<section class=\"elementor-section elementor-top-section elementor-element elementor-element-5389e54 elementor-section-boxed elementor-section-height-default elementor-section-height-default\" data-id=\"5389e54\" data-element_type=\"section\" data-e-type=\"section\">\n\t\t\t\t\t\t<div class=\"elementor-container elementor-column-gap-default\">\n\t\t\t\t\t<div class=\"elementor-column elementor-col-100 elementor-top-column elementor-element elementor-element-c998007\" data-id=\"c998007\" data-element_type=\"column\" data-e-type=\"column\">\n\t\t\t<div class=\"elementor-widget-wrap elementor-element-populated\">\n\t\t\t\t\t\t<div class=\"elementor-element elementor-element-9f8c944 elementor-widget elementor-widget-text-editor\" data-id=\"9f8c944\" data-element_type=\"widget\" data-e-type=\"widget\" data-widget_type=\"text-editor.default\">\n\t\t\t\t<div class=\"elementor-widget-container\">\n\t\t\t\t\t\t\t\t\t<p>H\u00e4r finns mer information om <strong>\u201cVinets underbara v\u00e4rld, fr\u00e5n druva till bord; vinodling, vinl\u00e4nder, vinprovning, vin &amp; mat\u201d<\/strong>:<\/p><ul><li><a href=\"https:\/\/www.bkwine.com\/sv\/vara-bocker\/vinets-underbara-varld-fran-druva-till-bordet\/om-boken\/\">Introduktion, om boken<\/a><\/li><li><a href=\"https:\/\/www.bkwine.com\/sv\/vara-bocker\/vinets-underbara-varld-fran-druva-till-bordet\/innehall\/\">Inneh\u00e5llsf\u00f6rteckning<\/a><\/li><li><a href=\"https:\/\/www.bkwine.com\/sv\/vara-bocker\/vinets-underbara-varld-fran-druva-till-bordet\/ur-inledningen\/\">Ur inledningen<\/a><\/li><li><a href=\"https:\/\/www.bkwine.com\/sv\/category\/bocker\/vinets-underbara-varld\/\">Sagt om boken och nyheter<\/a><\/li><li>Bilder ur boken (kommer snart)<\/li><li><a href=\"https:\/\/www.bkwine.com\/sv\/vara-bocker\/vinets-underbara-varld-fran-druva-till-bordet\/kop-boken\/\">K\u00f6p boken<\/a><\/li><\/ul><h2>Mer b\u00f6cker av BKWine<\/h2><p>H\u00e4r kan du se <a href=\"https:\/\/www.bkwine.com\/sv\/vara-bocker\/\">alla de vinb\u00f6cker som vi gjort<\/a>.<\/p>\t\t\t\t\t\t\t\t<\/div>\n\t\t\t\t<\/div>\n\t\t\t\t<div class=\"elementor-element elementor-element-15dae59 elementor-widget elementor-widget-image\" data-id=\"15dae59\" data-element_type=\"widget\" data-e-type=\"widget\" data-widget_type=\"image.default\">\n\t\t\t\t<div class=\"elementor-widget-container\">\n\t\t\t\t\t\t\t\t\t\t\t\t<figure class=\"wp-caption\">\n\t\t\t\t\t\t\t\t\t\t\t<a href=\"https:\/\/www.bkwine.com\/wp-content\/uploads\/2021\/06\/Vinets-underbara-va\u0308rld-omslag-600-by-840.jpg\" data-elementor-open-lightbox=\"yes\" data-elementor-lightbox-title=\"Framsida: Vinets underbara v\u00e4rld\" data-e-action-hash=\"#elementor-action%3Aaction%3Dlightbox%26settings%3DeyJpZCI6Mzk3MTYxLCJ1cmwiOiJodHRwczpcL1wvd3d3LmJrd2luZS5jb21cL3dwLWNvbnRlbnRcL3VwbG9hZHNcLzIwMjFcLzA2XC9WaW5ldHMtdW5kZXJiYXJhLXZhXHUwMzA4cmxkLW9tc2xhZy02MDAtYnktODQwLmpwZyJ9\">\n\t\t\t\t\t\t\t<img fetchpriority=\"high\" decoding=\"async\" width=\"600\" height=\"840\" src=\"https:\/\/www.bkwine.com\/wp-content\/uploads\/2021\/06\/Vinets-underbara-va\u0308rld-omslag-600-by-840.jpg\" class=\"attachment-full size-full wp-image-397161\" alt=\"Framsida: Vinets underbara v\u00e4rld\" srcset=\"https:\/\/www.bkwine.com\/wp-content\/uploads\/2021\/06\/Vinets-underbara-va\u0308rld-omslag-600-by-840.jpg 600w, https:\/\/www.bkwine.com\/wp-content\/uploads\/2021\/06\/Vinets-underbara-va\u0308rld-omslag-600-by-840-300x420.jpg 300w\" sizes=\"(max-width: 600px) 100vw, 600px\" \/>\t\t\t\t\t\t\t\t<\/a>\n\t\t\t\t\t\t\t\t\t\t\t<figcaption class=\"widget-image-caption wp-caption-text\">Framsida: \u201cVinets underbara v\u00e4rld, fr\u00e5n druva till bord; vinodling, vinl\u00e4nder, vinprovning, vin &amp; mat\u201d, av Britt och Per Karlsson (The Wonderful World of Wine, from grape to the table; wine growing, wine countries, wine tasting, wine &amp; food pairing, by Britt &amp; Per Karlsson)<\/figcaption>\n\t\t\t\t\t\t\t\t\t\t<\/figure>\n\t\t\t\t\t\t\t\t\t<\/div>\n\t\t\t\t<\/div>\n\t\t\t\t\t<\/div>\n\t\t<\/div>\n\t\t\t\t\t<\/div>\n\t\t<\/section>\n\t\t\t\t<\/div>\n\t\t","protected":false},"excerpt":{"rendered":"<p>H\u00e4r f\u00e5r du ett utdrag ur f\u00f6rordet till boken Vinets underbara v\u00e4rld, som ett litet smakprov: Vinets underbara v\u00e4rld Vinets v\u00e4rld \u00e4r underbar. Den \u00e4r fylld av druvor som v\u00e4xer i de mest fantastiska landskap och som f\u00f6rvandlas till n\u00e5got som \u00e4r den allra b\u00e4sta drycken till en god middag. Tycker man att mat och [&hellip;]<\/p>\n","protected":false},"author":3,"featured_media":404421,"parent":397168,"menu_order":3,"comment_status":"closed","ping_status":"closed","template":"","meta":{"footnotes":""},"class_list":["post-400847","page","type-page","status-publish","has-post-thumbnail","hentry"],"_links":{"self":[{"href":"https:\/\/www.bkwine.com\/sv\/wp-json\/wp\/v2\/pages\/400847","targetHints":{"allow":["GET"]}}],"collection":[{"href":"https:\/\/www.bkwine.com\/sv\/wp-json\/wp\/v2\/pages"}],"about":[{"href":"https:\/\/www.bkwine.com\/sv\/wp-json\/wp\/v2\/types\/page"}],"author":[{"embeddable":true,"href":"https:\/\/www.bkwine.com\/sv\/wp-json\/wp\/v2\/users\/3"}],"replies":[{"embeddable":true,"href":"https:\/\/www.bkwine.com\/sv\/wp-json\/wp\/v2\/comments?post=400847"}],"version-history":[{"count":0,"href":"https:\/\/www.bkwine.com\/sv\/wp-json\/wp\/v2\/pages\/400847\/revisions"}],"up":[{"embeddable":true,"href":"https:\/\/www.bkwine.com\/sv\/wp-json\/wp\/v2\/pages\/397168"}],"wp:featuredmedia":[{"embeddable":true,"href":"https:\/\/www.bkwine.com\/sv\/wp-json\/wp\/v2\/media\/404421"}],"wp:attachment":[{"href":"https:\/\/www.bkwine.com\/sv\/wp-json\/wp\/v2\/media?parent=400847"}],"curies":[{"name":"wp","href":"https:\/\/api.w.org\/{rel}","templated":true}]}}