{"id":397173,"date":"2021-06-29T17:47:14","date_gmt":"2021-06-29T15:47:14","guid":{"rendered":"https:\/\/www.bkwine.com\/?page_id=397173"},"modified":"2022-07-04T16:49:30","modified_gmt":"2022-07-04T14:49:30","slug":"om-boken","status":"publish","type":"page","link":"https:\/\/www.bkwine.com\/sv\/vara-bocker\/vinets-underbara-varld-fran-druva-till-bordet\/om-boken\/","title":{"rendered":"Om boken: Vinets underbara v\u00e4rld"},"content":{"rendered":"\t\t<div data-elementor-type=\"wp-page\" data-elementor-id=\"397173\" class=\"elementor elementor-397173\" data-elementor-post-type=\"page\">\n\t\t\t\t\t\t<section class=\"elementor-section elementor-top-section elementor-element elementor-element-d7b378e elementor-section-boxed elementor-section-height-default elementor-section-height-default\" data-id=\"d7b378e\" data-element_type=\"section\" data-e-type=\"section\">\n\t\t\t\t\t\t<div class=\"elementor-container elementor-column-gap-default\">\n\t\t\t\t\t<div class=\"elementor-column elementor-col-100 elementor-top-column elementor-element elementor-element-d9efd16\" data-id=\"d9efd16\" data-element_type=\"column\" data-e-type=\"column\">\n\t\t\t<div class=\"elementor-widget-wrap elementor-element-populated\">\n\t\t\t\t\t\t<div class=\"elementor-element elementor-element-7c27282 elementor-widget elementor-widget-text-editor\" data-id=\"7c27282\" data-element_type=\"widget\" data-e-type=\"widget\" data-widget_type=\"text-editor.default\">\n\t\t\t\t<div class=\"elementor-widget-container\">\n\t\t\t\t\t\t\t\t\t<p><strong>Vinets v\u00e4rld \u00e4r underbar. Den \u00e4r fylld av druvor som v\u00e4xer i de mest fantastiska landskap och som f\u00f6rvandlas till n\u00e5got som \u00e4r den allra b\u00e4sta drycken till en god middag. Tycker man att mat och vin h\u00f6r till livets h\u00f6jdpunkter \u00e4r det l\u00e4tt att bli lyrisk n\u00e4r man t\u00e4nker p\u00e5 goda viner. Vinet \u00e4r dessutom n\u00e4ra sammankopplat med kultur, historia, geografi och m\u00e4nniskor. Vinet lockar oss att uppleva nytt, uppt\u00e4cka andra kulturer, att resa. Att samla hela vinets underbara v\u00e4rld i en enda bok har varit en utmaning. <\/strong><\/p><p>Den h\u00e4r boken, \u201dVinets underbara v\u00e4rld\u201d (v\u00e5r elfte bok), ber\u00e4ttar om \u201dallt\u201d om vin, alltifr\u00e5n hur man odlar druvor till hur man kombinerar mat och vin. Den fullst\u00e4ndiga titeln \u00e4r \u201cVinets underbara v\u00e4rld, fr\u00e5n druva till bord; vinodling, vinl\u00e4nder, vinprovning, vin &amp; mat\u201d, av Britt och Per Karlsson.<\/p><p>Den \u00e4r t\u00e4nkt f\u00f6r dig som vill veta mer om vin, som vill f\u00f6rst l\u00e4ra dig grunderna, men som sedan vill komma en bra bit l\u00e4ngre. Den passar lika bra f\u00f6r den som vill ha n\u00e5got l\u00e4ttl\u00e4st, engagerande och underh\u00e5llande om vinets v\u00e4rld, som f\u00f6r den som s\u00f6ker en faktafylld kursbok om vin.<\/p>\t\t\t\t\t\t\t\t<\/div>\n\t\t\t\t<\/div>\n\t\t\t\t<div class=\"elementor-element elementor-element-5bc60aaa elementor-widget elementor-widget-image\" data-id=\"5bc60aaa\" data-element_type=\"widget\" data-e-type=\"widget\" data-widget_type=\"image.default\">\n\t\t\t\t<div class=\"elementor-widget-container\">\n\t\t\t\t\t\t\t\t\t\t\t\t<figure class=\"wp-caption\">\n\t\t\t\t\t\t\t\t\t\t\t<a href=\"https:\/\/www.bkwine.com\/wp-content\/uploads\/2021\/06\/Vinets-underbara-va\u0308rld-omslag-600-by-840.jpg\" data-elementor-open-lightbox=\"yes\" data-elementor-lightbox-title=\"Framsida: Vinets underbara v\u00e4rld\" data-e-action-hash=\"#elementor-action%3Aaction%3Dlightbox%26settings%3DeyJpZCI6Mzk3MTYxLCJ1cmwiOiJodHRwczpcL1wvd3d3LmJrd2luZS5jb21cL3dwLWNvbnRlbnRcL3VwbG9hZHNcLzIwMjFcLzA2XC9WaW5ldHMtdW5kZXJiYXJhLXZhXHUwMzA4cmxkLW9tc2xhZy02MDAtYnktODQwLmpwZyJ9\">\n\t\t\t\t\t\t\t<img fetchpriority=\"high\" decoding=\"async\" width=\"600\" height=\"840\" src=\"https:\/\/www.bkwine.com\/wp-content\/uploads\/2021\/06\/Vinets-underbara-va\u0308rld-omslag-600-by-840.jpg\" class=\"attachment-full size-full wp-image-397161\" alt=\"Framsida: Vinets underbara v\u00e4rld\" srcset=\"https:\/\/www.bkwine.com\/wp-content\/uploads\/2021\/06\/Vinets-underbara-va\u0308rld-omslag-600-by-840.jpg 600w, https:\/\/www.bkwine.com\/wp-content\/uploads\/2021\/06\/Vinets-underbara-va\u0308rld-omslag-600-by-840-300x420.jpg 300w\" sizes=\"(max-width: 600px) 100vw, 600px\" \/>\t\t\t\t\t\t\t\t<\/a>\n\t\t\t\t\t\t\t\t\t\t\t<figcaption class=\"widget-image-caption wp-caption-text\">Framsida: \u201cVinets underbara v\u00e4rld, fr\u00e5n druva till bord; vinodling, vinl\u00e4nder, vinprovning, vin &amp; mat\u201d, av Britt och Per Karlsson (The Wonderful World of Wine, from grape to the table; wine growing, wine countries, wine tasting, wine &amp; food pairing, by Britt &amp; Per Karlsson)<\/figcaption>\n\t\t\t\t\t\t\t\t\t\t<\/figure>\n\t\t\t\t\t\t\t\t\t<\/div>\n\t\t\t\t<\/div>\n\t\t\t\t<div class=\"elementor-element elementor-element-809293f elementor-widget elementor-widget-text-editor\" data-id=\"809293f\" data-element_type=\"widget\" data-e-type=\"widget\" data-widget_type=\"text-editor.default\">\n\t\t\t\t<div class=\"elementor-widget-container\">\n\t\t\t\t\t\t\t\t\t<p>Boken har vunnit priser i Gourmand International, \u00e4ven kallat Gourmand World Cookbook Awards, v\u00e4rldens st\u00f6rsta t\u00e4vling f\u00f6r mat- och dryckeslitteratur:<\/p><ul><li><strong>Gourmand Awards Sverige<\/strong><ul><li><strong>F\u00f6rsta pris i kategorin \u201dv\u00e4rldens viner\u201d<\/strong><\/li><li><strong>F\u00f6rsta pris i kategorin \u201dvinturism\u201d<\/strong><\/li><\/ul><\/li><li><strong>Gourmand Awards International<\/strong><ul><li><strong>Andra pris, globalt, i kategorin World Wine<\/strong><\/li><li><strong>Tredje pris, globalt, i kategorin Wine Tourism<\/strong><\/li><\/ul><\/li><\/ul>\t\t\t\t\t\t\t\t<\/div>\n\t\t\t\t<\/div>\n\t\t\t\t<div class=\"elementor-element elementor-element-4631735 elementor-widget elementor-widget-image\" data-id=\"4631735\" data-element_type=\"widget\" data-e-type=\"widget\" data-widget_type=\"image.default\">\n\t\t\t\t<div class=\"elementor-widget-container\">\n\t\t\t\t\t\t\t\t\t\t\t\t<figure class=\"wp-caption\">\n\t\t\t\t\t\t\t\t\t\t\t<a href=\"https:\/\/www.bkwine.com\/wp-content\/uploads\/2012\/08\/Logo-Gour-Best-in-the-World.jpg\" data-elementor-open-lightbox=\"yes\" data-elementor-lightbox-title=\"Gourmand World Cookbook Awards Best in the World\" data-e-action-hash=\"#elementor-action%3Aaction%3Dlightbox%26settings%3DeyJpZCI6NzMyMTksInVybCI6Imh0dHBzOlwvXC93d3cuYmt3aW5lLmNvbVwvd3AtY29udGVudFwvdXBsb2Fkc1wvMjAxMlwvMDhcL0xvZ28tR291ci1CZXN0LWluLXRoZS1Xb3JsZC5qcGcifQ%3D%3D\">\n\t\t\t\t\t\t\t<img decoding=\"async\" width=\"600\" height=\"568\" src=\"https:\/\/www.bkwine.com\/wp-content\/uploads\/2012\/08\/Logo-Gour-Best-in-the-World.jpg\" class=\"attachment-full size-full wp-image-73219\" alt=\"Gourmand World Cookbook Awards Best in the World\" srcset=\"https:\/\/www.bkwine.com\/wp-content\/uploads\/2012\/08\/Logo-Gour-Best-in-the-World.jpg 600w, https:\/\/www.bkwine.com\/wp-content\/uploads\/2012\/08\/Logo-Gour-Best-in-the-World-300x284.jpg 300w, https:\/\/www.bkwine.com\/wp-content\/uploads\/2012\/08\/Logo-Gour-Best-in-the-World-400x378.jpg 400w\" sizes=\"(max-width: 600px) 100vw, 600px\" \/>\t\t\t\t\t\t\t\t<\/a>\n\t\t\t\t\t\t\t\t\t\t\t<figcaption class=\"widget-image-caption wp-caption-text\">Gourmand World Cookbook Awards Best in the World<\/figcaption>\n\t\t\t\t\t\t\t\t\t\t<\/figure>\n\t\t\t\t\t\t\t\t\t<\/div>\n\t\t\t\t<\/div>\n\t\t\t\t<div class=\"elementor-element elementor-element-2d49de5 elementor-widget elementor-widget-text-editor\" data-id=\"2d49de5\" data-element_type=\"widget\" data-e-type=\"widget\" data-widget_type=\"text-editor.default\">\n\t\t\t\t<div class=\"elementor-widget-container\">\n\t\t\t\t\t\t\t\t\t<p>Boken kan mycket v\u00e4l anv\u00e4ndas som en kursbok p\u00e5 en vinkurs p\u00e5 mellanniv\u00e5, t.ex. Munsk\u00e4nkarnas \u201dtv\u00e5betyg\u201d. Den g\u00e5r l\u00e5ngt ut\u00f6ver grunderna i en introduktionskurs. Vill man g\u00e5 ytterligare p\u00e5 djupet \u00e4n denna bok f\u00e5r man <a href=\"https:\/\/www.bkwine.com\/sv\/vara-bocker\/\">g\u00e5 till v\u00e5ra andra vinb\u00f6cker<\/a> som tar dig ett steg l\u00e4ngre, och sedan komplettera med specialiserade faktab\u00f6cker p\u00e5 olika teman, som n\u00e4stan bara finns p\u00e5 engelska eller franska.<\/p><p>\u201dVinets underbara v\u00e4rld\u201d tar dig en l\u00e5ng bit p\u00e5 v\u00e4gen i kunskapen om vin.<\/p><p>Det \u00e4r den enda moderna svenska vinkursboken med fullst\u00e4ndigt uppdaterade fakta, som beskriver dagens vinv\u00e4rld.<\/p><p>Boken tar dig med p\u00e5 en resa genom n\u00e4stan alla v\u00e4rldens vinl\u00e4nder, d\u00e4r vi g\u00e5r p\u00e5 djupet s\u00e5 l\u00e5ngt som \u00e4r m\u00f6jligt i det begr\u00e4nsade formatet. Materialet till boken kommer till stor utstr\u00e4ckning fr\u00e5n <a href=\"https:\/\/www.bkwinevinresor.com\/\" target=\"_blank\" rel=\"noopener\">v\u00e5ra egna vinresor i vindistrikt<\/a>. Vi har bes\u00f6kt majoriteten (om \u00e4n inte alla) av de l\u00e4nder vi beskriver och tr\u00e4ffat och diskuterat med tusentals vinodlare.<\/p><p>Vi f\u00f6rklarar hur det g\u00e5r till att odla vin i ving\u00e5rden, ber\u00e4ttar ing\u00e5ende om v\u00e4rldens alla stora druvsorter (och m\u00e5nga av de mindre ocks\u00e5), betydelsen av klimat och jordm\u00e5n. Vi f\u00f6rklarar vad vinproducenten g\u00f6r i vink\u00e4llare f\u00f6r att \u201dg\u00f6ra\u201d vin, sk\u00f6rd, j\u00e4sning, \u201dtillsatser\u201d och mycket annat.<\/p><p>Vinets historia kommer ocks\u00e5 med, med de allra viktigaste bitarna, \u00e4ven om vi undviker detaljer om vad fenicierna gjorde h\u00e4r och d\u00e4r vid sina kustnedslag. Vi fokuserar ist\u00e4llet p\u00e5 de viktiga bitarna i vinets utveckling, \u00e4nda fram till v\u00e5ra dagar.<\/p><p>Att kombinera mat och vin \u00e4r ett \u00e4mne som diskuteras mycket idag. Vi f\u00f6rklarar p\u00e5 ett enkelt och r\u00e4ttframt s\u00e4tt de viktigaste sakerna att t\u00e4nka p\u00e5 f\u00f6r att lyckas. Det \u00e4r inte en komplicerad vetenskap utan handlar mer om k\u00e4nsla och n\u00e5gra enkla principer.<\/p><p>Boken ger dig \u00e4ven r\u00e5d och v\u00e4gledning i hur du utvecklar din talang f\u00f6r att prova vin. \u00c5terigen, det \u00e4r ingen komplicerad teknik, utan handlar om att smaka, att t\u00e4nka och att tycka.<\/p><p>\u201dVinets underbara v\u00e4rld\u201d \u00e4r en oumb\u00e4rlig v\u00e4gledning till den som vill f\u00e5 mer gl\u00e4dje och njutning av vin och av mat.<\/p><p>S\u00e5 h\u00e4r s\u00e4ger f\u00f6rlagschefen Trygve Carlsson om boken:<\/p><blockquote><p>\u201dVinets v\u00e4rld \u00e4r underbar\u201d utropas redan i f\u00f6rordet till denna nya \u201dkompletta\u201d bok om det mesta som har att g\u00f6ra med vin. \u201dDen \u00e4r fylld av druvor som v\u00e4xer i de mest fantastiska landskap och som f\u00f6rvandlas till n\u00e5got som \u00e4r den allra b\u00e4sta drycken till en god middag.\u201d S\u00e5 uppmuntrande lyder upptakten till denna engagerande, insiktsfulla och breda introduktion till vinets v\u00e4rld.<\/p><p>H\u00e4r behandlas \u201dallt\u201d om vin i en enda laddad volym \u2013 beh\u00e4ndigt nog: vinl\u00e4nder och vindistrikt, druvodling, druvsorter, klimat och jordm\u00e5n, vinifikation, ekologiskt och biodynamiskt och s\u00e5 mycket mer. 41 l\u00e4nder avhandlas, Britt och Per Karlsson har personligen bes\u00f6kt 29 av dem. De har tr\u00e4ffat h\u00e4ngivna odlare och of\u00f6rgl\u00f6mliga vinmakare, diskuterat och provsmakat, testat mat och olika viner i kombination, noterat kulturens inflytande.<\/p><p>De l\u00e4gger m\u00e4rke till skillnader och likheter mellan v\u00e4rldsdelar, l\u00e4nder, regioner och enskilda vinmakare. De konstaterar med egna \u00f6gon och bepr\u00f6vat smaksinne hur mycket som h\u00e4nder: \u201dVinv\u00e4rlden \u00e4r mycket annorlunda idag \u00e4n f\u00f6r tjugo \u00e5r sedan.\u201d<\/p><p><em>Vinets underbara v\u00e4rld<\/em> \u00e4r en gener\u00f6st illustrerad volym om en lockande v\u00e4rld. B\u00e4ttre ciceroner och kunskapare \u00e4n Britt och Per Karlsson kan man inte ha.<\/p><p>Boken passar lika bra f\u00f6r den som vill f\u00e5 en njutningsfylld och l\u00e4ttl\u00e4st \u00f6versikt av vinets v\u00e4rld, som f\u00f6r den som g\u00e5r p\u00e5 vinkurs och beh\u00f6ver en faktafylld f\u00f6rdjupningstext.<\/p><p>Britt och Per Karlsson \u00e4r bland Sveriges mest publicerade och ansedda vinboksf\u00f6rfattare, sedan l\u00e4nge bosatta i Paris. De har tidigare utgivit ett tiotal b\u00f6cker om vinets v\u00e4rld. \u00c5tskilliga av dem har bel\u00f6nats med b\u00e5de svenska och prestigefulla internationella priser. Tillsammans driver paret BKWine med vinresor och utgivandet av ett nyhetsbrev p\u00e5 svenska och p\u00e5 engelska, och skriver f\u00f6r Forbes.com. Britt och Per anlitas \u00e4ven internationellt som jurymedlemmar i vint\u00e4vlingar.<\/p><\/blockquote><p><strong>F\u00f6rfattare:<\/strong> Britt Karlsson och Per Karlsson<\/p><p><strong>Fotograf:<\/strong> Per Karlsson<\/p><p><strong>ISBN:<\/strong> 9789189063884<\/p><p><strong>Utgiven:<\/strong> 2021-09-15<\/p><p><strong>F\u00f6rlag:<\/strong> Carlsson Bokf\u00f6rlag<\/p><p><strong>Antal sidor:<\/strong> 360<\/p><p><strong>Bandtyp<\/strong>: Inbunden, rikt illustrerad<\/p><p><strong>Omf\u00e5ng<\/strong>: 250 x 170 x 30 mm, vikt 1128 g<\/p>\t\t\t\t\t\t\t\t<\/div>\n\t\t\t\t<\/div>\n\t\t\t\t\t<\/div>\n\t\t<\/div>\n\t\t\t\t\t<\/div>\n\t\t<\/section>\n\t\t\t\t<section class=\"elementor-section elementor-top-section elementor-element elementor-element-9a69bb0 elementor-section-boxed elementor-section-height-default elementor-section-height-default\" data-id=\"9a69bb0\" data-element_type=\"section\" data-e-type=\"section\">\n\t\t\t\t\t\t<div class=\"elementor-container elementor-column-gap-default\">\n\t\t\t\t\t<div class=\"elementor-column elementor-col-100 elementor-top-column elementor-element elementor-element-3efa05c\" data-id=\"3efa05c\" data-element_type=\"column\" data-e-type=\"column\">\n\t\t\t<div class=\"elementor-widget-wrap elementor-element-populated\">\n\t\t\t\t\t\t<div class=\"elementor-element elementor-element-2112b42 elementor-widget elementor-widget-text-editor\" data-id=\"2112b42\" data-element_type=\"widget\" data-e-type=\"widget\" data-widget_type=\"text-editor.default\">\n\t\t\t\t<div class=\"elementor-widget-container\">\n\t\t\t\t\t\t\t\t\t<h2>Mer information<\/h2><p>H\u00e4r finns mer information om <strong>\u201cVinets underbara v\u00e4rld, fr\u00e5n druva till bord; vinodling, vinl\u00e4nder, vinprovning, vin &amp; mat\u201d<\/strong>:<\/p><ul><li><a href=\"https:\/\/www.bkwine.com\/sv\/vara-bocker\/vinets-underbara-varld-fran-druva-till-bordet\/om-boken\/\">Introduktion, om boken<\/a><\/li><li><a href=\"https:\/\/www.bkwine.com\/sv\/vara-bocker\/vinets-underbara-varld-fran-druva-till-bordet\/innehall\/\">Inneh\u00e5llsf\u00f6rteckning<\/a><\/li><li><a href=\"https:\/\/www.bkwine.com\/sv\/vara-bocker\/vinets-underbara-varld-fran-druva-till-bordet\/ur-inledningen\/\">Ur inledningen<\/a><\/li><li><a href=\"https:\/\/www.bkwine.com\/sv\/category\/bocker\/vinets-underbara-varld\/\">Sagt om boken och nyheter<\/a><\/li><li>Bilder ur boken (kommer snart)<\/li><li><a href=\"https:\/\/www.bkwine.com\/sv\/vara-bocker\/vinets-underbara-varld-fran-druva-till-bordet\/kop-boken\/\">K\u00f6p boken<\/a><\/li><\/ul><h2>Mer b\u00f6cker av BKWine<\/h2><p>H\u00e4r kan du se <a href=\"https:\/\/www.bkwine.com\/sv\/vara-bocker\/\">alla de vinb\u00f6cker som vi gjort<\/a>.<\/p>\t\t\t\t\t\t\t\t<\/div>\n\t\t\t\t<\/div>\n\t\t\t\t<div class=\"elementor-element elementor-element-c5e94d2 elementor-widget elementor-widget-image\" data-id=\"c5e94d2\" data-element_type=\"widget\" data-e-type=\"widget\" data-widget_type=\"image.default\">\n\t\t\t\t<div class=\"elementor-widget-container\">\n\t\t\t\t\t\t\t\t\t\t\t\t<figure class=\"wp-caption\">\n\t\t\t\t\t\t\t\t\t\t\t<a href=\"https:\/\/www.bkwine.com\/wp-content\/uploads\/2021\/06\/Vinets-underbara-va\u0308rld-omslag-600-by-840.jpg\" data-elementor-open-lightbox=\"yes\" data-elementor-lightbox-title=\"Framsida: Vinets underbara v\u00e4rld\" data-e-action-hash=\"#elementor-action%3Aaction%3Dlightbox%26settings%3DeyJpZCI6Mzk3MTYxLCJ1cmwiOiJodHRwczpcL1wvd3d3LmJrd2luZS5jb21cL3dwLWNvbnRlbnRcL3VwbG9hZHNcLzIwMjFcLzA2XC9WaW5ldHMtdW5kZXJiYXJhLXZhXHUwMzA4cmxkLW9tc2xhZy02MDAtYnktODQwLmpwZyJ9\">\n\t\t\t\t\t\t\t<img fetchpriority=\"high\" decoding=\"async\" width=\"600\" height=\"840\" src=\"https:\/\/www.bkwine.com\/wp-content\/uploads\/2021\/06\/Vinets-underbara-va\u0308rld-omslag-600-by-840.jpg\" class=\"attachment-full size-full wp-image-397161\" alt=\"Framsida: Vinets underbara v\u00e4rld\" srcset=\"https:\/\/www.bkwine.com\/wp-content\/uploads\/2021\/06\/Vinets-underbara-va\u0308rld-omslag-600-by-840.jpg 600w, https:\/\/www.bkwine.com\/wp-content\/uploads\/2021\/06\/Vinets-underbara-va\u0308rld-omslag-600-by-840-300x420.jpg 300w\" sizes=\"(max-width: 600px) 100vw, 600px\" \/>\t\t\t\t\t\t\t\t<\/a>\n\t\t\t\t\t\t\t\t\t\t\t<figcaption class=\"widget-image-caption wp-caption-text\">Framsida: \u201cVinets underbara v\u00e4rld, fr\u00e5n druva till bord; vinodling, vinl\u00e4nder, vinprovning, vin &amp; mat\u201d, av Britt och Per Karlsson (The Wonderful World of Wine, from grape to the table; wine growing, wine countries, wine tasting, wine &amp; food pairing, by Britt &amp; Per Karlsson)<\/figcaption>\n\t\t\t\t\t\t\t\t\t\t<\/figure>\n\t\t\t\t\t\t\t\t\t<\/div>\n\t\t\t\t<\/div>\n\t\t\t\t\t<\/div>\n\t\t<\/div>\n\t\t\t\t\t<\/div>\n\t\t<\/section>\n\t\t\t\t<\/div>\n\t\t","protected":false},"excerpt":{"rendered":"<p>Vinets v\u00e4rld \u00e4r underbar. Den \u00e4r fylld av druvor som v\u00e4xer i de mest fantastiska landskap och som f\u00f6rvandlas till n\u00e5got som \u00e4r den allra b\u00e4sta drycken till en god middag. Tycker man att mat och vin h\u00f6r till livets h\u00f6jdpunkter \u00e4r det l\u00e4tt att bli lyrisk n\u00e4r man t\u00e4nker p\u00e5 goda viner. Vinet \u00e4r [&hellip;]<\/p>\n","protected":false},"author":3,"featured_media":404421,"parent":397168,"menu_order":1,"comment_status":"closed","ping_status":"closed","template":"","meta":{"footnotes":""},"class_list":["post-397173","page","type-page","status-publish","has-post-thumbnail","hentry"],"_links":{"self":[{"href":"https:\/\/www.bkwine.com\/sv\/wp-json\/wp\/v2\/pages\/397173","targetHints":{"allow":["GET"]}}],"collection":[{"href":"https:\/\/www.bkwine.com\/sv\/wp-json\/wp\/v2\/pages"}],"about":[{"href":"https:\/\/www.bkwine.com\/sv\/wp-json\/wp\/v2\/types\/page"}],"author":[{"embeddable":true,"href":"https:\/\/www.bkwine.com\/sv\/wp-json\/wp\/v2\/users\/3"}],"replies":[{"embeddable":true,"href":"https:\/\/www.bkwine.com\/sv\/wp-json\/wp\/v2\/comments?post=397173"}],"version-history":[{"count":0,"href":"https:\/\/www.bkwine.com\/sv\/wp-json\/wp\/v2\/pages\/397173\/revisions"}],"up":[{"embeddable":true,"href":"https:\/\/www.bkwine.com\/sv\/wp-json\/wp\/v2\/pages\/397168"}],"wp:featuredmedia":[{"embeddable":true,"href":"https:\/\/www.bkwine.com\/sv\/wp-json\/wp\/v2\/media\/404421"}],"wp:attachment":[{"href":"https:\/\/www.bkwine.com\/sv\/wp-json\/wp\/v2\/media?parent=397173"}],"curies":[{"name":"wp","href":"https:\/\/api.w.org\/{rel}","templated":true}]}}