{"id":397168,"date":"2021-06-29T17:42:59","date_gmt":"2021-06-29T15:42:59","guid":{"rendered":"https:\/\/www.bkwine.com\/?page_id=397168"},"modified":"2021-08-30T11:19:07","modified_gmt":"2021-08-30T09:19:07","slug":"vinets-underbara-varld-fran-druva-till-bordet","status":"publish","type":"page","link":"https:\/\/www.bkwine.com\/sv\/vara-bocker\/vinets-underbara-varld-fran-druva-till-bordet\/","title":{"rendered":"Vinets underbara v\u00e4rld, fr\u00e5n druva till bordet"},"content":{"rendered":"\t\t<div data-elementor-type=\"wp-page\" data-elementor-id=\"397168\" class=\"elementor elementor-397168 elementor-397167\" data-elementor-post-type=\"page\">\n\t\t\t\t\t\t<section class=\"elementor-section elementor-top-section elementor-element elementor-element-71ed3a6 elementor-section-boxed elementor-section-height-default elementor-section-height-default\" data-id=\"71ed3a6\" data-element_type=\"section\" data-e-type=\"section\">\n\t\t\t\t\t\t<div class=\"elementor-container elementor-column-gap-default\">\n\t\t\t\t\t<div class=\"elementor-column elementor-col-100 elementor-top-column elementor-element elementor-element-36d47f8\" data-id=\"36d47f8\" data-element_type=\"column\" data-e-type=\"column\">\n\t\t\t<div class=\"elementor-widget-wrap elementor-element-populated\">\n\t\t\t\t\t\t<div class=\"elementor-element elementor-element-e9fd373 elementor-widget elementor-widget-text-editor\" data-id=\"e9fd373\" data-element_type=\"widget\" data-e-type=\"widget\" data-widget_type=\"text-editor.default\">\n\t\t\t\t<div class=\"elementor-widget-container\">\n\t\t\t\t\t\t\t\t\t<p>H\u00e4r finns mer information om <strong>\u201cVinets underbara v\u00e4rld, fr\u00e5n druva till bord; vinodling, vinl\u00e4nder, vinprovning, vin &amp; mat\u201d<\/strong>:<\/p><ul><li><a href=\"https:\/\/www.bkwine.com\/sv\/vara-bocker\/vinets-underbara-varld-fran-druva-till-bordet\/om-boken\/\">Introduktion, om boken<\/a><\/li><li><a href=\"https:\/\/www.bkwine.com\/sv\/vara-bocker\/vinets-underbara-varld-fran-druva-till-bordet\/innehall\/\">Inneh\u00e5llsf\u00f6rteckning<\/a><\/li><li><a href=\"https:\/\/www.bkwine.com\/sv\/vara-bocker\/vinets-underbara-varld-fran-druva-till-bordet\/ur-inledningen\/\">Ur inledningen<\/a><\/li><li><a href=\"https:\/\/www.bkwine.com\/sv\/category\/bocker\/vinets-underbara-varld\/\">Sagt om boken och nyheter<\/a><\/li><li>Bilder ur boken (kommer snart)<\/li><li><a href=\"https:\/\/www.bkwine.com\/sv\/vara-bocker\/vinets-underbara-varld-fran-druva-till-bordet\/kop-boken\/\">K\u00f6p boken<\/a><\/li><\/ul><h2>Mer b\u00f6cker av BKWine<\/h2><p>H\u00e4r kan du se <a href=\"https:\/\/www.bkwine.com\/sv\/vara-bocker\/\">alla de vinb\u00f6cker som vi gjort<\/a>.<\/p>\t\t\t\t\t\t\t\t<\/div>\n\t\t\t\t<\/div>\n\t\t\t\t<div class=\"elementor-element elementor-element-40b3f22e elementor-widget elementor-widget-image\" data-id=\"40b3f22e\" data-element_type=\"widget\" data-e-type=\"widget\" data-widget_type=\"image.default\">\n\t\t\t\t<div class=\"elementor-widget-container\">\n\t\t\t\t\t\t\t\t\t\t\t\t<figure class=\"wp-caption\">\n\t\t\t\t\t\t\t\t\t\t\t<a href=\"https:\/\/www.bkwine.com\/wp-content\/uploads\/2021\/06\/Vinets-underbara-va\u0308rld-omslag-600-by-840.jpg\" data-elementor-open-lightbox=\"yes\" data-elementor-lightbox-title=\"Framsida: Vinets underbara v\u00e4rld\" data-e-action-hash=\"#elementor-action%3Aaction%3Dlightbox%26settings%3DeyJpZCI6Mzk3MTYxLCJ1cmwiOiJodHRwczpcL1wvd3d3LmJrd2luZS5jb21cL3dwLWNvbnRlbnRcL3VwbG9hZHNcLzIwMjFcLzA2XC9WaW5ldHMtdW5kZXJiYXJhLXZhXHUwMzA4cmxkLW9tc2xhZy02MDAtYnktODQwLmpwZyJ9\">\n\t\t\t\t\t\t\t<img fetchpriority=\"high\" decoding=\"async\" width=\"600\" height=\"840\" src=\"https:\/\/www.bkwine.com\/wp-content\/uploads\/2021\/06\/Vinets-underbara-va\u0308rld-omslag-600-by-840.jpg\" class=\"attachment-full size-full wp-image-397161\" alt=\"Framsida: Vinets underbara v\u00e4rld\" srcset=\"https:\/\/www.bkwine.com\/wp-content\/uploads\/2021\/06\/Vinets-underbara-va\u0308rld-omslag-600-by-840.jpg 600w, https:\/\/www.bkwine.com\/wp-content\/uploads\/2021\/06\/Vinets-underbara-va\u0308rld-omslag-600-by-840-300x420.jpg 300w\" sizes=\"(max-width: 600px) 100vw, 600px\" \/>\t\t\t\t\t\t\t\t<\/a>\n\t\t\t\t\t\t\t\t\t\t\t<figcaption class=\"widget-image-caption wp-caption-text\">Framsida: \u201cVinets underbara v\u00e4rld, fr\u00e5n druva till bord; vinodling, vinl\u00e4nder, vinprovning, vin &amp; mat\u201d, av Britt och Per Karlsson (The Wonderful World of Wine, from grape to the table; wine growing, wine countries, wine tasting, wine &amp; food pairing, by Britt &amp; Per Karlsson)<\/figcaption>\n\t\t\t\t\t\t\t\t\t\t<\/figure>\n\t\t\t\t\t\t\t\t\t<\/div>\n\t\t\t\t<\/div>\n\t\t\t\t\t<\/div>\n\t\t<\/div>\n\t\t\t\t\t<\/div>\n\t\t<\/section>\n\t\t\t\t<\/div>\n\t\t","protected":false},"excerpt":{"rendered":"<p>H\u00e4r finns mer information om \u201cVinets underbara v\u00e4rld, fr\u00e5n druva till bord; vinodling, vinl\u00e4nder, vinprovning, vin &amp; mat\u201d: Introduktion, om boken Inneh\u00e5llsf\u00f6rteckning Ur inledningen Sagt om boken och nyheter Bilder ur boken (kommer snart) K\u00f6p boken Mer b\u00f6cker av BKWine H\u00e4r kan du se alla de vinb\u00f6cker som vi gjort. Framsida: \u201cVinets underbara v\u00e4rld, fr\u00e5n [&hellip;]<\/p>\n","protected":false},"author":3,"featured_media":404421,"parent":4191,"menu_order":12,"comment_status":"closed","ping_status":"closed","template":"","meta":{"footnotes":""},"class_list":["post-397168","page","type-page","status-publish","has-post-thumbnail","hentry"],"_links":{"self":[{"href":"https:\/\/www.bkwine.com\/sv\/wp-json\/wp\/v2\/pages\/397168","targetHints":{"allow":["GET"]}}],"collection":[{"href":"https:\/\/www.bkwine.com\/sv\/wp-json\/wp\/v2\/pages"}],"about":[{"href":"https:\/\/www.bkwine.com\/sv\/wp-json\/wp\/v2\/types\/page"}],"author":[{"embeddable":true,"href":"https:\/\/www.bkwine.com\/sv\/wp-json\/wp\/v2\/users\/3"}],"replies":[{"embeddable":true,"href":"https:\/\/www.bkwine.com\/sv\/wp-json\/wp\/v2\/comments?post=397168"}],"version-history":[{"count":0,"href":"https:\/\/www.bkwine.com\/sv\/wp-json\/wp\/v2\/pages\/397168\/revisions"}],"up":[{"embeddable":true,"href":"https:\/\/www.bkwine.com\/sv\/wp-json\/wp\/v2\/pages\/4191"}],"wp:featuredmedia":[{"embeddable":true,"href":"https:\/\/www.bkwine.com\/sv\/wp-json\/wp\/v2\/media\/404421"}],"wp:attachment":[{"href":"https:\/\/www.bkwine.com\/sv\/wp-json\/wp\/v2\/media?parent=397168"}],"curies":[{"name":"wp","href":"https:\/\/api.w.org\/{rel}","templated":true}]}}