{"id":348131,"date":"2019-10-06T17:18:49","date_gmt":"2019-10-06T15:18:49","guid":{"rendered":"https:\/\/www.bkwine.com\/?page_id=348131"},"modified":"2023-11-30T11:02:57","modified_gmt":"2023-11-30T10:02:57","slug":"carl-magnus-hedin","status":"publish","type":"page","link":"https:\/\/www.bkwine.com\/sv\/om\/bkwine-magazine\/skribenter\/carl-magnus-hedin\/","title":{"rendered":"Carl-Magnus Hedin"},"content":{"rendered":"<p>Carl-Magnus Hedin \u00e4r g\u00f6teborgaren som l\u00e4mnade jobbet som nordisk kommunikationschef p\u00e5 ett v\u00e4rldsledande f\u00f6retag i dentalbranschen, f\u00f6r att tillsammans med sin fru bli vinbonde i Sk\u00e5ne. Det hann bli nio \u00e5rg\u00e5ngar p\u00e5 Villa Mathilda i Arild, men idag \u00e4r fokus helt inst\u00e4llt p\u00e5 vinimport fr\u00e5n bl a Mosel, \u00d6sterrike och Sardinien. Carl-Magnus \u00e4r aktiv i Munsk\u00e4nkarnas Helsingborgssektion, har tv\u00e5-betyg, \u00e4r provnings- och kursledare. Det mesta handlar om vin numera&#8230;<\/p>\n<ul>\n<li>L\u00e4s alla <a title=\"Carl-Magnus Hedins artiklar h\u00e4r\" href=\"https:\/\/www.bkwine.com\/sv\/author\/carlmagnushedin\/\">Carl-Magnus Hedins artiklar p\u00e5 svenska h\u00e4r<\/a>.<\/li>\n<li>L\u00e4s alla <a title=\"artiklar av Carl-Magnus Hedin p\u00e5 engelska p\u00e5 BKWine Magazine h\u00e4r\" href=\"https:\/\/www.bkwine.com\/author\/carlmagnushedin\/\">Carl-Magnus Hedins artiklar p\u00e5 engelska h\u00e4r<\/a>.<\/li>\n<\/ul>\n<figure id=\"attachment_348129\" aria-describedby=\"caption-attachment-348129\" style=\"width: 487px\" class=\"wp-caption aligncenter\"><img fetchpriority=\"high\" decoding=\"async\" class=\"size-full wp-image-348129\" src=\"https:\/\/www.bkwine.com\/wp-content\/uploads\/2019\/10\/image003.jpg\" alt=\"Carl-Magnus Hedin\" width=\"487\" height=\"480\" srcset=\"https:\/\/www.bkwine.com\/wp-content\/uploads\/2019\/10\/image003.jpg 487w, https:\/\/www.bkwine.com\/wp-content\/uploads\/2019\/10\/image003-300x296.jpg 300w, https:\/\/www.bkwine.com\/wp-content\/uploads\/2019\/10\/image003-400x394.jpg 400w\" sizes=\"(max-width: 487px) 100vw, 487px\" \/><figcaption id=\"caption-attachment-348129\" class=\"wp-caption-text\">Carl-Magnus Hedin, copyright CM Hedin<\/figcaption><\/figure>\n","protected":false},"excerpt":{"rendered":"<p>Carl-Magnus Hedin \u00e4r g\u00f6teborgaren som l\u00e4mnade jobbet som nordisk kommunikationschef p\u00e5 ett v\u00e4rldsledande f\u00f6retag i dentalbranschen, f\u00f6r att tillsammans med sin fru bli vinbonde i Sk\u00e5ne. Det hann bli nio \u00e5rg\u00e5ngar p\u00e5 Villa Mathilda i Arild, men idag \u00e4r fokus helt inst\u00e4llt p\u00e5 vinimport fr\u00e5n bl a Mosel, \u00d6sterrike och Sardinien. Carl-Magnus \u00e4r aktiv i [&hellip;]<\/p>\n","protected":false},"author":3,"featured_media":348129,"parent":4198,"menu_order":0,"comment_status":"closed","ping_status":"closed","template":"","meta":{"footnotes":""},"class_list":["post-348131","page","type-page","status-publish","has-post-thumbnail","hentry"],"_links":{"self":[{"href":"https:\/\/www.bkwine.com\/sv\/wp-json\/wp\/v2\/pages\/348131","targetHints":{"allow":["GET"]}}],"collection":[{"href":"https:\/\/www.bkwine.com\/sv\/wp-json\/wp\/v2\/pages"}],"about":[{"href":"https:\/\/www.bkwine.com\/sv\/wp-json\/wp\/v2\/types\/page"}],"author":[{"embeddable":true,"href":"https:\/\/www.bkwine.com\/sv\/wp-json\/wp\/v2\/users\/3"}],"replies":[{"embeddable":true,"href":"https:\/\/www.bkwine.com\/sv\/wp-json\/wp\/v2\/comments?post=348131"}],"version-history":[{"count":0,"href":"https:\/\/www.bkwine.com\/sv\/wp-json\/wp\/v2\/pages\/348131\/revisions"}],"up":[{"embeddable":true,"href":"https:\/\/www.bkwine.com\/sv\/wp-json\/wp\/v2\/pages\/4198"}],"wp:featuredmedia":[{"embeddable":true,"href":"https:\/\/www.bkwine.com\/sv\/wp-json\/wp\/v2\/media\/348129"}],"wp:attachment":[{"href":"https:\/\/www.bkwine.com\/sv\/wp-json\/wp\/v2\/media?parent=348131"}],"curies":[{"name":"wp","href":"https:\/\/api.w.org\/{rel}","templated":true}]}}