{"id":334749,"date":"2017-02-21T16:08:47","date_gmt":"2017-02-21T15:08:47","guid":{"rendered":"https:\/\/www.bkwine.com\/sv\/?page_id=334749"},"modified":"2021-05-14T12:50:24","modified_gmt":"2021-05-14T10:50:24","slug":"ur-inledningen","status":"publish","type":"page","link":"https:\/\/www.bkwine.com\/sv\/vara-bocker\/champagne-vinet-och-odlarna\/ur-inledningen\/","title":{"rendered":"Ur inledningen till boken Champagne, vinet och odlarna"},"content":{"rendered":"<p>H\u00e4r f\u00e5r du ett utdrag ur inledningen till boken <strong>Champagne, vinet och odlarna<\/strong>, som ett litet smakprov:<\/p>\n<h2>Om vinet champagne och om vinodlarna som g\u00f6r det<\/h2>\n<p>Mycket har sagts och skrivits om Champagne genom tiderna. Otaliga lovord och superlativ har uttalats. K\u00e4nda personer har myntat od\u00f6dliga citat. Vad finns att till\u00e4gga? Ganska mycket.<\/p>\n<p>Med den h\u00e4r boken vill vi hj\u00e4lpa dig att hitta och uppskatta de mest sp\u00e4nnande av dessa storartade viner, att drickas inte bara n\u00e4r det \u00e4r fest.<\/p>\n<p>Boken best\u00e5r av tv\u00e5 delar. Inledningsvis beskriver vi allt som g\u00f6r champagne till champagne: bakgrunden, tekniken, druvorna, geografin med mera. Vi f\u00f6rklarar allt om hur champagne blir till. Vi avlivar i farten en del myter och f\u00f6rlegade fakta och ber\u00e4ttar saker som man s\u00e4llan f\u00e5r veta om detta bubblande vin.<\/p>\n<p>Den andra delen av boken till\u00e4gnar vi alla de sm\u00e5 producenter, som g\u00f6r det vi kallar odlarchampagner. Dessa hamnar l\u00e4tt i skuggan av de v\u00e4rldsber\u00f6mda \u201dhusen\u201d vars namn alla kan. Men odlarna g\u00f6r kanske de mest karakt\u00e4rsfulla och intressanta vinerna. Vi avslutar boken med en hel del champagnestatistik, som i sig ger en speciell inblick i champagnes h\u00e4pnadsv\u00e4ckande framg\u00e5ngshistoria.<\/p>\n<figure id=\"attachment_334766\" aria-describedby=\"caption-attachment-334766\" style=\"width: 600px\" class=\"wp-caption aligncenter\"><img fetchpriority=\"high\" decoding=\"async\" class=\"size-large wp-image-334766\" src=\"https:\/\/www.bkwine.com\/wp-content\/uploads\/2017\/02\/ng09-9552-600x400.jpg\" alt=\"Vineyards in Vallee de la Marne in Champagne\" width=\"600\" height=\"400\" srcset=\"https:\/\/www.bkwine.com\/wp-content\/uploads\/2017\/02\/ng09-9552-600x400.jpg 600w, https:\/\/www.bkwine.com\/wp-content\/uploads\/2017\/02\/ng09-9552-300x200.jpg 300w, https:\/\/www.bkwine.com\/wp-content\/uploads\/2017\/02\/ng09-9552-400x267.jpg 400w, https:\/\/www.bkwine.com\/wp-content\/uploads\/2017\/02\/ng09-9552-768x512.jpg 768w, https:\/\/www.bkwine.com\/wp-content\/uploads\/2017\/02\/ng09-9552.jpg 900w\" sizes=\"(max-width: 600px) 100vw, 600px\" \/><figcaption id=\"caption-attachment-334766\" class=\"wp-caption-text\">Vineyards in Vallee de la Marne in Champagne, copyright BKWine Photography<\/figcaption><\/figure>\n<p>Champagne har en l\u00e5ng historia och ryktbarheten och ber\u00f6mmelsen kom tidigt. Det \u00e4r kanske inte s\u00e5 konstigt att champagne har blivit ett vin som n\u00e4stan satts p\u00e5 en piedestal. Men vi ska inte gl\u00f6mma bort att Champagne \u00e4r ett vindistrikt med vinb\u00f6nder som sliter precis som i alla andra vindistrikt. Glamouren och festen som omger champagne g\u00f6r det l\u00e4tt att gl\u00f6mma vardagen. Som kan vara h\u00e5rd och tuff i ett nordligt distrikt som Champagne.<\/p>\n<p>I denna bok vill vi speciellt lyfta fram just vinb\u00f6nderna. De som jobbar med sin jord, sina vinrankor och som fr\u00e5n sina egna druvor tillverkar sin egen champagne som de lagrar i sina egna k\u00e4llare. Odlarna \u00e4r inte lika k\u00e4nda som \u201dhusen\u201d. Men de f\u00e5r mer och mer uppm\u00e4rksamhet. Vi har tr\u00e4ffat m\u00e5nga och vi har valt ut drygt 100 som vi presenterar i boken. De ber\u00e4ttar om sitt dagliga arbeta ute i ving\u00e5rden och inne i k\u00e4llaren. De ber\u00e4ttar om sin filosofi och vad de tycker \u00e4r viktigt.<\/p>\n<p>Att lyssna p\u00e5 dessa odlare och h\u00f6ra deras personliga \u00e5sikter \u00e4r en stor del i att f\u00f6rst\u00e5 hela processen med att tillverka en champagne. Det \u00e4r egentligen f\u00f6rst n\u00e4r man h\u00f6r hur det g\u00e5r till i praktiken som man riktigt f\u00f6rst\u00e5r. Teknik, lagar och regler \u00e4r en sak; det \u00e4r f\u00f6rst n\u00e4r vinproducenten tolkar dem, med egna tankar och \u00e5sikter, som det blir till ett vin. En champagne g\u00f6rs inte p\u00e5 bara ett s\u00e4tt. Varje vinbonde har sin vision och sitt eget s\u00e4tt att uppn\u00e5 den visionen.<\/p>\n<figure id=\"attachment_334772\" aria-describedby=\"caption-attachment-334772\" style=\"width: 600px\" class=\"wp-caption aligncenter\"><img decoding=\"async\" class=\"size-large wp-image-334772\" src=\"https:\/\/www.bkwine.com\/wp-content\/uploads\/2017\/02\/nk15-1526-600x400.jpg\" alt=\"Harvested pinot noir in Cote des Bar in Champagne\" width=\"600\" height=\"400\" \/><figcaption id=\"caption-attachment-334772\" class=\"wp-caption-text\">Harvested pinot noir in Cote des Bar in Champagne, copyright BKWine Photography<\/figcaption><\/figure>\n<p>Det \u00e4r fascinerande att h\u00f6ra alla de olika producenterna ber\u00e4tta. Deras vinfilosofi g\u00e5r ofta stick i st\u00e4v med varandra. En \u00e4r \u00f6vertygad om att rostfritt st\u00e5l \u00e4r det b\u00e4sta, en annan vill absolut ha ekfat. En tycker att de champagner som \u00e4r utan sockertillsats (<em>brut nature<\/em>) inte t\u00e5l att lagras s\u00e5 l\u00e4nge, medan en annan s\u00e4ger precis tv\u00e4rtom, att det \u00e4r just detta som ger hans viner ett l\u00e5ngt liv. Och s\u00e5 vidare. Varje producent lever efter sin egen sanning.<\/p>\n<p>Naturligtvis f\u00f6rklarar vi \u00e4ven mycket noggrant hela produktionsprocessen och hur man arbetar ute p\u00e5 f\u00e4ltet under de olika \u00e5rstiderna. Vi redog\u00f6r f\u00f6r hur reglerna ser ut idag. Alla vindistrikt f\u00f6r\u00e4ndras och f\u00f6rb\u00e4ttras, Champagne \u00e4r inget undantag. Regler \u00e4r inte statiska, de f\u00f6r\u00e4ndras allteftersom. Vi ber\u00e4ttar om den tekniska utvecklingen p\u00e5 1800-talet som m\u00f6jliggjorde en mer industriell tillverkning av champagne. Vi ber\u00e4ttar om den fantastiska utvecklingen som Champagne har haft sedan andra v\u00e4rldskriget. Den planterade arealen har v\u00e4xt, sk\u00f6rdeuttagen och produktionen har \u00f6kat lavinartat. Vi beskriver det viktiga samspelet mellan champagnehusen, kooperativen och druvodlarna. Vi vill ber\u00e4tta allt om champagne och ibland m\u00e5ste vi ocks\u00e5 kritisera. I alla vindistrikt finns det b\u00e5de positiva och negativa saker.<\/p>\n<figure id=\"attachment_334771\" aria-describedby=\"caption-attachment-334771\" style=\"width: 600px\" class=\"wp-caption aligncenter\"><img decoding=\"async\" class=\"size-large wp-image-334771\" src=\"https:\/\/www.bkwine.com\/wp-content\/uploads\/2017\/02\/ng09-9625-600x400.jpg\" alt=\"Vineyards surrounding a village in Vallee de la Marne in Champagne\" width=\"600\" height=\"400\" srcset=\"https:\/\/www.bkwine.com\/wp-content\/uploads\/2017\/02\/ng09-9625-600x400.jpg 600w, https:\/\/www.bkwine.com\/wp-content\/uploads\/2017\/02\/ng09-9625-300x200.jpg 300w, https:\/\/www.bkwine.com\/wp-content\/uploads\/2017\/02\/ng09-9625-400x267.jpg 400w, https:\/\/www.bkwine.com\/wp-content\/uploads\/2017\/02\/ng09-9625-768x512.jpg 768w, https:\/\/www.bkwine.com\/wp-content\/uploads\/2017\/02\/ng09-9625.jpg 900w\" sizes=\"(max-width: 600px) 100vw, 600px\" \/><figcaption id=\"caption-attachment-334771\" class=\"wp-caption-text\">Vineyards surrounding a village in Vallee de la Marne in Champagne, copyright BKWine Photography<\/figcaption><\/figure>\n<p>Champagne \u00e4r ju faktiskt ett vin, det gl\u00f6mmer man ibland. Som n\u00e4r det \u00e4r som b\u00e4st f\u00f6rtj\u00e4nar att drickas vid fler tillf\u00e4llen \u00e4n bara till ny\u00e5r och fest.<\/p>\n<p>V\u00e4rlden dricker mer mousserande vin idag \u00e4n den n\u00e5gonsin har gjort. Samtidigt har Champagne aldrig haft s\u00e5 mycket konkurrens som idag. Andra mousserande viner vinner mark. Champagne har mycket att fundera \u00f6ver. Men champagne \u00e4r prestige och det kommer man ganska l\u00e5ngt med i vinv\u00e4rlden. F\u00f6r m\u00e5nga \u00e4r just prestigen anledningen att dricka champagne. Men f\u00f6r en vin\u00e4lskare r\u00e4cker det inte. En b\u00e4ttre anledning \u00e4r att n\u00e4r man k\u00f6per en bra champagne f\u00e5r man inte bara bubblorna utan ocks\u00e5 ett fantastiskt vin.<\/p>\n<p><em>Paris, januari 2017<\/em><\/p>\n<p><em>Britt Karlsson<\/em><\/p>\n<p><em>Per Karlsson<\/em><\/p>\n<h2>Mer om boken<\/h2>\n<p>H\u00e4r finns mer information om <strong>Champagne, vinet och odlarna<\/strong>:<\/p>\n<ul>\n<li><a href=\"https:\/\/www.bkwine.com\/sv\/vara-bocker\/champagne-vinet-och-odlarna\/om-boken\/\">Introduktion<\/a><\/li>\n<li><a href=\"https:\/\/www.bkwine.com\/sv\/vara-bocker\/champagne-vinet-och-odlarna\/innehall\/\">Inneh\u00e5llsf\u00f6rteckning<\/a><\/li>\n<li><a href=\"https:\/\/www.bkwine.com\/sv\/vara-bocker\/champagne-vinet-och-odlarna\/ur-inledningen\/\">Ur inledningen<\/a><\/li>\n<li><a href=\"https:\/\/www.bkwine.com\/sv\/category\/bocker\/champagne-boken\/\">Sagt om boken och nyheter<\/a><\/li>\n<li><a href=\"https:\/\/www.bkwine.com\/sv\/vara-bocker\/champagne-vinet-och-odlarna\/bilder-ur-boken\/\">Bilder ur boken<\/a><\/li>\n<li><a href=\"https:\/\/www.bkwine.com\/sv\/vara-bocker\/champagne-vinet-och-odlarna\/kop-boken\/\">K\u00f6p boken<\/a><\/li>\n<\/ul>\n<h2>Mer b\u00f6cker av BKWine<\/h2>\n<p>H\u00e4r kan du se <a href=\"https:\/\/www.bkwine.com\/sv\/vara-bocker\/\">alla de vinb\u00f6cker om vin som vi gjort<\/a>.<\/p>\n<figure id=\"attachment_334756\" aria-describedby=\"caption-attachment-334756\" style=\"width: 600px\" class=\"wp-caption aligncenter\"><img loading=\"lazy\" decoding=\"async\" class=\"size-large wp-image-334756\" src=\"https:\/\/www.bkwine.com\/wp-content\/uploads\/2017\/02\/bd06-363-6394-600x400.jpg\" alt=\"Champagne for aperitif?\" width=\"600\" height=\"400\" srcset=\"https:\/\/www.bkwine.com\/wp-content\/uploads\/2017\/02\/bd06-363-6394-600x400.jpg 600w, https:\/\/www.bkwine.com\/wp-content\/uploads\/2017\/02\/bd06-363-6394-300x200.jpg 300w, https:\/\/www.bkwine.com\/wp-content\/uploads\/2017\/02\/bd06-363-6394-400x267.jpg 400w, https:\/\/www.bkwine.com\/wp-content\/uploads\/2017\/02\/bd06-363-6394-768x512.jpg 768w, https:\/\/www.bkwine.com\/wp-content\/uploads\/2017\/02\/bd06-363-6394.jpg 900w\" sizes=\"(max-width: 600px) 100vw, 600px\" \/><figcaption id=\"caption-attachment-334756\" class=\"wp-caption-text\">Champagne for aperitif? Copyright BKWine Photography<\/figcaption><\/figure>\n","protected":false},"excerpt":{"rendered":"<p>H\u00e4r f\u00e5r du ett utdrag ur inledningen till boken Champagne, vinet och odlarna, som ett litet smakprov: Om vinet champagne och om vinodlarna som g\u00f6r det Mycket har sagts och skrivits om Champagne genom tiderna. Otaliga lovord och superlativ har uttalats. K\u00e4nda personer har myntat od\u00f6dliga citat. Vad finns att till\u00e4gga? Ganska mycket. Med den [&hellip;]<\/p>\n","protected":false},"author":3,"featured_media":334775,"parent":334744,"menu_order":0,"comment_status":"closed","ping_status":"closed","template":"","meta":{"footnotes":""},"class_list":["post-334749","page","type-page","status-publish","has-post-thumbnail","hentry"],"_links":{"self":[{"href":"https:\/\/www.bkwine.com\/sv\/wp-json\/wp\/v2\/pages\/334749","targetHints":{"allow":["GET"]}}],"collection":[{"href":"https:\/\/www.bkwine.com\/sv\/wp-json\/wp\/v2\/pages"}],"about":[{"href":"https:\/\/www.bkwine.com\/sv\/wp-json\/wp\/v2\/types\/page"}],"author":[{"embeddable":true,"href":"https:\/\/www.bkwine.com\/sv\/wp-json\/wp\/v2\/users\/3"}],"replies":[{"embeddable":true,"href":"https:\/\/www.bkwine.com\/sv\/wp-json\/wp\/v2\/comments?post=334749"}],"version-history":[{"count":0,"href":"https:\/\/www.bkwine.com\/sv\/wp-json\/wp\/v2\/pages\/334749\/revisions"}],"up":[{"embeddable":true,"href":"https:\/\/www.bkwine.com\/sv\/wp-json\/wp\/v2\/pages\/334744"}],"wp:featuredmedia":[{"embeddable":true,"href":"https:\/\/www.bkwine.com\/sv\/wp-json\/wp\/v2\/media\/334775"}],"wp:attachment":[{"href":"https:\/\/www.bkwine.com\/sv\/wp-json\/wp\/v2\/media?parent=334749"}],"curies":[{"name":"wp","href":"https:\/\/api.w.org\/{rel}","templated":true}]}}