{"id":334747,"date":"2017-02-21T16:28:25","date_gmt":"2017-02-21T15:28:25","guid":{"rendered":"https:\/\/www.bkwine.com\/sv\/?page_id=334747"},"modified":"2022-12-19T11:18:38","modified_gmt":"2022-12-19T10:18:38","slug":"kop-boken","status":"publish","type":"page","link":"https:\/\/www.bkwine.com\/sv\/vara-bocker\/champagne-vinet-och-odlarna\/kop-boken\/","title":{"rendered":"K\u00f6p boken Champagne, vinet och odlarna"},"content":{"rendered":"<p>Du kan k\u00f6pa boken <strong>Champagne, vinet och odlarna<\/strong> h\u00e4r:<\/p>\n<h2>Fr\u00e5n din bokhandel<\/h2>\n<p>Om de inte har den i lager s\u00e5 be dem best\u00e4lla den med ISBN-numret:<\/p>\n<p>ISBN: 978 91 8906 562 8<\/p>\n<h2>Internetbokhandlar<\/h2>\n<p>H\u00e4r kan du k\u00f6pa\u00a0<strong>Champagne, vinet och odlarna<\/strong> p\u00e5 internet. Om den inte finns i lager s\u00e5 kan du \u201dbevaka\u201d den och d\u00e5 f\u00e5 ett mail n\u00e4r den \u00e4r leveransklar.<\/p>\n<p>K\u00f6per du boken via n\u00e5gon av l\u00e4nkarna nedan s\u00e5 f\u00e5r vi n\u00e5gra kronor per bok:<\/p>\n<p>Fr\u00e5n <strong>AdLibris<\/strong>: <a title=\"Champagne, vinet och odlarna, hos AdLibris\" href=\"https:\/\/clk.tradedoubler.com\/click?p=21&amp;a=1224315&amp;g=17284614&amp;url=https:\/\/www.adlibris.com\/se\/bok\/champagne-vinet-och-odlarna-9789189065628\" target=\"_blank\" rel=\"noopener noreferrer\">K\u00f6p Champagne, vinet och odlarna.<\/a> <img decoding=\"async\" src=\"https:\/\/impse.tradedoubler.com\/imp?type(inv)g(17284614)a(1224315)\" alt=\"\" border=\"none\" \/><\/p>\n<p>Fr\u00e5n <strong>Bokus<\/strong>: <a title=\"Champagne, vinet och odlarna, hos Bokus\" href=\"https:\/\/clk.tradedoubler.com\/click?p=362&amp;a=1224315&amp;g=17415644&amp;url=https:\/\/www.bokus.com\/bok\/9789189065628\/champagne-vinet-och-odlarna\/\" target=\"_blank\" rel=\"noopener noreferrer\">K\u00f6p Champagne, vinet och odlarna<\/a>.<\/p>\n<h2>F\u00f6rlaget<\/h2>\n<p>K\u00f6p boken fr\u00e5n f\u00f6rlaget: <a href=\"https:\/\/www.carlssonbokforlag.se\/produkt\/champagne\/\" target=\"_blank\" rel=\"noopener noreferrer\">Carlsson Bokf\u00f6rlag<\/a>.<\/p>\n<p><img decoding=\"async\" src=\"https:\/\/impse.tradedoubler.com\/imp?type(inv)g(17415644)a(1224315)\" alt=\"\" \/><\/p>\n<h2>K\u00f6p boken utomlands!<\/h2>\n<p>Bor du inte i Sverige s\u00e5 kan du f\u00f6rst\u00e5 fortfarande k\u00f6pa boken. AdLibris s\u00e4ljer \u00e4ven till Norge och Finland. Bokus s\u00e4ljer \u00f6ver hela v\u00e4rlden, men man b\u00f6r kontakta dem p\u00e5 email (se l\u00e4nk ovan) f\u00f6r att f\u00e5 besked om transportkostnaden.<\/p>\n<h2>Mer om boken<\/h2>\n<p>H\u00e4r finns mer information om <strong>Champagne, vinet och odlarna<\/strong>:<\/p>\n<ul>\n<li><a href=\"https:\/\/www.bkwine.com\/sv\/vara-bocker\/champagne-vinet-och-odlarna\/om-boken\/\">Introduktion<\/a><\/li>\n<li><a href=\"https:\/\/www.bkwine.com\/sv\/vara-bocker\/champagne-vinet-och-odlarna\/innehall\/\">Inneh\u00e5llsf\u00f6rteckning<\/a><\/li>\n<li><a href=\"https:\/\/www.bkwine.com\/sv\/vara-bocker\/champagne-vinet-och-odlarna\/ur-inledningen\/\">Ur inledningen<\/a><\/li>\n<li><a href=\"https:\/\/www.bkwine.com\/sv\/category\/bocker\/champagne-boken\/\">Sagt om boken och nyheter<\/a><\/li>\n<li><a href=\"https:\/\/www.bkwine.com\/sv\/vara-bocker\/champagne-vinet-och-odlarna\/bilder-ur-boken\/\">Bilder ur boken<\/a><\/li>\n<li><a href=\"https:\/\/www.bkwine.com\/sv\/vara-bocker\/champagne-vinet-och-odlarna\/kop-boken\/\">K\u00f6p boken<\/a><\/li>\n<\/ul>\n<h2>Mer b\u00f6cker av BKWine<\/h2>\n<p>H\u00e4r kan du se <a href=\"https:\/\/www.bkwine.com\/sv\/vara-bocker\/\">alla de vinb\u00f6cker om vin som vi gjort<\/a>.<\/p>\n<figure id=\"attachment_334745\" aria-describedby=\"caption-attachment-334745\" style=\"width: 600px\" class=\"wp-caption aligncenter\"><img fetchpriority=\"high\" decoding=\"async\" class=\"size-large wp-image-334745\" src=\"https:\/\/www.bkwine.com\/wp-content\/uploads\/2017\/02\/Champagne_Omslag-600x850.jpg\" alt=\"Champagne, vinet och odlarna, omslag\" width=\"600\" height=\"850\" srcset=\"https:\/\/www.bkwine.com\/wp-content\/uploads\/2017\/02\/Champagne_Omslag-600x850.jpg 600w, https:\/\/www.bkwine.com\/wp-content\/uploads\/2017\/02\/Champagne_Omslag-300x425.jpg 300w, https:\/\/www.bkwine.com\/wp-content\/uploads\/2017\/02\/Champagne_Omslag-400x567.jpg 400w, https:\/\/www.bkwine.com\/wp-content\/uploads\/2017\/02\/Champagne_Omslag-768x1088.jpg 768w, https:\/\/www.bkwine.com\/wp-content\/uploads\/2017\/02\/Champagne_Omslag.jpg 2041w\" sizes=\"(max-width: 600px) 100vw, 600px\" \/><figcaption id=\"caption-attachment-334745\" class=\"wp-caption-text\">Champagne, vinet och odlarna, omslag<\/figcaption><\/figure>\n<p>&nbsp;<\/p>\n","protected":false},"excerpt":{"rendered":"<p>Du kan k\u00f6pa boken Champagne, vinet och odlarna h\u00e4r: Fr\u00e5n din bokhandel Om de inte har den i lager s\u00e5 be dem best\u00e4lla den med ISBN-numret: ISBN: 978 91 8906 562 8 Internetbokhandlar H\u00e4r kan du k\u00f6pa\u00a0Champagne, vinet och odlarna p\u00e5 internet. Om den inte finns i lager s\u00e5 kan du \u201dbevaka\u201d den och d\u00e5 [&hellip;]<\/p>\n","protected":false},"author":3,"featured_media":334768,"parent":334744,"menu_order":0,"comment_status":"closed","ping_status":"closed","template":"","meta":{"footnotes":""},"class_list":["post-334747","page","type-page","status-publish","has-post-thumbnail","hentry"],"_links":{"self":[{"href":"https:\/\/www.bkwine.com\/sv\/wp-json\/wp\/v2\/pages\/334747","targetHints":{"allow":["GET"]}}],"collection":[{"href":"https:\/\/www.bkwine.com\/sv\/wp-json\/wp\/v2\/pages"}],"about":[{"href":"https:\/\/www.bkwine.com\/sv\/wp-json\/wp\/v2\/types\/page"}],"author":[{"embeddable":true,"href":"https:\/\/www.bkwine.com\/sv\/wp-json\/wp\/v2\/users\/3"}],"replies":[{"embeddable":true,"href":"https:\/\/www.bkwine.com\/sv\/wp-json\/wp\/v2\/comments?post=334747"}],"version-history":[{"count":0,"href":"https:\/\/www.bkwine.com\/sv\/wp-json\/wp\/v2\/pages\/334747\/revisions"}],"up":[{"embeddable":true,"href":"https:\/\/www.bkwine.com\/sv\/wp-json\/wp\/v2\/pages\/334744"}],"wp:featuredmedia":[{"embeddable":true,"href":"https:\/\/www.bkwine.com\/sv\/wp-json\/wp\/v2\/media\/334768"}],"wp:attachment":[{"href":"https:\/\/www.bkwine.com\/sv\/wp-json\/wp\/v2\/media?parent=334747"}],"curies":[{"name":"wp","href":"https:\/\/api.w.org\/{rel}","templated":true}]}}