{"id":332853,"date":"2016-12-04T15:57:55","date_gmt":"2016-12-04T14:57:55","guid":{"rendered":"https:\/\/www.bkwine.com\/sv\/?page_id=332853"},"modified":"2016-12-08T15:34:12","modified_gmt":"2016-12-08T14:34:12","slug":"mats-lindelow","status":"publish","type":"page","link":"https:\/\/www.bkwine.com\/sv\/om\/bkwine-magazine\/skribenter\/mats-lindelow\/","title":{"rendered":"Mats Lindel\u00f6w"},"content":{"rendered":"<p>Mats Lindel\u00f6w skriver f\u00f6r BKWine Magazine om provningar hos vinhandlare och vinimport\u00f6rer i Sverige.<\/p>\n<figure id=\"attachment_332851\" aria-describedby=\"caption-attachment-332851\" style=\"width: 300px\" class=\"wp-caption alignright\"><img fetchpriority=\"high\" decoding=\"async\" class=\"size-thumbnail wp-image-332851\" src=\"https:\/\/www.bkwine.com\/wp-content\/uploads\/2016\/12\/Mats-Lindel\u00f6w-foto-sep-2015-cropped-300x347.jpg\" alt=\"Mats Lindel\u00f6w, contributor at BKWine Magazine\" width=\"300\" height=\"347\" srcset=\"https:\/\/www.bkwine.com\/wp-content\/uploads\/2016\/12\/Mats-Lindel\u00f6w-foto-sep-2015-cropped-300x347.jpg 300w, https:\/\/www.bkwine.com\/wp-content\/uploads\/2016\/12\/Mats-Lindel\u00f6w-foto-sep-2015-cropped-400x463.jpg 400w, https:\/\/www.bkwine.com\/wp-content\/uploads\/2016\/12\/Mats-Lindel\u00f6w-foto-sep-2015-cropped.jpg 600w\" sizes=\"(max-width: 300px) 100vw, 300px\" \/><figcaption id=\"caption-attachment-332851\" class=\"wp-caption-text\">Mats Lindel\u00f6w, contributor at BKWine Magazine<\/figcaption><\/figure>\n<p>Mats Lindel\u00f6w bor i Stockholm och \u00e4r vinintresserad sedan 20 \u00e5r. Han har rest till vinomr\u00e5den i bl a Portugal, Spanien, Italien, Sydafrika, Australien och Tyskland.<\/p>\n<p>Han \u00e4r Munsk\u00e4nk sedan 2003 och har klarat 3-betygsprov och planerar nu f\u00f6r uppsats om viner i Dourodalen. S\u00e4rskilda favoritomr\u00e5den \u00e4r Portugal, Tyskland, Piemonte och svala Kalifornien.<\/p>\n<ul>\n<li>L\u00e4s alla <a title=\"Mats Lindel\u00f6ws artiklar h\u00e4r\" href=\"https:\/\/www.bkwine.com\/sv\/author\/matslindelow\/\">Mats Lindel\u00f6ws artiklar h\u00e4r<\/a>.<\/li>\n<li>L\u00e4s alla <a title=\"artiklar av Mats Lindel\u00f6w p\u00e5 engelska p\u00e5 BKWine Magazine h\u00e4r\" href=\"https:\/\/www.bkwine.com\/author\/matslindelow\/\">Mats Lindel\u00f6ws artiklar p\u00e5 engelska h\u00e4r<\/a>.<\/li>\n<\/ul>\n<p>(En del artiklar finns bara p\u00e5 ett av spr\u00e5ken s\u00e5 titta p\u00e5 b\u00e5da.)<\/p>\n<p>[divider]<\/p>\n","protected":false},"excerpt":{"rendered":"<p>Mats Lindel\u00f6w skriver f\u00f6r BKWine Magazine om provningar hos vinhandlare och vinimport\u00f6rer i Sverige. Mats Lindel\u00f6w bor i Stockholm och \u00e4r vinintresserad sedan 20 \u00e5r. Han har rest till vinomr\u00e5den i bl a Portugal, Spanien, Italien, Sydafrika, Australien och Tyskland. Han \u00e4r Munsk\u00e4nk sedan 2003 och har klarat 3-betygsprov och planerar nu f\u00f6r uppsats om [&hellip;]<\/p>\n","protected":false},"author":3,"featured_media":0,"parent":4198,"menu_order":0,"comment_status":"closed","ping_status":"closed","template":"","meta":{"footnotes":""},"class_list":["post-332853","page","type-page","status-publish","hentry"],"_links":{"self":[{"href":"https:\/\/www.bkwine.com\/sv\/wp-json\/wp\/v2\/pages\/332853","targetHints":{"allow":["GET"]}}],"collection":[{"href":"https:\/\/www.bkwine.com\/sv\/wp-json\/wp\/v2\/pages"}],"about":[{"href":"https:\/\/www.bkwine.com\/sv\/wp-json\/wp\/v2\/types\/page"}],"author":[{"embeddable":true,"href":"https:\/\/www.bkwine.com\/sv\/wp-json\/wp\/v2\/users\/3"}],"replies":[{"embeddable":true,"href":"https:\/\/www.bkwine.com\/sv\/wp-json\/wp\/v2\/comments?post=332853"}],"version-history":[{"count":0,"href":"https:\/\/www.bkwine.com\/sv\/wp-json\/wp\/v2\/pages\/332853\/revisions"}],"up":[{"embeddable":true,"href":"https:\/\/www.bkwine.com\/sv\/wp-json\/wp\/v2\/pages\/4198"}],"wp:attachment":[{"href":"https:\/\/www.bkwine.com\/sv\/wp-json\/wp\/v2\/media?parent=332853"}],"curies":[{"name":"wp","href":"https:\/\/api.w.org\/{rel}","templated":true}]}}