{"id":332701,"date":"2016-11-26T15:49:01","date_gmt":"2016-11-26T14:49:01","guid":{"rendered":"https:\/\/www.bkwine.com\/sv\/?page_id=332701"},"modified":"2021-05-14T12:51:04","modified_gmt":"2021-05-14T10:51:04","slug":"om-boken","status":"publish","type":"page","link":"https:\/\/www.bkwine.com\/sv\/vara-bocker\/piemonte-vinerna-distrikten-producenterna\/om-boken\/","title":{"rendered":"Om boken: Piemonte, vinerna, distrikten, producenterna"},"content":{"rendered":"<p><strong><em>Piemonte, vinerna, distrikten, producenterna<\/em> \u00e4r en oumb\u00e4rlig guide f\u00f6r dig som vill veta mer om detta v\u00e4rldsber\u00f6mda vindistrikt, dess viner och vinproducenter. Den ing\u00e5r i serien <em>Guide till vinets v\u00e4rld<\/em> och \u00e4r skriven av Britt Karlsson och Per Karlsson, flerfaldigt prisbel\u00f6nta vinboksf\u00f6rfattare. Boken \u00e4r i l\u00e4tthanterligt pocketformat och rikt illustrerad, men samtidigt fylld av fakta, skriven av experter p\u00e5 omr\u00e5det.<\/strong><\/p>\n<p><strong><em>Bokserien \u201dGuide till vinets v\u00e4rld\u201d <\/em>har vunnit f\u00f6rsta pris<em> i den prestigefyllda t\u00e4vlingen \u00c5rets Svenska M\u00e5ltidslitteratur i kategorin \u201dreseguider\u201d.<\/em><\/strong><\/p>\n<figure id=\"attachment_332691\" aria-describedby=\"caption-attachment-332691\" style=\"width: 274px\" class=\"wp-caption alignright\"><img fetchpriority=\"high\" decoding=\"async\" class=\"size-thumbnail wp-image-332691\" src=\"https:\/\/www.bkwine.com\/wp-content\/uploads\/2016\/11\/Piemonte_omslag-high-quality-274x450.jpg\" alt=\"Piemonte, vinerna, distrikten, producenterna, vinboken om Bordeaux viner, i serien Guide till vinets v\u00e4rld\" width=\"274\" height=\"450\" srcset=\"https:\/\/www.bkwine.com\/wp-content\/uploads\/2016\/11\/Piemonte_omslag-high-quality-274x450.jpg 274w, https:\/\/www.bkwine.com\/wp-content\/uploads\/2016\/11\/Piemonte_omslag-high-quality-366x600.jpg 366w, https:\/\/www.bkwine.com\/wp-content\/uploads\/2016\/11\/Piemonte_omslag-high-quality-768x1260.jpg 768w, https:\/\/www.bkwine.com\/wp-content\/uploads\/2016\/11\/Piemonte_omslag-high-quality-549x900.jpg 549w, https:\/\/www.bkwine.com\/wp-content\/uploads\/2016\/11\/Piemonte_omslag-high-quality.jpg 1496w\" sizes=\"(max-width: 274px) 100vw, 274px\" \/><figcaption id=\"caption-attachment-332691\" class=\"wp-caption-text\">Piemonte, vinerna, distrikten, producenterna, vinboken om Bordeaux viner, i serien Guide till vinets v\u00e4rld<\/figcaption><\/figure>\n<p>Barolo och Barbaresco \u00e4r de tv\u00e5 stora namnen i Piemonte. Vin f\u00f6r kungar och kungen av viner. Det \u00e4r tv\u00e5 av Italiens mest ber\u00f6mda vindistrikt. H\u00e4r ger den kr\u00e4vande druvan nebbiolo viner av v\u00e4rldsklass. Men det finns mycket fler viner att uppt\u00e4cka i Piemonte, till exempel h\u00f6gklassiga r\u00f6da viner fr\u00e5n Roero, Langhe och Monferrato. Fr\u00e5n Gavi kommer uppfriskande vita viner och runt Asti g\u00f6r man n\u00e5gra av Italiens mest popul\u00e4ra mousserande viner.<\/p>\n<p>I Piemonte \u00e4r man stolt \u00f6ver sina egna unika druvsorter, m\u00e5nga finns n\u00e4stan bara h\u00e4r. Barbera, dolcetto, brachetto, freisa, grignolino, ruch\u00e9, arneis, cortese, favorita och m\u00e5nga fler. Var och en ger vin med sin egen speciella karakt\u00e4r. Man \u00e4r ocks\u00e5 mycket stolt \u00f6ver den piemontesiska gastronomin. Ris \u00e4r viktigt, n\u00e4stan mer betydelsefullt \u00e4n pasta och man har en egen n\u00f6tk\u00f6ttsras som anv\u00e4nds till den ber\u00f6mda <em>carne cruda<\/em>. Och kanske mest k\u00e4nt av allt, den exklusiva tryffeln fr\u00e5n Alba.<\/p>\n<p><em>Piemonte \u2013 vinerna, distrikten, producenterna<\/em> tar dig med p\u00e5 en resa genom detta vackra vinlandskap. F\u00f6rutom klassikerna Barolo och Barbaresco \u00e4r det minst lika sp\u00e4nnande att utforska de andra vindistrikten i Piemonte, d\u00e4r m\u00e5nga \u00e4nnu inte \u00e4r s\u00e5 v\u00e4lk\u00e4nda.<\/p>\n<p>I Piemonte, som str\u00e4cker sig fr\u00e5n Alperna och n\u00e4stan \u00e4nda ner till Medelhavet, har man ofta de sn\u00f6kl\u00e4dda topparna i fonden n\u00e4r man reser runt bland ving\u00e5rdarna. En passande bakgrund f\u00f6r dessa m\u00e4ktiga och fascinerande viner.<\/p>\n<p>Boken ing\u00e5r i serien <em>Guide till vinets v\u00e4rld<\/em> och \u00e4r skriven av Britt Karlsson och Per Karlsson, flerfaldigt prisbel\u00f6nta vinboksf\u00f6rfattare.<\/p>\n<h2>Fakta<\/h2>\n<p><strong>Titel: Piemonte, vinerna, distrikten, producenterna<\/strong><\/p>\n<p><strong>Serietitel<\/strong>: <a href=\"https:\/\/www.bkwine.com\/sv\/vara-bocker\/guide-till-vinets-varld-bokserien\/\">Guide till vinets v\u00e4rld<\/a><\/p>\n<p><strong>Text och bild<\/strong>: Britt Karlsson och Per Karlsson<\/p>\n<p><strong>F\u00f6rlag<\/strong>: Tukan F\u00f6rlag<\/p>\n<p><strong>Bandtyp<\/strong>: H\u00e4ftad, rikt illustrerad i fyrf\u00e4rg<\/p>\n<p><strong>Utgiven<\/strong>: september 2016<\/p>\n<p><strong>Omf\u00e5ng<\/strong>: 128x211mm (BxH), 127 sidor<\/p>\n<p><strong>ISBN<\/strong>: 978-91-7617-644-3<\/p>\n<h2>Bokserien Guide till vinets v\u00e4rld har vunnit M\u00e5ltidsakademien pris &#8211; \u201dav internationell klass\u201d<\/h2>\n<p>Bokserien Guide till vinets v\u00e4rld har vunnit f\u00f6rsta pris i den prestigefyllda t\u00e4vling \u00c5rets Svenska M\u00e5ltidslitteratur arrangerad av M\u00e5ltidsakademien och Restaurangh\u00f6gskolan-M\u00e5ltidens Hus. B\u00f6ckerna vann f\u00f6rsta pris i kategorin \u201dreseguider\u201d.<\/p>\n<p>Juryns motivering var: \u201dMed sina djupa och l\u00e5ngtg\u00e5ende kunskaper har Britt och Per Karlsson skapat den f\u00f6rsta serien vinreseguider av internationell klass\u201d.<\/p>\n<figure id=\"attachment_332882\" aria-describedby=\"caption-attachment-332882\" style=\"width: 300px\" class=\"wp-caption aligncenter\"><img decoding=\"async\" class=\"size-thumbnail wp-image-332882\" src=\"https:\/\/www.bkwine.com\/wp-content\/uploads\/2016\/12\/Basta-svensk-maltidslitteraturen-pris-300x288.jpg\" alt=\"B\u00e4sta bok, \u00c5rets Svenska M\u00e5ltidslitteratur\" width=\"300\" height=\"288\" srcset=\"https:\/\/www.bkwine.com\/wp-content\/uploads\/2016\/12\/Basta-svensk-maltidslitteraturen-pris-300x288.jpg 300w, https:\/\/www.bkwine.com\/wp-content\/uploads\/2016\/12\/Basta-svensk-maltidslitteraturen-pris-400x383.jpg 400w, https:\/\/www.bkwine.com\/wp-content\/uploads\/2016\/12\/Basta-svensk-maltidslitteraturen-pris.jpg 600w\" sizes=\"(max-width: 300px) 100vw, 300px\" \/><figcaption id=\"caption-attachment-332882\" class=\"wp-caption-text\">B\u00e4sta bok, \u00c5rets Svenska M\u00e5ltidslitteratur<\/figcaption><\/figure>\n<h2>F\u00f6rfattarna<\/h2>\n<p>Britt Karlsson och Per Karlsson bor och arbetar sedan m\u00e5nga \u00e5r i Frankrike, d\u00e4r de \u00e4r verksamma under namnet BKWine. De tillh\u00f6r Sveriges mest erfarna vinskribenter och har givit ut ett flertal b\u00f6cker om vin som vunnit svenska och internationella priser, d\u00e4ribland OIV:s prestigefyllda \u201dnobelpris\u201d i vinlitteratur. De har medverkat i m\u00e5nga svenska och internationella vintidningar och skriver idag framf\u00f6r allt p\u00e5 BKWine Magazine och Forbes.com. Pers bilder publiceras ocks\u00e5 regelbundet runt om i v\u00e4rlden i b\u00f6cker och tidningar om vin.<\/p>\n<p>Britt och Per driver \u00e4ven Sveriges ledande researrang\u00f6r f\u00f6r vin- och gastronomiresor, <a title=\"BKWine Vinresor\" href=\"https:\/\/www.bkwinevinresor.com\/\" target=\"_blank\" rel=\"noopener\">BKWine Vinresor<\/a>. Genom sitt skrivande och sin reseverksamhet tillbringar de en stor del av \u00e5ret i olika vindistrikt \u00f6ver hela v\u00e4rlden. De bes\u00f6ker runt 300 ving\u00e5rdar varje \u00e5r.<\/p>\n<h2>Mer om boken<\/h2>\n<p>H\u00e4r finns mer information om <strong>Piemonte, vinerna, distrikten, producenterna<\/strong> en bok i serien <strong>Guide till vinets v\u00e4rld<\/strong> (eller anv\u00e4nd menyerna ovan):<\/p>\n<ul>\n<li><a href=\"https:\/\/www.bkwine.com\/sv\/vara-bocker\/piemonte-vinerna-distrikten-producenterna\/om-boken\/\">Introduktion<\/a><\/li>\n<li><a href=\"https:\/\/www.bkwine.com\/sv\/vara-bocker\/piemonte-vinerna-distrikten-producenterna\/innehall\/\">Inneh\u00e5llsf\u00f6rteckning<\/a><\/li>\n<li><a href=\"https:\/\/www.bkwine.com\/sv\/vara-bocker\/piemonte-vinerna-distrikten-producenterna\/ur-inledningen-till-boken\/\">Ur inledningen<\/a><\/li>\n<li><a href=\"https:\/\/www.bkwine.com\/sv\/category\/bocker\/piemonte-boken\/\">Sagt om boken och nyheter<\/a><\/li>\n<li><a href=\"https:\/\/www.bkwine.com\/sv\/vara-bocker\/piemonte-vinerna-distrikten-producenterna\/kop-boken\/\">K\u00f6p boken<\/a><\/li>\n<\/ul>\n<ul>\n<li><a title=\"Om bokserien Guide till vinets v\u00e4rld\" href=\"https:\/\/www.bkwine.com\/sv\/vara-bocker\/guide-till-vinets-varld-bokserien\/\">Om bokserien Guide till vinets v\u00e4rld<\/a><\/li>\n<\/ul>\n<figure id=\"attachment_327562\" aria-describedby=\"caption-attachment-327562\" style=\"width: 600px\" class=\"wp-caption aligncenter\"><img decoding=\"async\" class=\"size-large wp-image-327562\" src=\"https:\/\/www.bkwine.com\/wp-content\/uploads\/2016\/03\/britt-per-karlsson-cg08-597-9755-600x452.jpg\" alt=\"Britt &amp; Per Karlsson, BKWine\" width=\"600\" height=\"452\" srcset=\"https:\/\/www.bkwine.com\/wp-content\/uploads\/2016\/03\/britt-per-karlsson-cg08-597-9755-600x452.jpg 600w, https:\/\/www.bkwine.com\/wp-content\/uploads\/2016\/03\/britt-per-karlsson-cg08-597-9755-300x226.jpg 300w, https:\/\/www.bkwine.com\/wp-content\/uploads\/2016\/03\/britt-per-karlsson-cg08-597-9755-400x301.jpg 400w, https:\/\/www.bkwine.com\/wp-content\/uploads\/2016\/03\/britt-per-karlsson-cg08-597-9755.jpg 900w\" sizes=\"(max-width: 600px) 100vw, 600px\" \/><figcaption id=\"caption-attachment-327562\" class=\"wp-caption-text\">Britt (R) &amp; Per (L) Karlsson, BKWine<\/figcaption><\/figure>\n<figure id=\"attachment_332644\" aria-describedby=\"caption-attachment-332644\" style=\"width: 550px\" class=\"wp-caption aligncenter\"><img loading=\"lazy\" decoding=\"async\" class=\"size-large wp-image-332644\" src=\"https:\/\/www.bkwine.com\/wp-content\/uploads\/2016\/11\/Bourgogne-omslag-high-quality-550x900.jpg\" alt=\"Bourgogne, vinerna, distrikten, producenterna, vinboken om Bordeaux viner, i serien Guide till vinets v\u00e4rld\" width=\"550\" height=\"900\" srcset=\"https:\/\/www.bkwine.com\/wp-content\/uploads\/2016\/11\/Bourgogne-omslag-high-quality-550x900.jpg 550w, https:\/\/www.bkwine.com\/wp-content\/uploads\/2016\/11\/Bourgogne-omslag-high-quality-275x450.jpg 275w, https:\/\/www.bkwine.com\/wp-content\/uploads\/2016\/11\/Bourgogne-omslag-high-quality-367x600.jpg 367w, https:\/\/www.bkwine.com\/wp-content\/uploads\/2016\/11\/Bourgogne-omslag-high-quality-768x1257.jpg 768w, https:\/\/www.bkwine.com\/wp-content\/uploads\/2016\/11\/Bourgogne-omslag-high-quality.jpg 1500w\" sizes=\"(max-width: 550px) 100vw, 550px\" \/><figcaption id=\"caption-attachment-332644\" class=\"wp-caption-text\">Bourgogne, vinerna, distrikten, producenterna, vinboken om Bordeaux viner, i serien Guide till vinets v\u00e4rld<\/figcaption><\/figure>\n","protected":false},"excerpt":{"rendered":"<p>Piemonte, vinerna, distrikten, producenterna \u00e4r en oumb\u00e4rlig guide f\u00f6r dig som vill veta mer om detta v\u00e4rldsber\u00f6mda vindistrikt, dess viner och vinproducenter. Den ing\u00e5r i serien Guide till vinets v\u00e4rld och \u00e4r skriven av Britt Karlsson och Per Karlsson, flerfaldigt prisbel\u00f6nta vinboksf\u00f6rfattare. Boken \u00e4r i l\u00e4tthanterligt pocketformat och rikt illustrerad, men samtidigt fylld av fakta, [&hellip;]<\/p>\n","protected":false},"author":3,"featured_media":0,"parent":332700,"menu_order":1,"comment_status":"closed","ping_status":"closed","template":"","meta":{"footnotes":""},"class_list":["post-332701","page","type-page","status-publish","hentry"],"_links":{"self":[{"href":"https:\/\/www.bkwine.com\/sv\/wp-json\/wp\/v2\/pages\/332701","targetHints":{"allow":["GET"]}}],"collection":[{"href":"https:\/\/www.bkwine.com\/sv\/wp-json\/wp\/v2\/pages"}],"about":[{"href":"https:\/\/www.bkwine.com\/sv\/wp-json\/wp\/v2\/types\/page"}],"author":[{"embeddable":true,"href":"https:\/\/www.bkwine.com\/sv\/wp-json\/wp\/v2\/users\/3"}],"replies":[{"embeddable":true,"href":"https:\/\/www.bkwine.com\/sv\/wp-json\/wp\/v2\/comments?post=332701"}],"version-history":[{"count":0,"href":"https:\/\/www.bkwine.com\/sv\/wp-json\/wp\/v2\/pages\/332701\/revisions"}],"up":[{"embeddable":true,"href":"https:\/\/www.bkwine.com\/sv\/wp-json\/wp\/v2\/pages\/332700"}],"wp:attachment":[{"href":"https:\/\/www.bkwine.com\/sv\/wp-json\/wp\/v2\/media?parent=332701"}],"curies":[{"name":"wp","href":"https:\/\/api.w.org\/{rel}","templated":true}]}}