{"id":329815,"date":"2016-07-11T19:39:39","date_gmt":"2016-07-11T17:39:39","guid":{"rendered":"https:\/\/www.bkwine.com\/sv\/?page_id=329815"},"modified":"2016-07-11T19:40:01","modified_gmt":"2016-07-11T17:40:01","slug":"tomas-eriksson","status":"publish","type":"page","link":"https:\/\/www.bkwine.com\/sv\/om\/bkwine-magazine\/skribenter\/tomas-eriksson\/","title":{"rendered":"Tomas Eriksson"},"content":{"rendered":"<figure id=\"attachment_329816\" aria-describedby=\"caption-attachment-329816\" style=\"width: 300px\" class=\"wp-caption alignright\"><img fetchpriority=\"high\" decoding=\"async\" class=\"size-thumbnail wp-image-329816\" src=\"https:\/\/www.bkwine.com\/wp-content\/uploads\/2016\/07\/tomas-eriksson-300x218.jpg\" alt=\"Tomas Eriksson\" width=\"300\" height=\"218\" srcset=\"https:\/\/www.bkwine.com\/wp-content\/uploads\/2016\/07\/tomas-eriksson-300x218.jpg 300w, https:\/\/www.bkwine.com\/wp-content\/uploads\/2016\/07\/tomas-eriksson-400x290.jpg 400w, https:\/\/www.bkwine.com\/wp-content\/uploads\/2016\/07\/tomas-eriksson.jpg 600w\" sizes=\"(max-width: 300px) 100vw, 300px\" \/><figcaption id=\"caption-attachment-329816\" class=\"wp-caption-text\">Tomas Eriksson<\/figcaption><\/figure>\n<p>Tomas Eriksson skriver f\u00f6r BKWine Magazine om provningar hos vinhandlare och vinimport\u00f6rer i Sverige.<\/p>\n<p>Tomas skriver \u00e4ven p\u00e5 <a href=\"https:\/\/vintomas.wordpress.com\/\" target=\"_blank\">sin egen vinblogg<\/a> under pseudonymen Vintomas, fr\u00e4mst om champagne men \u00e4ven om andra viner och om alkoholpolitik.<\/p>\n<ul>\n<li>L\u00e4s alla <a title=\"Tomas Erikssons artiklar h\u00e4r\" href=\"https:\/\/www.bkwine.com\/sv\/author\/tomaseriksson\/\">Tomas Erikssons artiklar h\u00e4r<\/a>.<\/li>\n<li>L\u00e4s alla <a title=\"artiklar av Tomas Eriksson p\u00e5 engelska p\u00e5 BKWine Magazine h\u00e4r\" href=\"https:\/\/www.bkwine.com\/author\/tomaseriksson\/\">Tomas Erikssons artiklar p\u00e5 engelska h\u00e4r<\/a>.<\/li>\n<\/ul>\n<p>(En del artiklar finns bara p\u00e5 ett av spr\u00e5ken s\u00e5 titta p\u00e5 b\u00e5da.)<\/p>\n<p>[divider]<\/p>\n","protected":false},"excerpt":{"rendered":"<p>Tomas Eriksson skriver f\u00f6r BKWine Magazine om provningar hos vinhandlare och vinimport\u00f6rer i Sverige. Tomas skriver \u00e4ven p\u00e5 sin egen vinblogg under pseudonymen Vintomas, fr\u00e4mst om champagne men \u00e4ven om andra viner och om alkoholpolitik. L\u00e4s alla Tomas Erikssons artiklar h\u00e4r. L\u00e4s alla Tomas Erikssons artiklar p\u00e5 engelska h\u00e4r. (En del artiklar finns bara p\u00e5 [&hellip;]<\/p>\n","protected":false},"author":3,"featured_media":0,"parent":4198,"menu_order":0,"comment_status":"closed","ping_status":"closed","template":"","meta":{"footnotes":""},"class_list":["post-329815","page","type-page","status-publish","hentry"],"_links":{"self":[{"href":"https:\/\/www.bkwine.com\/sv\/wp-json\/wp\/v2\/pages\/329815","targetHints":{"allow":["GET"]}}],"collection":[{"href":"https:\/\/www.bkwine.com\/sv\/wp-json\/wp\/v2\/pages"}],"about":[{"href":"https:\/\/www.bkwine.com\/sv\/wp-json\/wp\/v2\/types\/page"}],"author":[{"embeddable":true,"href":"https:\/\/www.bkwine.com\/sv\/wp-json\/wp\/v2\/users\/3"}],"replies":[{"embeddable":true,"href":"https:\/\/www.bkwine.com\/sv\/wp-json\/wp\/v2\/comments?post=329815"}],"version-history":[{"count":0,"href":"https:\/\/www.bkwine.com\/sv\/wp-json\/wp\/v2\/pages\/329815\/revisions"}],"up":[{"embeddable":true,"href":"https:\/\/www.bkwine.com\/sv\/wp-json\/wp\/v2\/pages\/4198"}],"wp:attachment":[{"href":"https:\/\/www.bkwine.com\/sv\/wp-json\/wp\/v2\/media?parent=329815"}],"curies":[{"name":"wp","href":"https:\/\/api.w.org\/{rel}","templated":true}]}}