{"id":327527,"date":"2016-03-16T17:38:17","date_gmt":"2016-03-16T16:38:17","guid":{"rendered":"https:\/\/www.bkwine.com\/sv\/?page_id=327527"},"modified":"2021-05-14T12:53:19","modified_gmt":"2021-05-14T10:53:19","slug":"innehall","status":"publish","type":"page","link":"https:\/\/www.bkwine.com\/sv\/vara-bocker\/bordeaux-vinerna-distrikten-producenterna\/innehall\/","title":{"rendered":"Inneh\u00e5ll: Bordeaux, vinerna, distrikten, producenterna"},"content":{"rendered":"<p>Bordeaux kallas ibland v\u00e4rldens st\u00f6rsta kvalitetsvinomr\u00e5de. Det \u00e4r v\u00e4lf\u00f6rtj\u00e4nt. P\u00e5 drygt 110 000 hektar producerar man \u00e5rligen 5 miljoner hektoliter vin. Det motsvarar ungef\u00e4r tio procent av hela Frankrikes vinproduktion. H\u00e4r finns drygt 7 000 vinproducenter, alla med r\u00e4tten att kalla sig ch\u00e2teau.<\/p>\n<p>Bordeaux \u00e4r inte bara v\u00e4rldens mest ber\u00f6mda vin och vindistrikt. Det \u00e4r ocks\u00e5 hemvist f\u00f6r n\u00e5gra av v\u00e4rldens mest uppskattade druvsorter: cabernet sauvignon, merlot, sauvignon blanc. Mest bekanta \u00e4r de kraftfulla, strama r\u00f6da vinerna fr\u00e5n M\u00e9doc, Saint-Emilion och Pomerol och de yppigt s\u00f6ta vinerna fr\u00e5n Sauternes. Men h\u00e4r kan vin\u00e4lskaren hitta n\u00e4stan allt, r\u00f6tt och vitt, torrt och s\u00f6tt, och till och med mousserande. Och allt fr\u00e5n bra och prisv\u00e4rda vardagsviner till n\u00e5gra av v\u00e4rldens mest h\u00f6gklassiga.<\/p>\n<p>Bordeaux \u00e4r dessutom ett fantastiskt omr\u00e5de att resa i, med vackra landskap, sp\u00e4nnande historia och uts\u00f6kt mat.<\/p>\n<figure id=\"attachment_327523\" aria-describedby=\"caption-attachment-327523\" style=\"width: 273px\" class=\"wp-caption alignright\"><img fetchpriority=\"high\" decoding=\"async\" class=\"size-thumbnail wp-image-327523\" src=\"https:\/\/www.bkwine.com\/wp-content\/uploads\/2016\/03\/Bordeaux-vinerna-distrikten-producenterna-273x450.jpg\" alt=\"Bordeaux, vinerna, distrikten, producenterna, vinboken om bordeaux viner\" width=\"273\" height=\"450\" srcset=\"https:\/\/www.bkwine.com\/wp-content\/uploads\/2016\/03\/Bordeaux-vinerna-distrikten-producenterna-273x450.jpg 273w, https:\/\/www.bkwine.com\/wp-content\/uploads\/2016\/03\/Bordeaux-vinerna-distrikten-producenterna-364x600.jpg 364w, https:\/\/www.bkwine.com\/wp-content\/uploads\/2016\/03\/Bordeaux-vinerna-distrikten-producenterna-545x900.jpg 545w, https:\/\/www.bkwine.com\/wp-content\/uploads\/2016\/03\/Bordeaux-vinerna-distrikten-producenterna.jpg 1489w\" sizes=\"(max-width: 273px) 100vw, 273px\" \/><figcaption id=\"caption-attachment-327523\" class=\"wp-caption-text\">Bordeaux, vinerna, distrikten, producenterna, vinboken om bordeaux viner<\/figcaption><\/figure>\n<p>H\u00e4r \u00e4r inneh\u00e5llsf\u00f6rteckningen i boken <strong>Bordeaux, vinerna, distrikten, producenterna<\/strong>:<\/p>\n<ol>\n<li>Stora slott och familjeg\u00e5rdar<\/li>\n<li>V\u00e4rldens mest ber\u00f6mda vin<\/li>\n<li>Vinstilar<\/li>\n<li>Druvorna<\/li>\n<li>Ekfatslagring och blandning<\/li>\n<li>Jordm\u00e5n och klimat<\/li>\n<li>Appellationer och regler<\/li>\n<li>Halv\u00f6n M\u00e9doc<\/li>\n<li>Graves och Pessac-L\u00e9ognan<\/li>\n<li>Sauternes<\/li>\n<li>Saint-Emilion<\/li>\n<li>Pomerol<\/li>\n<li>Fronsac<\/li>\n<li>Les C\u00f4tes de Bordeaux<\/li>\n<li>Entre-deux-Mers, Bordeaux och Bordeaux Sup\u00e9rieur<\/li>\n<li>Staden Bordeaux<\/li>\n<li>Vinhandlarna i Bordeaux \u2013 les n\u00e9gociants<\/li>\n<li>Export och f\u00f6rs\u00e4ljning<\/li>\n<li>Maten i Bordeaux<\/li>\n<li>Att servera en Bordeaux<\/li>\n<li>Register<\/li>\n<\/ol>\n<p>[divider_flat]<\/p>\n<p>H\u00e4r finns mer information om <strong>Bordeaux, vinerna, distrikten, producenterna<\/strong> en bok i serien <strong>Guide till vinets v\u00e4rld<\/strong> (eller anv\u00e4nd menyerna ovan):<\/p>\n<ul>\n<li><a title=\"Introduktion Bordeaux, vinerna, distrikten, producenterna\" href=\"https:\/\/www.bkwine.com\/sv\/vara-bocker\/bordeaux-vinerna-distrikten-producenterna\/om-boken\/\">Introduktion<\/a><\/li>\n<li><a title=\"Inneh\u00e5llsf\u00f6rteckning Bordeaux, vinerna, distrikten, producenterna\" href=\"https:\/\/www.bkwine.com\/sv\/vara-bocker\/bordeaux-vinerna-distrikten-producenterna\/innehall\/\">Inneh\u00e5llsf\u00f6rteckning<\/a><\/li>\n<li><a title=\"Ur inledningen Bordeaux, vinerna, distrikten, producenterna\" href=\"https:\/\/www.bkwine.com\/sv\/vara-bocker\/bordeaux-vinerna-distrikten-producenterna\/ur-inledningen-till-boken\/\">Ur inledningen<\/a><\/li>\n<li><a title=\"Sagt om boken och nyheter, Bordeaux, vinerna, distrikten, producenterna\" href=\"https:\/\/www.bkwine.com\/sv\/category\/bocker\/bordeaux-boken\/\">Sagt om boken och nyheter<\/a><\/li>\n<li><a title=\"K\u00f6p boken Bordeaux, vinerna, distrikten, producenterna\" href=\"https:\/\/www.bkwine.com\/sv\/vara-bocker\/bordeaux-vinerna-distrikten-producenterna\/kop-boken\/\">K\u00f6p boken<\/a><\/li>\n<\/ul>\n<ul>\n<li><a title=\"Om bokserien Guide till vinets v\u00e4rld\" href=\"https:\/\/www.bkwine.com\/sv\/vara-bocker\/guide-till-vinets-varld-bokserien\/\">Om bokserien Guide till vinets v\u00e4rld<\/a><\/li>\n<\/ul>\n","protected":false},"excerpt":{"rendered":"<p>Bordeaux kallas ibland v\u00e4rldens st\u00f6rsta kvalitetsvinomr\u00e5de. Det \u00e4r v\u00e4lf\u00f6rtj\u00e4nt. P\u00e5 drygt 110 000 hektar producerar man \u00e5rligen 5 miljoner hektoliter vin. Det motsvarar ungef\u00e4r tio procent av hela Frankrikes vinproduktion. H\u00e4r finns drygt 7 000 vinproducenter, alla med r\u00e4tten att kalla sig ch\u00e2teau. Bordeaux \u00e4r inte bara v\u00e4rldens mest ber\u00f6mda vin och vindistrikt. Det \u00e4r [&hellip;]<\/p>\n","protected":false},"author":3,"featured_media":0,"parent":327524,"menu_order":2,"comment_status":"open","ping_status":"open","template":"","meta":{"footnotes":""},"class_list":["post-327527","page","type-page","status-publish","hentry"],"_links":{"self":[{"href":"https:\/\/www.bkwine.com\/sv\/wp-json\/wp\/v2\/pages\/327527","targetHints":{"allow":["GET"]}}],"collection":[{"href":"https:\/\/www.bkwine.com\/sv\/wp-json\/wp\/v2\/pages"}],"about":[{"href":"https:\/\/www.bkwine.com\/sv\/wp-json\/wp\/v2\/types\/page"}],"author":[{"embeddable":true,"href":"https:\/\/www.bkwine.com\/sv\/wp-json\/wp\/v2\/users\/3"}],"replies":[{"embeddable":true,"href":"https:\/\/www.bkwine.com\/sv\/wp-json\/wp\/v2\/comments?post=327527"}],"version-history":[{"count":0,"href":"https:\/\/www.bkwine.com\/sv\/wp-json\/wp\/v2\/pages\/327527\/revisions"}],"up":[{"embeddable":true,"href":"https:\/\/www.bkwine.com\/sv\/wp-json\/wp\/v2\/pages\/327524"}],"wp:attachment":[{"href":"https:\/\/www.bkwine.com\/sv\/wp-json\/wp\/v2\/media?parent=327527"}],"curies":[{"name":"wp","href":"https:\/\/api.w.org\/{rel}","templated":true}]}}