{"id":327526,"date":"2016-03-16T17:33:50","date_gmt":"2016-03-16T16:33:50","guid":{"rendered":"https:\/\/www.bkwine.com\/sv\/?page_id=327526"},"modified":"2021-05-14T12:49:34","modified_gmt":"2021-05-14T10:49:34","slug":"om-boken","status":"publish","type":"page","link":"https:\/\/www.bkwine.com\/sv\/vara-bocker\/bordeaux-vinerna-distrikten-producenterna\/om-boken\/","title":{"rendered":"Om boken: Bordeaux, vinerna, distrikten, producenterna"},"content":{"rendered":"<p><strong><em>Bordeaux, vinerna, distrikten, producenterna<\/em> \u00e4r en oumb\u00e4rlig guide f\u00f6r dig som vill veta mer om detta v\u00e4rldsber\u00f6mda vindistrikt, dess viner och vinproducenter. Den ing\u00e5r i serien <em>Guide till vinets v\u00e4rld<\/em> och \u00e4r skriven av Britt Karlsson och Per Karlsson, flerfaldigt prisbel\u00f6nta vinboksf\u00f6rfattare. Boken \u00e4r i l\u00e4tthanterligt pocketformat och rikt illustrerad, men samtidigt fylld av fakta, skriven av experter p\u00e5 omr\u00e5det.<\/strong><\/p>\n<p><strong><em>Bokserien \u201dGuide till vinets v\u00e4rld\u201d <\/em>har vunnit f\u00f6rsta pris<em> i den prestigefyllda t\u00e4vlingen \u00c5rets Svenska M\u00e5ltidslitteratur i kategorin \u201dreseguider\u201d.<\/em><\/strong><\/p>\n<figure id=\"attachment_327523\" aria-describedby=\"caption-attachment-327523\" style=\"width: 273px\" class=\"wp-caption alignright\"><img fetchpriority=\"high\" decoding=\"async\" class=\"size-thumbnail wp-image-327523\" src=\"https:\/\/www.bkwine.com\/wp-content\/uploads\/2016\/03\/Bordeaux-vinerna-distrikten-producenterna-273x450.jpg\" alt=\"Bordeaux, vinerna, distrikten, producenterna, vinboken om bordeaux viner\" width=\"273\" height=\"450\" srcset=\"https:\/\/www.bkwine.com\/wp-content\/uploads\/2016\/03\/Bordeaux-vinerna-distrikten-producenterna-273x450.jpg 273w, https:\/\/www.bkwine.com\/wp-content\/uploads\/2016\/03\/Bordeaux-vinerna-distrikten-producenterna-364x600.jpg 364w, https:\/\/www.bkwine.com\/wp-content\/uploads\/2016\/03\/Bordeaux-vinerna-distrikten-producenterna-545x900.jpg 545w, https:\/\/www.bkwine.com\/wp-content\/uploads\/2016\/03\/Bordeaux-vinerna-distrikten-producenterna.jpg 1489w\" sizes=\"(max-width: 273px) 100vw, 273px\" \/><figcaption id=\"caption-attachment-327523\" class=\"wp-caption-text\">Bordeaux, vinerna, distrikten, producenterna, vinboken om Bordeaux viner<\/figcaption><\/figure>\n<p>I Bordeaux g\u00f6r man n\u00e5gra av v\u00e4rldens mest ber\u00f6mda viner, framst\u00e4llda i anrika slottsk\u00e4llare. P\u00e5 senare tid har distriktet or\u00e4ttvist f\u00e5tt rykte om sig att producera ouppn\u00e5eliga lyxviner. Men s\u00e5 \u00e4r det inte. Eller det \u00e4r i alla fall inte hela sanningen. De allra flesta vinerna kommer fr\u00e5n familje\u00e4gda g\u00e5rdar som g\u00f6r utm\u00e4rkta viner i \u201dvanliga\u201d prisklasser. Bordeaux \u00e4r ocks\u00e5 k\u00e4nt f\u00f6r sina slott \u2013 f\u00f6r oavsett storlek kallas alla vinegendomar h\u00e4r f\u00f6r slott.<\/p>\n<p>Bordeaux \u00e4r n\u00e5got av en m\u00e5ttstock f\u00f6r kvalitetsvin. Vinmakare fr\u00e5n hela v\u00e4rlden j\u00e4mf\u00f6r g\u00e4rna sina viner med dem som produceras i Bordeaux. M\u00e5nga vin\u00e4lskare anser att vinet h\u00e4rifr\u00e5n \u00e4r det mest klassiska av klassiska viner, det vin man alltid \u00e5terv\u00e4nder till.<\/p>\n<p><em>Bordeaux \u2013 vinerna, distrikten, producenterna<\/em> ger dig nycklarna till att uppt\u00e4cka eller \u00e5teruppt\u00e4cka de fantastiska vinerna i detta stora och vackra distrikt. Boken tar dig med genom alla deldistrikt, ber\u00e4ttar om det som \u00e4r speciellt f\u00f6r vinerna, om terroiren, om druvsorterna och om de mest sp\u00e4nnande vinproducenterna.<\/p>\n<p>Vinet g\u00e5r hand i hand med maten, inte minst i Frankrike. I Bordeaux blandas den franska gastronomin med genuina delikatesser fr\u00e5n de sydv\u00e4stra delarna. \u00c4ven det f\u00e5r du ett smakprov p\u00e5 h\u00e4r.<\/p>\n<p>Boken ing\u00e5r i serien <em>Guide till vinets v\u00e4rld<\/em>.<\/p>\n<h2>Fakta<\/h2>\n<p><strong>Titel: Bordeaux, vinerna, distrikten, producenterna<\/strong><\/p>\n<p><strong>Serietitel<\/strong>: <a href=\"https:\/\/www.bkwine.com\/sv\/vara-bocker\/guide-till-vinets-varld-bokserien\/\">Guide till vinets v\u00e4rld<\/a><\/p>\n<p><strong>Text och bild<\/strong>: Britt Karlsson och Per Karlsson<\/p>\n<p><strong>F\u00f6rlag<\/strong>: Tukan F\u00f6rlag<\/p>\n<p><strong>Bandtyp<\/strong>: H\u00e4ftad, rikt illustrerad i fyrf\u00e4rg<\/p>\n<p><strong>Utgiven<\/strong>: mars 2016<\/p>\n<p><strong>Omf\u00e5ng<\/strong>: 128x211mm (BxH), 144 sidor<\/p>\n<p><strong>ISBN<\/strong>: 978-91-7617-367-1<\/p>\n<h2>Bokserien Guide till vinets v\u00e4rld har vunnit M\u00e5ltidsakademien pris &#8211; \u201dav internationell klass\u201d<\/h2>\n<p>Bokserien Guide till vinets v\u00e4rld har vunnit f\u00f6rsta pris i den prestigefyllda t\u00e4vling \u00c5rets Svenska M\u00e5ltidslitteratur arrangerad av M\u00e5ltidsakademien och Restaurangh\u00f6gskolan-M\u00e5ltidens Hus. B\u00f6ckerna vann f\u00f6rsta pris i kategorin \u201dreseguider\u201d.<\/p>\n<p>Juryns motivering var: \u201dMed sina djupa och l\u00e5ngtg\u00e5ende kunskaper har Britt och Per Karlsson skapat den f\u00f6rsta serien vinreseguider av internationell klass\u201d.<\/p>\n<figure id=\"attachment_332882\" aria-describedby=\"caption-attachment-332882\" style=\"width: 300px\" class=\"wp-caption aligncenter\"><img decoding=\"async\" class=\"size-thumbnail wp-image-332882\" src=\"https:\/\/www.bkwine.com\/wp-content\/uploads\/2016\/12\/Basta-svensk-maltidslitteraturen-pris-300x288.jpg\" alt=\"B\u00e4sta bok, \u00c5rets Svenska M\u00e5ltidslitteratur\" width=\"300\" height=\"288\" srcset=\"https:\/\/www.bkwine.com\/wp-content\/uploads\/2016\/12\/Basta-svensk-maltidslitteraturen-pris-300x288.jpg 300w, https:\/\/www.bkwine.com\/wp-content\/uploads\/2016\/12\/Basta-svensk-maltidslitteraturen-pris-400x383.jpg 400w, https:\/\/www.bkwine.com\/wp-content\/uploads\/2016\/12\/Basta-svensk-maltidslitteraturen-pris.jpg 600w\" sizes=\"(max-width: 300px) 100vw, 300px\" \/><figcaption id=\"caption-attachment-332882\" class=\"wp-caption-text\">B\u00e4sta bok, \u00c5rets Svenska M\u00e5ltidslitteratur<\/figcaption><\/figure>\n<h2>F\u00f6rfattarna<\/h2>\n<p>Britt Karlsson och Per Karlsson bor och arbetar sedan m\u00e5nga \u00e5r i Frankrike, d\u00e4r de \u00e4r verksamma under namnet BKWine. De tillh\u00f6r Sveriges mest erfarna vinskribenter och har givit ut ett flertal b\u00f6cker om vin som vunnit svenska och internationella priser, d\u00e4ribland OIV:s prestigefyllda \u201dnobelpris\u201d i vinlitteratur. De har medverkat i m\u00e5nga svenska och internationella vintidningar och skriver idag framf\u00f6r allt p\u00e5 BKWine Magazine och Forbes.com. Pers bilder publiceras ocks\u00e5 regelbundet runt om i v\u00e4rlden i b\u00f6cker och tidningar om vin.<\/p>\n<p>Britt och Per driver \u00e4ven Sveriges ledande researrang\u00f6r f\u00f6r vin- och gastronomiresor, <a title=\"BKWine Vinresor\" href=\"https:\/\/www.bkwinevinresor.com\/\" target=\"_blank\" rel=\"noopener\">BKWine Vinresor<\/a>. Genom sitt skrivande och sin reseverksamhet tillbringar de en stor del av \u00e5ret i olika vindistrikt \u00f6ver hela v\u00e4rlden. De bes\u00f6ker runt 300 ving\u00e5rdar varje \u00e5r.<\/p>\n<h2>Mer information<\/h2>\n<p>H\u00e4r finns mer information om <strong>Bordeaux, vinerna, distrikten, producenterna<\/strong> en bok i serien <strong>Guide till vinets v\u00e4rld<\/strong> (eller anv\u00e4nd menyerna ovan):<\/p>\n<ul>\n<li><a title=\"Introduktion Bordeaux, vinerna, distrikten, producenterna\" href=\"https:\/\/www.bkwine.com\/sv\/vara-bocker\/bordeaux-vinerna-distrikten-producenterna\/om-boken\/\">Introduktion<\/a><\/li>\n<li><a title=\"Inneh\u00e5llsf\u00f6rteckning Bordeaux, vinerna, distrikten, producenterna\" href=\"https:\/\/www.bkwine.com\/sv\/vara-bocker\/bordeaux-vinerna-distrikten-producenterna\/innehall\/\">Inneh\u00e5llsf\u00f6rteckning<\/a><\/li>\n<li><a title=\"Ur inledningen Bordeaux, vinerna, distrikten, producenterna\" href=\"https:\/\/www.bkwine.com\/sv\/vara-bocker\/bordeaux-vinerna-distrikten-producenterna\/ur-inledningen-till-boken\/\">Ur inledningen<\/a><\/li>\n<li><a title=\"Sagt om boken och nyheter, Bordeaux, vinerna, distrikten, producenterna\" href=\"https:\/\/www.bkwine.com\/sv\/category\/bocker\/bordeaux-boken\/\">Sagt om boken och nyheter<\/a><\/li>\n<li><a title=\"K\u00f6p boken Bordeaux, vinerna, distrikten, producenterna\" href=\"https:\/\/www.bkwine.com\/sv\/vara-bocker\/bordeaux-vinerna-distrikten-producenterna\/kop-boken\/\">K\u00f6p boken<\/a><\/li>\n<\/ul>\n<ul>\n<li><a title=\"Om bokserien Guide till vinets v\u00e4rld\" href=\"https:\/\/www.bkwine.com\/sv\/vara-bocker\/guide-till-vinets-varld-bokserien\/\">Om bokserien Guide till vinets v\u00e4rld<\/a><\/li>\n<\/ul>\n<figure id=\"attachment_327562\" aria-describedby=\"caption-attachment-327562\" style=\"width: 600px\" class=\"wp-caption aligncenter\"><img decoding=\"async\" class=\"size-large wp-image-327562\" src=\"https:\/\/www.bkwine.com\/wp-content\/uploads\/2016\/03\/britt-per-karlsson-cg08-597-9755-600x452.jpg\" alt=\"Britt &amp; Per Karlsson, BKWine\" width=\"600\" height=\"452\" srcset=\"https:\/\/www.bkwine.com\/wp-content\/uploads\/2016\/03\/britt-per-karlsson-cg08-597-9755-600x452.jpg 600w, https:\/\/www.bkwine.com\/wp-content\/uploads\/2016\/03\/britt-per-karlsson-cg08-597-9755-300x226.jpg 300w, https:\/\/www.bkwine.com\/wp-content\/uploads\/2016\/03\/britt-per-karlsson-cg08-597-9755-400x301.jpg 400w, https:\/\/www.bkwine.com\/wp-content\/uploads\/2016\/03\/britt-per-karlsson-cg08-597-9755.jpg 900w\" sizes=\"(max-width: 600px) 100vw, 600px\" \/><figcaption id=\"caption-attachment-327562\" class=\"wp-caption-text\">Britt (R) &amp; Per (L) Karlsson, BKWine<\/figcaption><\/figure>\n<figure id=\"attachment_327523\" aria-describedby=\"caption-attachment-327523\" style=\"width: 545px\" class=\"wp-caption aligncenter\"><img loading=\"lazy\" decoding=\"async\" class=\"size-large wp-image-327523\" src=\"https:\/\/www.bkwine.com\/wp-content\/uploads\/2016\/03\/Bordeaux-vinerna-distrikten-producenterna-545x900.jpg\" alt=\"Bordeaux, vinerna, distrikten, producenterna, vinboken om bordeaux viner\" width=\"545\" height=\"900\" srcset=\"https:\/\/www.bkwine.com\/wp-content\/uploads\/2016\/03\/Bordeaux-vinerna-distrikten-producenterna-545x900.jpg 545w, https:\/\/www.bkwine.com\/wp-content\/uploads\/2016\/03\/Bordeaux-vinerna-distrikten-producenterna-273x450.jpg 273w, https:\/\/www.bkwine.com\/wp-content\/uploads\/2016\/03\/Bordeaux-vinerna-distrikten-producenterna-364x600.jpg 364w, https:\/\/www.bkwine.com\/wp-content\/uploads\/2016\/03\/Bordeaux-vinerna-distrikten-producenterna.jpg 1489w\" sizes=\"(max-width: 545px) 100vw, 545px\" \/><figcaption id=\"caption-attachment-327523\" class=\"wp-caption-text\">Bordeaux, vinerna, distrikten, producenterna, vinboken om Bordeaux viner<\/figcaption><\/figure>\n","protected":false},"excerpt":{"rendered":"<p>Bordeaux, vinerna, distrikten, producenterna \u00e4r en oumb\u00e4rlig guide f\u00f6r dig som vill veta mer om detta v\u00e4rldsber\u00f6mda vindistrikt, dess viner och vinproducenter. Den ing\u00e5r i serien Guide till vinets v\u00e4rld och \u00e4r skriven av Britt Karlsson och Per Karlsson, flerfaldigt prisbel\u00f6nta vinboksf\u00f6rfattare. Boken \u00e4r i l\u00e4tthanterligt pocketformat och rikt illustrerad, men samtidigt fylld av fakta, [&hellip;]<\/p>\n","protected":false},"author":3,"featured_media":327523,"parent":327524,"menu_order":0,"comment_status":"open","ping_status":"open","template":"","meta":{"footnotes":""},"class_list":["post-327526","page","type-page","status-publish","has-post-thumbnail","hentry"],"_links":{"self":[{"href":"https:\/\/www.bkwine.com\/sv\/wp-json\/wp\/v2\/pages\/327526","targetHints":{"allow":["GET"]}}],"collection":[{"href":"https:\/\/www.bkwine.com\/sv\/wp-json\/wp\/v2\/pages"}],"about":[{"href":"https:\/\/www.bkwine.com\/sv\/wp-json\/wp\/v2\/types\/page"}],"author":[{"embeddable":true,"href":"https:\/\/www.bkwine.com\/sv\/wp-json\/wp\/v2\/users\/3"}],"replies":[{"embeddable":true,"href":"https:\/\/www.bkwine.com\/sv\/wp-json\/wp\/v2\/comments?post=327526"}],"version-history":[{"count":0,"href":"https:\/\/www.bkwine.com\/sv\/wp-json\/wp\/v2\/pages\/327526\/revisions"}],"up":[{"embeddable":true,"href":"https:\/\/www.bkwine.com\/sv\/wp-json\/wp\/v2\/pages\/327524"}],"wp:featuredmedia":[{"embeddable":true,"href":"https:\/\/www.bkwine.com\/sv\/wp-json\/wp\/v2\/media\/327523"}],"wp:attachment":[{"href":"https:\/\/www.bkwine.com\/sv\/wp-json\/wp\/v2\/media?parent=327526"}],"curies":[{"name":"wp","href":"https:\/\/api.w.org\/{rel}","templated":true}]}}