{"id":323094,"date":"2015-08-17T19:17:16","date_gmt":"2015-08-17T17:17:16","guid":{"rendered":"https:\/\/www.bkwine.com\/?page_id=323094"},"modified":"2015-08-17T19:20:40","modified_gmt":"2015-08-17T17:20:40","slug":"tobias-karlsson","status":"publish","type":"page","link":"https:\/\/www.bkwine.com\/sv\/om\/bkwine-magazine\/skribenter\/tobias-karlsson\/","title":{"rendered":"Tobias Karlsson"},"content":{"rendered":"<p>Tobias Karlsson skriver for BKWine Magazine om provningar hos vinhandlare och vinimport\u00f6rer i Sverige.<\/p>\n<ul>\n<li>L\u00e4s alla <a title=\"Tobias Karlssons artiklar h\u00e4r\" href=\"https:\/\/www.bkwine.com\/sv\/author\/tobiaskarlsson\/\">Tobias Karlssons artiklar h\u00e4r<\/a>.<\/li>\n<li>L\u00e4s alla <a title=\"artiklar av Tobias Karlsson p\u00e5 engelska p\u00e5 BKWine Magazine h\u00e4r\" href=\"https:\/\/www.bkwine.com\/author\/tobiaskarlsson\/\">Tobias Karlsson artiklar p\u00e5 engelska h\u00e4r<\/a>.<\/li>\n<\/ul>\n<p>(En del artiklar finns bara p\u00e5 ett av spr\u00e5ken s\u00e5 titta p\u00e5 b\u00e5da.)<\/p>\n<p>[divider]<\/p>\n","protected":false},"excerpt":{"rendered":"<p>Tobias Karlsson skriver for BKWine Magazine om provningar hos vinhandlare och vinimport\u00f6rer i Sverige. L\u00e4s alla Tobias Karlssons artiklar h\u00e4r. L\u00e4s alla Tobias Karlsson artiklar p\u00e5 engelska h\u00e4r. (En del artiklar finns bara p\u00e5 ett av spr\u00e5ken s\u00e5 titta p\u00e5 b\u00e5da.) [divider]<\/p>\n","protected":false},"author":3,"featured_media":0,"parent":4198,"menu_order":0,"comment_status":"open","ping_status":"open","template":"","meta":{"footnotes":""},"class_list":["post-323094","page","type-page","status-publish","hentry"],"_links":{"self":[{"href":"https:\/\/www.bkwine.com\/sv\/wp-json\/wp\/v2\/pages\/323094","targetHints":{"allow":["GET"]}}],"collection":[{"href":"https:\/\/www.bkwine.com\/sv\/wp-json\/wp\/v2\/pages"}],"about":[{"href":"https:\/\/www.bkwine.com\/sv\/wp-json\/wp\/v2\/types\/page"}],"author":[{"embeddable":true,"href":"https:\/\/www.bkwine.com\/sv\/wp-json\/wp\/v2\/users\/3"}],"replies":[{"embeddable":true,"href":"https:\/\/www.bkwine.com\/sv\/wp-json\/wp\/v2\/comments?post=323094"}],"version-history":[{"count":0,"href":"https:\/\/www.bkwine.com\/sv\/wp-json\/wp\/v2\/pages\/323094\/revisions"}],"up":[{"embeddable":true,"href":"https:\/\/www.bkwine.com\/sv\/wp-json\/wp\/v2\/pages\/4198"}],"wp:attachment":[{"href":"https:\/\/www.bkwine.com\/sv\/wp-json\/wp\/v2\/media?parent=323094"}],"curies":[{"name":"wp","href":"https:\/\/api.w.org\/{rel}","templated":true}]}}