{"id":12006,"date":"2012-09-04T16:42:24","date_gmt":"2012-09-04T14:42:24","guid":{"rendered":"https:\/\/www.bkwine.com\/?page_id=12006"},"modified":"2013-06-22T11:51:28","modified_gmt":"2013-06-22T09:51:28","slug":"hakan-carlqvist","status":"publish","type":"page","link":"https:\/\/www.bkwine.com\/sv\/om\/bkwine-magazine\/skribenter\/hakan-carlqvist\/","title":{"rendered":"H\u00e5kan Carlqvist"},"content":{"rendered":"<p>H\u00e5kan Carlqvist\u00a0skriver p\u00e5 BKWine Magazine om provningar hos vinhandlare och vinimport\u00f6rer i Sverige.<\/p>\n<ul>\n<li>L\u00e4s alla\u00a0<a title=\"H\u00e5kan Carlqvists artiklar h\u00e4r\" href=\"https:\/\/www.bkwine.com\/sv\/author\/hakancarlqvist\/\">H\u00e5kan Carlqvists artiklar h\u00e4r<\/a>.<\/li>\n<\/ul>\n","protected":false},"excerpt":{"rendered":"<p>H\u00e5kan Carlqvist\u00a0skriver p\u00e5 BKWine Magazine om provningar hos vinhandlare och vinimport\u00f6rer i Sverige. L\u00e4s alla\u00a0H\u00e5kan Carlqvists artiklar h\u00e4r.<\/p>\n","protected":false},"author":3,"featured_media":0,"parent":4198,"menu_order":2,"comment_status":"open","ping_status":"open","template":"","meta":{"footnotes":""},"class_list":["post-12006","page","type-page","status-publish","hentry"],"_links":{"self":[{"href":"https:\/\/www.bkwine.com\/sv\/wp-json\/wp\/v2\/pages\/12006","targetHints":{"allow":["GET"]}}],"collection":[{"href":"https:\/\/www.bkwine.com\/sv\/wp-json\/wp\/v2\/pages"}],"about":[{"href":"https:\/\/www.bkwine.com\/sv\/wp-json\/wp\/v2\/types\/page"}],"author":[{"embeddable":true,"href":"https:\/\/www.bkwine.com\/sv\/wp-json\/wp\/v2\/users\/3"}],"replies":[{"embeddable":true,"href":"https:\/\/www.bkwine.com\/sv\/wp-json\/wp\/v2\/comments?post=12006"}],"version-history":[{"count":0,"href":"https:\/\/www.bkwine.com\/sv\/wp-json\/wp\/v2\/pages\/12006\/revisions"}],"up":[{"embeddable":true,"href":"https:\/\/www.bkwine.com\/sv\/wp-json\/wp\/v2\/pages\/4198"}],"wp:attachment":[{"href":"https:\/\/www.bkwine.com\/sv\/wp-json\/wp\/v2\/media?parent=12006"}],"curies":[{"name":"wp","href":"https:\/\/api.w.org\/{rel}","templated":true}]}}